{"id":74273,"date":"2023-04-19T07:49:55","date_gmt":"2023-04-19T05:49:55","guid":{"rendered":"https:\/\/eu.nutramarket.net\/polityka-doreczen-i-zwrotow\/"},"modified":"2023-10-26T11:47:09","modified_gmt":"2023-10-26T09:47:09","slug":"delivery-and-return-policy","status":"publish","type":"page","link":"https:\/\/eu.nutramarket.net\/hr\/delivery-and-return-policy\/","title":{"rendered":"Politika dostave i povrata"},"content":{"rendered":"<ol style=\"list-style-type: upper-roman;\" start=\"1\">\n<li style=\"font-weight: 400;\" aria-level=\"1\"><span style=\"font-weight: 400;\">OP\u0106E ODREDBE<\/span>\n<ol>\n<li style=\"font-weight: 400;\" aria-level=\"2\"><span style=\"font-weight: 400;\">U mjeri u kojoj nije obuhva\u0107eno ovom Politikom, primjenjivat \u0107e se odredbe Pravilnika.<\/span><\/li>\n<\/ol>\n<\/li>\n<li style=\"font-weight: 400;\" aria-level=\"1\"><span style=\"font-weight: 400;\">DOSTAVA PROIZVODA<\/span>\n<ol>\n<li style=\"font-weight: 400;\" aria-level=\"2\"><span style=\"font-weight: 400;\">Dostava proizvoda odvija se putem kurirske slu\u017ebe.<\/span><\/li>\n<li style=\"font-weight: 400;\" aria-level=\"2\"><span style=\"font-weight: 400;\">Tro\u0161kovi dostave prikazuju se prilikom slanja Narud\u017ebe. Ukoliko tro\u0161kovi dostave nisu prikazani, dostava je besplatna.<\/span><\/li>\n<li style=\"font-weight: 400;\" aria-level=\"2\"><span style=\"font-weight: 400;\">Standardna isporuka proizvoda odvija se u roku od 3 radna dana od datuma slanja narud\u017ebe (vrijeme obrade narud\u017ebe). Standardni rok isporuke je 3 radna dana od datuma otpreme (vrijeme isporuke). Kurir poku\u0161ava dva puta dostaviti po\u0161iljku, nakon \u010dega paket mo\u017ee \u010dekati da ga kupac preuzme na mjestu za preuzimanje paketa dostavne slu\u017ebe.<\/span><\/li>\n<li style=\"font-weight: 400;\" aria-level=\"2\"><span style=\"font-weight: 400;\">Ako Proizvodi nisu isporu\u010deni Kupcu, Prodavatelj poku\u0161ava stupiti u kontakt s Kupcem. Ponovno slanje se vr\u0161i o tro\u0161ku Kupca. U slu\u010daju neispravnosti po\u0161iljke, Prodavatelj ima pravo odustati od Ugovora. U tom slu\u010daju Prodavatelj Kupcu vra\u0107a iznos proizvoda, ako je pla\u0107en, umanjen za tro\u0161kove dostave.<\/span><\/li>\n<li style=\"font-weight: 400;\" aria-level=\"2\"><span style=\"font-weight: 400;\">Kupac je du\u017ean provjeriti Proizvode odmah nakon isporuke kako bi utvrdio nisu li Proizvodi bili o\u0161te\u0107eni u trenutku isporuke. Kupac snosi rizik slu\u010dajnog o\u0161te\u0107enja Proizvoda tijekom isporuke. U slu\u010daju o\u0161te\u0107enja proizvoda potrebno je odmah stupiti u kontakt s Prodavateljem. Kupac tako\u0111er mo\u017ee prijaviti kvar na temelju jamstva za proizvod.<\/span><\/li>\n<li style=\"font-weight: 400;\" aria-level=\"2\"><span style=\"font-weight: 400;\">U slu\u010daju Kupca koji nije Potro\u0161a\u010d, rizik od slu\u010dajnog o\u0161te\u0107enja ili gubitka proizvoda prelazi na Kupca u trenutku predaje Proizvoda prijevozniku.<\/span><\/li>\n<\/ol>\n<\/li>\n<li style=\"font-weight: 400;\" aria-level=\"1\"><span style=\"font-weight: 400;\">POVRAT ROBE<\/span>\n<ol>\n<li style=\"font-weight: 400;\" aria-level=\"2\"><span style=\"font-weight: 400;\">Odredbe o odustajanju od Ugovora i \u017ealbama nalaze se u Pravilniku.<\/span><\/li>\n<li style=\"font-weight: 400;\" aria-level=\"2\"><span style=\"font-weight: 400;\">U slu\u010daju povla\u010denja iz Ugovora, Potro\u0161a\u010d je du\u017ean o svom tro\u0161ku vratiti Proizvode Prodavatelju u roku od 14 dana od dana podno\u0161enja izjave o povla\u010denju iz Ugovora. Povrat proizvoda s pla\u0107anjem pouze\u0107em ne\u0107e biti prihva\u0107en.\u00a0Povrat treba uklju\u010divati sve artikle koje je Potro\u0161a\u010d primio od Prodavatelja, uklju\u010duju\u0107i artikle primljene besplatno kao dio poslane Narud\u017ebe.<\/span><\/li>\n<li style=\"font-weight: 400;\" aria-level=\"2\"><span style=\"font-weight: 400;\">Povrat se vr\u0161i u roku od 14 dana od datuma primitka povrata proizvoda od Potro\u0161a\u010da ili potvrde o slanju Proizvoda, ovisno o tome \u0161to se dogodi prije. Povrat se vr\u0161i na ra\u010dun s kojeg je izvr\u0161eno pla\u0107anje ili na drugi bankovni ra\u010dun koji navede Kupac. U slu\u010daju nedostatka podataka o bankovnom ra\u010dunu, Prodavatelj odmah zahtijeva dostavu podataka, a povrat se vr\u0161i u roku od 14 dana od njihove dostave. Ra\u010dun na koji se sredstva vra\u0107aju mora pripadati Kupcu ili osobi koja zastupa njegove interese i ima odgovaraju\u0107e ovla\u0161tenje.<\/span><\/li>\n<li style=\"font-weight: 400;\" aria-level=\"2\"><span style=\"font-weight: 400;\">Ako povrat na na\u010din naveden u stavku 4. nije mogu\u0107, Prodavatelj vr\u0161i povrat upla\u0107enih sredstava istim na\u010dinom pla\u0107anja koji je koristio Potro\u0161a\u010d, osim ako je Potro\u0161a\u010d izri\u010dito pristao na druga\u010diji na\u010din povrata, koji za njega ne uklju\u010duje nikakve tro\u0161kove.<\/span><\/li>\n<li style=\"font-weight: 400;\" aria-level=\"2\"><span style=\"font-weight: 400;\">Ukoliko uslijed prihva\u0107anja prigovora Kupcu treba izvr\u0161iti povrat sredstava, Prodavatelj \u0107e obavijestiti Kupca ho\u0107e li zahtijevati povrat Proizvoda prije povrata sredstava Kupcu. Povrat se vr\u0161i u roku od 14 dana od dana razmatranja pritu\u017ebe ili primitka Proizvoda od strane Prodavatelja. Odredbe \u010dl. 2-4 primjenjuju se u skladu s tim.<\/span><\/li>\n<li style=\"font-weight: 400;\" aria-level=\"2\"><span style=\"font-weight: 400;\">Ako, osim proizvoda, predmet narud\u017ebe su i vau\u010deri, obveza povrata uklju\u010duje i vau\u010dere.<\/span><\/li>\n<\/ol>\n<\/li>\n<\/ol>\n<ol style=\"list-style-type: upper-roman;\" start=\"1\">\n<li style=\"list-style-type: none;\"><\/li>\n<\/ol>\n","protected":false},"excerpt":{"rendered":"<p>OP\u0106E ODREDBE U mjeri u kojoj nije obuhva\u0107eno ovom Politikom, primjenjivat \u0107e se odredbe Pravilnika. DOSTAVA PROIZVODA Dostava proizvoda odvija se putem kurirske slu\u017ebe. Tro\u0161kovi dostave prikazuju se prilikom slanja Narud\u017ebe. Ukoliko tro\u0161kovi dostave nisu prikazani, dostava je besplatna. Standardna isporuka proizvoda odvija se u roku od 3 radna dana od datuma slanja narud\u017ebe (vrijeme [&hellip;]<\/p>\n","protected":false},"author":1,"featured_media":0,"parent":0,"menu_order":0,"comment_status":"closed","ping_status":"closed","template":"","meta":{"footnotes":""},"class_list":["post-74273","page","type-page","status-publish","hentry"],"_links":{"self":[{"href":"https:\/\/eu.nutramarket.net\/hr\/wp-json\/wp\/v2\/pages\/74273","targetHints":{"allow":["GET"]}}],"collection":[{"href":"https:\/\/eu.nutramarket.net\/hr\/wp-json\/wp\/v2\/pages"}],"about":[{"href":"https:\/\/eu.nutramarket.net\/hr\/wp-json\/wp\/v2\/types\/page"}],"author":[{"embeddable":true,"href":"https:\/\/eu.nutramarket.net\/hr\/wp-json\/wp\/v2\/users\/1"}],"replies":[{"embeddable":true,"href":"https:\/\/eu.nutramarket.net\/hr\/wp-json\/wp\/v2\/comments?post=74273"}],"version-history":[{"count":2,"href":"https:\/\/eu.nutramarket.net\/hr\/wp-json\/wp\/v2\/pages\/74273\/revisions"}],"predecessor-version":[{"id":109895,"href":"https:\/\/eu.nutramarket.net\/hr\/wp-json\/wp\/v2\/pages\/74273\/revisions\/109895"}],"wp:attachment":[{"href":"https:\/\/eu.nutramarket.net\/hr\/wp-json\/wp\/v2\/media?parent=74273"}],"curies":[{"name":"wp","href":"https:\/\/api.w.org\/{rel}","templated":true}]}}