{"id":74294,"date":"2023-04-19T07:44:36","date_gmt":"2023-04-19T05:44:36","guid":{"rendered":"https:\/\/eu.nutramarket.net\/polityka-prywatnosci-i-cookies\/"},"modified":"2023-10-26T11:43:50","modified_gmt":"2023-10-26T09:43:50","slug":"politika-privatnosti-i-kolacici","status":"publish","type":"page","link":"https:\/\/eu.nutramarket.net\/hr\/politika-privatnosti-i-kolacici\/","title":{"rendered":"Politika privatnosti i kola\u010di\u0107i"},"content":{"rendered":"<ol style=\"list-style-type: upper-roman;\" start=\"1\">\n<li style=\"font-weight: 400;\" aria-level=\"1\"><span style=\"font-weight: 400;\">DEFINICIJE<\/span>\n<ol>\n<li style=\"font-weight: 400;\" aria-level=\"2\"><span style=\"font-weight: 400;\">Administrator \u2013 subjekt naveden u Pravilniku;<\/span><\/li>\n<li style=\"font-weight: 400;\" aria-level=\"2\"><span style=\"font-weight: 400;\">Osobni podaci \u2013 sve informacije o fizi\u010dkoj osobi identificirane ili prepoznatljive prema jednom ili vi\u0161e specifi\u010dnih \u010dimbenika koji odre\u0111uju fizi\u010dki, fiziolo\u0161ki, genetski, mentalni, ekonomski, kulturni ili dru\u0161tveni identitet, uklju\u010duju\u0107i IP ure\u0111aja, podatke o lokaciji, mre\u017eni identifikator i informacije prikupljene putem kola\u010di\u0107a i drugih sli\u010dnih tehnologija;<\/span><\/li>\n<li style=\"font-weight: 400;\" aria-level=\"2\"><span style=\"font-weight: 400;\">Politika \u2013 ova Politika privatnosti;<\/span><\/li>\n<li style=\"font-weight: 400;\" aria-level=\"2\"><span style=\"font-weight: 400;\">GDPR \u2013 Uredba (EU) 2016\/679 Europskog parlamenta i Vije\u0107a od 27. travnja 2016. o za\u0161titi pojedinaca u vezi s obradom osobnih podataka i o slobodnom kretanju takvih podataka te o stavljanju izvan snage Direktive 95\/46\/EZ;<\/span><\/li>\n<li style=\"font-weight: 400;\" aria-level=\"2\"><span style=\"font-weight: 400;\">Korisnik \u2013 punoljetna fizi\u010dka osoba koja koristi Web-stranicu i koja ima punu pravnu sposobnost i uz suglasnost zakonskog zastupnika, maloljetna osoba ili osoba koja nema punu pravnu sposobnost;<\/span><\/li>\n<\/ol>\n<\/li>\n<\/ol>\n<ol style=\"list-style-type: upper-roman;\" start=\"2\">\n<li style=\"font-weight: 400;\" aria-level=\"1\"><span style=\"font-weight: 400;\">SVRHE OBRADE PODATAKA<\/span>\n<ol>\n<li style=\"font-weight: 400;\" aria-level=\"2\"><span style=\"font-weight: 400;\">Podaci, uklju\u010duju\u0107i osobne podatke Korisnika, prikupljaju se i obra\u0111uju u svrhu:<\/span>\n<ol>\n<li style=\"font-weight: 400;\" aria-level=\"3\"><span style=\"font-weight: 400;\">kori\u0161tenja Web-stranice;<\/span><\/li>\n<li style=\"font-weight: 400;\" aria-level=\"3\"><span style=\"font-weight: 400;\">slanja i izvr\u0161avanja Narud\u017ebi;<\/span><\/li>\n<li style=\"font-weight: 400;\" aria-level=\"3\"><span style=\"font-weight: 400;\">provo\u0111enja marketin\u0161kih aktivnosti, uklju\u010duju\u0107i kontekstualno ogla\u0161avanje i bihevioralno ogla\u0161avanje;<\/span><\/li>\n<li style=\"font-weight: 400;\" aria-level=\"3\"><span style=\"font-weight: 400;\">izravnog marketinga, ako je Korisnik pristao na to.<\/span><\/li>\n<\/ol>\n<\/li>\n<li style=\"font-weight: 400;\" aria-level=\"2\"><span style=\"font-weight: 400;\">Osobne podatke svih osoba koje koriste Web-stranicu (uklju\u010duju\u0107i IP adresu i podatke prikupljene putem kola\u010di\u0107a ili drugih sli\u010dnih tehnologija) Administrator obra\u0111uje:<\/span>\n<ol>\n<li style=\"font-weight: 400;\" aria-level=\"3\"><span style=\"font-weight: 400;\">u svrhu pru\u017eanja elektroni\u010dkih usluga na Web-stranici (\u010dlanak 6. stavak 1. to\u010dka b) GDPR-a);<\/span><\/li>\n<li style=\"font-weight: 400;\" aria-level=\"3\"><span style=\"font-weight: 400;\">za obradu narud\u017ebi poslanih na Web-stranici, uklju\u010duju\u0107i njihovo proslje\u0111ivanje Prodavatelju (\u010dlanak 6. stavak 1. to\u010dka b) GDPR-a);<\/span><\/li>\n<li style=\"font-weight: 400;\" aria-level=\"3\"><span style=\"font-weight: 400;\">za rje\u0161avanje reklamacija od strane Prodavatelja (\u010dlanak 6. stavak 1. to\u010dka b) GDPR-a);<\/span><\/li>\n<li style=\"font-weight: 400;\" aria-level=\"3\"><span style=\"font-weight: 400;\">za analiti\u010dke i statisti\u010dke svrhe (\u010dlanak 6. stavak 1. to\u010dka f) GDPR-a);<\/span><\/li>\n<li style=\"font-weight: 400;\" aria-level=\"3\"><span style=\"font-weight: 400;\">u svrhu provo\u0111enja kontekstualnog marketinga (\u010dlanak 6. stavak 1. to\u010dka f) GDPR-a);<\/span><\/li>\n<li style=\"font-weight: 400;\" aria-level=\"3\"><span style=\"font-weight: 400;\">za tehni\u010dke svrhe (\u010dlanak 6. stavak 1. to\u010dka f) GDPR-a).<\/span><\/li>\n<\/ol>\n<\/li>\n<li style=\"font-weight: 400;\" aria-level=\"2\"><span style=\"font-weight: 400;\">Slanje narud\u017ebe od strane Korisnika Web-stranice uklju\u010duje obradu njegovih osobnih podataka. Davanje podataka ozna\u010denih kao obvezni potrebno je za prihva\u0107anje i obradu narud\u017ebe. Slanjem narud\u017ebe od strane Korisnika zna\u010di da \u0107e osobni podaci Korisnika potrebni za provedbu narud\u017ebe biti dostupni Prodavatelju radi izvr\u0161enja ugovora. Osobni podaci se obra\u0111uju:<\/span>\n<ol>\n<li style=\"font-weight: 400;\" aria-level=\"3\"><span style=\"font-weight: 400;\">kako bi se izvr\u0161ila poslana narud\u017eba (\u010dlanak 6. stavak 1. to\u010dka b) GDPR-a);<\/span><\/li>\n<li style=\"font-weight: 400;\" aria-level=\"3\"><span style=\"font-weight: 400;\">kako bi se ispunile zakonske obveze Administratora i Prodavatelja (\u010dlanak 6. stavak 1. to\u010dka c) GDPR-a);<\/span><\/li>\n<li style=\"font-weight: 400;\" aria-level=\"3\"><span style=\"font-weight: 400;\">za analiti\u010dke i statisti\u010dke svrhe (\u010dlanak 6. stavak 1. to\u010dka f) GDPR-a);<\/span><\/li>\n<li style=\"font-weight: 400;\" aria-level=\"3\"><span style=\"font-weight: 400;\">u svrhu ostvarivanja zahtjeva (\u010dlanak 6. stavak 1. to\u010dka f) GDPR-a);<\/span><\/li>\n<li style=\"font-weight: 400;\" aria-level=\"3\"><span style=\"font-weight: 400;\">u svrhu ispitivanja zadovoljstva (\u010dlanak 6. stavak 1. to\u010dka f) GDPR-a).<\/span><\/li>\n<\/ol>\n<\/li>\n<li style=\"font-weight: 400;\" aria-level=\"2\"><span style=\"font-weight: 400;\">Administrator obra\u0111uje osobne podatke Korisnika u svrhu provo\u0111enja marketin\u0161kih aktivnosti koje se mogu sastojati od:<\/span>\n<ol>\n<li style=\"font-weight: 400;\" aria-level=\"3\"><span style=\"font-weight: 400;\">prikazivanja marketin\u0161kog sadr\u017eaja Korisniku koji nije prilago\u0111en njegovim preferencijama (\u010dlanak 6. stavak 1. to\u010dka f) GDPR-a);<\/span><\/li>\n<li style=\"font-weight: 400;\" aria-level=\"3\"><span style=\"font-weight: 400;\">slanja obavijesti e-po\u0161tom ili SMS-om o ponudama ili sadr\u017eajima, koji u nekim slu\u010dajevima sadr\u017ee komercijalne informacije, u okviru danog pristanka (\u010dlanak 6. stavak 1. to\u010dka f) GDPR-a).<\/span><\/li>\n<\/ol>\n<\/li>\n<\/ol>\n<\/li>\n<\/ol>\n<ol style=\"list-style-type: upper-roman;\" start=\"3\">\n<li style=\"font-weight: 400;\" aria-level=\"1\"><span style=\"font-weight: 400;\">KOLA\u010cI\u0106I<\/span>\n<ol>\n<li style=\"font-weight: 400;\" aria-level=\"2\"><span style=\"font-weight: 400;\">Kola\u010di\u0107i su male tekstualne datoteke instalirane na ure\u0111aju Korisnika koji pregledava Web-stranicu. Kola\u010di\u0107i prikupljaju informacije koje olak\u0161avaju kori\u0161tenje Web-stranice \u2013 npr. pam\u0107enjem korisnikovih posjeta Web-stranici i aktivnosti koje on obavlja.<\/span><\/li>\n<li style=\"font-weight: 400;\" aria-level=\"2\"><span style=\"font-weight: 400;\">Administrator koristi tzv. servisne kola\u010di\u0107e primarno zato da bi se Korisniku omogu\u0107ile usluge koje se pru\u017eaju elektroni\u010dkim putem i pobolj\u0161ala kvaliteta tih usluga. Stoga Administrator i drugi subjekti koji mu pru\u017eaju analiti\u010dke i statisti\u010dke usluge koriste kola\u010di\u0107e, pohranjuju informacije ili pristupaju informacijama koje su ve\u0107 pohranjene na krajnjem telekomunikacijskom ure\u0111aju Korisnika (ra\u010dunalo, telefon, tablet i dr.). Kola\u010di\u0107i koji se koriste u tu svrhu uklju\u010duju:<\/span>\n<ol>\n<li style=\"font-weight: 400;\" aria-level=\"3\"><span style=\"font-weight: 400;\">kola\u010di\u0107e s podacima koje je unio Korisnik (ID sesije) za vrijeme trajanja sesije (ang. <\/span><i><span style=\"font-weight: 400;\">user input cookies<\/span><\/i><span style=\"font-weight: 400;\">);<\/span><\/li>\n<li style=\"font-weight: 400;\" aria-level=\"3\"><span style=\"font-weight: 400;\">kola\u010di\u0107e za provjeru autenti\u010dnosti koji se koriste za usluge koje zahtijevaju provjeru autenti\u010dnosti tijekom trajanja sesije (ang. <\/span><i><span style=\"font-weight: 400;\">authentication cookies<\/span><\/i><span style=\"font-weight: 400;\">);<\/span><\/li>\n<li style=\"font-weight: 400;\" aria-level=\"3\"><span style=\"font-weight: 400;\">kola\u010di\u0107e koji se koriste za osiguranje sigurnosti, npr. koji se koriste za otkrivanje zlouporaba u podru\u010dju autentifikacije (ang. <\/span><i><span style=\"font-weight: 400;\">user centric security cookies<\/span><\/i><span style=\"font-weight: 400;\">);<\/span><\/li>\n<li style=\"font-weight: 400;\" aria-level=\"3\"><span style=\"font-weight: 400;\">sesijske kola\u010di\u0107e multimedijskih playera (npr. kola\u010di\u0107i flash playera), za vrijeme trajanja sesije (ang. <\/span><i><span style=\"font-weight: 400;\">multimedia player session cookies<\/span><\/i><span style=\"font-weight: 400;\">);<\/span><\/li>\n<li style=\"font-weight: 400;\" aria-level=\"3\"><span style=\"font-weight: 400;\">kola\u010di\u0107e koji se koriste za pra\u0107enje prometa na web-stranici.<\/span><\/li>\n<\/ol>\n<\/li>\n<li style=\"font-weight: 400;\" aria-level=\"2\"><span style=\"font-weight: 400;\">Administrator tako\u0111er koristi kola\u010di\u0107e u marketin\u0161ke svrhe. U tu svrhu Administrator pohranjuje informacije ili ostvaruje pristup informacijama koje su ve\u0107 pohranjene na krajnjem telekomunikacijskom ure\u0111aju Korisnika (ra\u010dunalo, telefon, tablet i sl.). Kori\u0161tenje kola\u010di\u0107a i osobnih podataka prikupljenih putem njih u marketin\u0161ke svrhe, posebno u podru\u010dju promicanja usluga i robe tre\u0107ih strana, zahtijeva pristanak Korisnika. Ovaj pristanak mo\u017ee se izraziti kroz odgovaraju\u0107u konfiguraciju preglednika, a tako\u0111er se mo\u017ee povu\u0107i u bilo kojem trenutku, posebno brisanjem povijesti kola\u010di\u0107a i onemogu\u0107avanjem kola\u010di\u0107a u postavkama preglednika.<\/span><\/li>\n<\/ol>\n<\/li>\n<\/ol>\n<ol style=\"list-style-type: upper-roman;\" start=\"4\">\n<li style=\"font-weight: 400;\" aria-level=\"1\"><span style=\"font-weight: 400;\">RAZDOBLJE OBRADE PODATAKA<\/span>\n<ol>\n<li style=\"font-weight: 400;\" aria-level=\"2\"><span style=\"font-weight: 400;\">Podaci se obra\u0111uju za vrijeme trajanja usluge ili izvr\u0161enja narud\u017ebe, do povla\u010denja privole ili podno\u0161enja pravomo\u0107nog prigovora na obradu podataka u slu\u010dajevima kada je pravna osnova za obradu podataka legitimni interes Administratora.<\/span><\/li>\n<li style=\"font-weight: 400;\" aria-level=\"2\"><span style=\"font-weight: 400;\">Razdoblje obrade podataka mo\u017ee se produljiti ako je obrada potrebna za utvr\u0111ivanje, ostvarivanje ili obranu pravnih zahtjeva, a nakon toga samo ako i u mjeri u kojoj to zahtijeva zakon. Nakon zavr\u0161etka razdoblja obrade, podaci se nepovratno bri\u0161u ili anonimiziraju.<\/span><\/li>\n<\/ol>\n<\/li>\n<\/ol>\n<ol style=\"list-style-type: upper-roman;\" start=\"5\">\n<li style=\"font-weight: 400;\" aria-level=\"1\"><span style=\"font-weight: 400;\">KORISNI\u010cKA DOPU\u0160TENJA<\/span>\n<ol>\n<li style=\"font-weight: 400;\" aria-level=\"2\"><span style=\"font-weight: 400;\">Pravo na informacije o obradi osobnih podataka \u2013 na temelju toga Administrator obrade pru\u017ea osobi, koja podnosi takav zahtjev, informacije o obradi osobnih podataka, posebno uklju\u010duju\u0107i svrhe i pravne osnove za obradu, opseg podataka koji se \u010duvaju, subjekte kojima se osobni podaci otkrivaju i planirani datum njihovog uklanjanja.<\/span><\/li>\n<li style=\"font-weight: 400;\" aria-level=\"2\"><span style=\"font-weight: 400;\">Pravo na dobivanje kopije podataka \u2013 na tom temelju Administrator dostavlja kopiju obra\u0111enih podataka o osobi koja podnosi zahtjev.<\/span><\/li>\n<li style=\"font-weight: 400;\" aria-level=\"2\"><span style=\"font-weight: 400;\">Pravo na ispravak \u2013 na tom temelju Administrator uklanja nedosljednosti ili pogre\u0161ke u vezi s obra\u0111enim osobnim podacima, te ih dopunjava ili a\u017eurira ako su nepotpuni ili promijenjeni.<\/span><\/li>\n<li style=\"font-weight: 400;\" aria-level=\"2\"><span style=\"font-weight: 400;\">Pravo na brisanje podataka \u2013 na tom temelju mo\u017eete zatra\u017eiti brisanje podataka \u010dija obrada vi\u0161e nije nu\u017ena za postizanje bilo koje svrhe za koju su prikupljeni.<\/span><\/li>\n<li style=\"font-weight: 400;\" aria-level=\"2\"><span style=\"font-weight: 400;\">Pravo na ograni\u010denje obrade \u2013 na temelju toga Administrator prestaje provoditi radnje na osobnim podacima, osim radnji na koje je nositelj podataka pristao i njihovog pohranjivanja, u skladu s donesenim pravilima o \u010duvanju podataka, ili dok ne prestanu postojati razlozi za ograni\u010denje obrade podataka (npr. odluka nadzornog tijela kojom se odobrava daljnja obrada podataka).<\/span><\/li>\n<li style=\"font-weight: 400;\" aria-level=\"2\"><span style=\"font-weight: 400;\">Pravo na prenosivost podataka \u2013 na tom temelju, u mjeri u kojoj se podaci obra\u0111uju u vezi sa sklopljenim ugovorom ili pristankom, Administrator pru\u017ea podatke koje je dostavio nositelj podataka u formatu koji im omogu\u0107uje da ih \u010dita ra\u010dunalo. Tako\u0111er je mogu\u0107e zatra\u017eiti da se ti podaci po\u0161alju drugom subjektu \u2013 me\u0111utim, pod uvjetom da postoje za to tehni\u010dke mogu\u0107nosti i od strane Administratora i od strane tog drugog subjekta.<\/span><\/li>\n<li style=\"font-weight: 400;\" aria-level=\"2\"><span style=\"font-weight: 400;\">Pravo na prigovor na obradu podataka u marketin\u0161ke svrhe \u2013 nositelj podataka u svakom trenutku mo\u017ee se usprotiviti obradi osobnih podataka u marketin\u0161ke svrhe.<\/span><\/li>\n<li style=\"font-weight: 400;\" aria-level=\"2\"><span style=\"font-weight: 400;\">Pravo na prigovor na obradu podataka u svrhe vezane uz ankete o zadovoljstvu \u2013 nositelj podataka mo\u017ee se u svakom trenutku usprotiviti obradi osobnih podataka u svrhe vezane uz ankete o zadovoljstvu.<\/span><\/li>\n<li style=\"font-weight: 400;\" aria-level=\"2\"><span style=\"font-weight: 400;\">Pravo na prigovor na druge svrhe obrade podataka \u2013 nositelj podataka mo\u017ee u bilo kojem trenutku ulo\u017eiti prigovor na obradu osobnih podataka na temelju legitimnog interesa Administratora (npr. za analiti\u010dke ili statisti\u010dke svrhe ili iz razloga vezanih uz za\u0161titu imovine). Prigovor u tom smislu treba sadr\u017eavati obrazlo\u017eenje i podlije\u017ee ocjeni Administratora.<\/span><\/li>\n<li style=\"font-weight: 400;\" aria-level=\"2\"><span style=\"font-weight: 400;\">Pravo na povla\u010denje privole \u2013 ako se podaci obra\u0111uju na temelju privole, nositelj podataka ima pravo istu povu\u0107i u bilo kojem trenutku, me\u0111utim, to ne utje\u010de na zakonitost obrade koja je provedena prije povla\u010denja ove privole.<\/span><\/li>\n<li style=\"font-weight: 400;\" aria-level=\"2\"><span style=\"font-weight: 400;\">Pravo na pritu\u017ebu \u2013 ako se utvrdi da obrada osobnih podataka kr\u0161i odredbe GDPR-a ili druge odredbe o za\u0161titi osobnih podataka, nositelj podataka mo\u017ee podnijeti pritu\u017ebu nadle\u017enom nacionalnom tijelu.<\/span><\/li>\n<li style=\"font-weight: 400;\" aria-level=\"2\"><span style=\"font-weight: 400;\">Zahtjev za ostvarivanje prava podnosi se na adresu Administratora navedenu u Pravilniku.<\/span><\/li>\n<\/ol>\n<\/li>\n<\/ol>\n<ol style=\"list-style-type: upper-roman;\" start=\"6\">\n<li style=\"font-weight: 400;\" aria-level=\"1\"><span style=\"font-weight: 400;\">PRIJENOS I SIGURNOST PODATAKA<\/span>\n<ol>\n<li style=\"font-weight: 400;\" aria-level=\"2\"><span style=\"font-weight: 400;\">U gore opisane svrhe, osobni podaci mogu se otkriti vanjskim subjektima, posebno uklju\u010duju\u0107i dobavlja\u010de, subjekte kao \u0161to su banke i operateri platnog prometa, subjekte koji pru\u017eaju ra\u010dunovodstvene, pravne, transportne, marketin\u0161ke usluge i subjekte povezane s Administratorom. U slu\u010daju slanja narud\u017ebe, podaci Korisnika bit \u0107e ustupljeni Prodavatelju radi sklapanja i izvr\u0161enja kupoprodajnog ugovora.<\/span><\/li>\n<li style=\"font-weight: 400;\" aria-level=\"2\"><span style=\"font-weight: 400;\">Osobni podaci Korisnika ne prenose se izvan EGP-a.<\/span><\/li>\n<li style=\"font-weight: 400;\" aria-level=\"2\"><span style=\"font-weight: 400;\">Administrator kontinuirano provodi analizu rizika kako bi osigurao da se osobni podaci kod njega obra\u0111uju na siguran na\u010din \u2013 osiguravaju\u0107i, prije svega, da samo ovla\u0161tene osobe imaju pristup podacima i samo u onoj mjeri u kojoj je to potrebno zbog uloge koju imaju. Administrator se brine da sve radnje s osobnim podacima budu evidentirane i da ih provode samo ovla\u0161teni djelatnici i suradnici.<\/span><\/li>\n<li style=\"font-weight: 400;\" aria-level=\"2\"><span style=\"font-weight: 400;\">Administrator poduzima sve potrebne radnje kako bi osigurao da njegovi podizvo\u0111a\u010di i drugi suradnici tako\u0111er jam\u010de primjenu odgovaraju\u0107ih sigurnosnih mjera kad god obra\u0111uju osobne podatke na zahtjev Administratora.<\/span><\/li>\n<\/ol>\n<\/li>\n<\/ol>\n<ol style=\"list-style-type: upper-roman;\" start=\"7\">\n<li style=\"font-weight: 400;\" aria-level=\"1\"><span style=\"font-weight: 400;\">ZAVR\u0160NE ODREDBE<\/span>\n<ol>\n<li style=\"font-weight: 400;\" aria-level=\"2\"><span style=\"font-weight: 400;\">Administrator zadr\u017eava pravo izmjene ove Politike.<\/span><\/li>\n<li style=\"font-weight: 400;\" aria-level=\"2\"><span style=\"font-weight: 400;\">U skladu s op\u0107e primjenjivim odredbama zakona, pravo koje se primjenjuje na ovu Politiku je pravo registriranog sjedi\u0161ta Administratora.<\/span><\/li>\n<\/ol>\n<\/li>\n<\/ol>\n","protected":false},"excerpt":{"rendered":"<p>DEFINICIJE Administrator \u2013 subjekt naveden u Pravilniku; Osobni podaci \u2013 sve informacije o fizi\u010dkoj osobi identificirane ili prepoznatljive prema jednom ili vi\u0161e specifi\u010dnih \u010dimbenika koji odre\u0111uju fizi\u010dki, fiziolo\u0161ki, genetski, mentalni, ekonomski, kulturni ili dru\u0161tveni identitet, uklju\u010duju\u0107i IP ure\u0111aja, podatke o lokaciji, mre\u017eni identifikator i informacije prikupljene putem kola\u010di\u0107a i drugih sli\u010dnih tehnologija; Politika \u2013 ova [&hellip;]<\/p>\n","protected":false},"author":1,"featured_media":0,"parent":0,"menu_order":0,"comment_status":"closed","ping_status":"closed","template":"","meta":{"footnotes":""},"class_list":["post-74294","page","type-page","status-publish","hentry"],"_links":{"self":[{"href":"https:\/\/eu.nutramarket.net\/hr\/wp-json\/wp\/v2\/pages\/74294","targetHints":{"allow":["GET"]}}],"collection":[{"href":"https:\/\/eu.nutramarket.net\/hr\/wp-json\/wp\/v2\/pages"}],"about":[{"href":"https:\/\/eu.nutramarket.net\/hr\/wp-json\/wp\/v2\/types\/page"}],"author":[{"embeddable":true,"href":"https:\/\/eu.nutramarket.net\/hr\/wp-json\/wp\/v2\/users\/1"}],"replies":[{"embeddable":true,"href":"https:\/\/eu.nutramarket.net\/hr\/wp-json\/wp\/v2\/comments?post=74294"}],"version-history":[{"count":3,"href":"https:\/\/eu.nutramarket.net\/hr\/wp-json\/wp\/v2\/pages\/74294\/revisions"}],"predecessor-version":[{"id":109894,"href":"https:\/\/eu.nutramarket.net\/hr\/wp-json\/wp\/v2\/pages\/74294\/revisions\/109894"}],"wp:attachment":[{"href":"https:\/\/eu.nutramarket.net\/hr\/wp-json\/wp\/v2\/media?parent=74294"}],"curies":[{"name":"wp","href":"https:\/\/api.w.org\/{rel}","templated":true}]}}