{"id":109698,"date":"2023-06-28T07:36:39","date_gmt":"2023-06-28T05:36:39","guid":{"rendered":"https:\/\/eu.nutramarket.net\/product\/beauty-eyes\/"},"modified":"2023-10-26T12:55:05","modified_gmt":"2023-10-26T10:55:05","slug":"beauty-eyes","status":"publish","type":"product","link":"https:\/\/eu.nutramarket.net\/hr\/proizvod\/beauty-eyes\/","title":{"rendered":"Beauty Eyes"},"content":{"rendered":"<p><span style=\"font-weight: 400;\">Proizvod namijenjen osobama koje:<\/span><\/p>\n<ul>\n<li style=\"font-weight: 400;\" aria-level=\"1\"><span style=\"font-weight: 400;\">\u017eele oja\u010dati i podebljati svoje trepavice i obrve<\/span><\/li>\n<li style=\"font-weight: 400;\" aria-level=\"1\"><span style=\"font-weight: 400;\">\u017eele ubrzati rast trepavica i obrva<\/span><\/li>\n<li style=\"font-weight: 400;\" aria-level=\"1\"><span style=\"font-weight: 400;\">\u017eele vidjeti rezultate nakon 15 dana redovite upotrebe<\/span><\/li>\n<li style=\"font-weight: 400;\" aria-level=\"1\"><span style=\"font-weight: 400;\">imaju osjetljive o\u010di i nose kontaktne le\u0107e<\/span><\/li>\n<\/ul>\n","protected":false},"excerpt":{"rendered":"<p><span style=\"font-weight: 400;\">Serum za stimulaciju rasta trepavica i obrva<\/span><span style=\"font-weight: 400;\"><br \/>\n<\/span><span style=\"font-weight: 400;\">7 ml<\/span><\/p>\n<p><span style=\"font-weight: 400;\">GetShape Beauty Eyes je sredstvo za njegu namijenjeno osobama koje \u017eele urediti svoje obrve i trepavice. Pomno razvijena formula preparata sprje\u010dava gubitak trepavica i obrva te ubrzava njihov rast. Osim toga, preparat daje trepavicama gusto\u0107u i volumen te ih deblja pa dodaje sjaj trepavicama i obrvama. Mogu ga koristiti i osobe koje koriste kontaktne le\u0107e te osobe s osjetljivim o\u010dima.<\/span><\/p>\n","protected":false},"featured_media":19093,"template":"","meta":[],"product_cat":[77],"product_tag":[],"class_list":{"0":"post-109698","1":"product","2":"type-product","3":"status-publish","4":"has-post-thumbnail","6":"product_cat-beauty-hr","8":"first","9":"instock","10":"shipping-taxable","11":"purchasable","12":"product-type-simple"},"_links":{"self":[{"href":"https:\/\/eu.nutramarket.net\/hr\/wp-json\/wp\/v2\/product\/109698","targetHints":{"allow":["GET"]}}],"collection":[{"href":"https:\/\/eu.nutramarket.net\/hr\/wp-json\/wp\/v2\/product"}],"about":[{"href":"https:\/\/eu.nutramarket.net\/hr\/wp-json\/wp\/v2\/types\/product"}],"wp:featuredmedia":[{"embeddable":true,"href":"https:\/\/eu.nutramarket.net\/hr\/wp-json\/wp\/v2\/media\/19093"}],"wp:attachment":[{"href":"https:\/\/eu.nutramarket.net\/hr\/wp-json\/wp\/v2\/media?parent=109698"}],"wp:term":[{"taxonomy":"product_cat","embeddable":true,"href":"https:\/\/eu.nutramarket.net\/hr\/wp-json\/wp\/v2\/product_cat?post=109698"},{"taxonomy":"product_tag","embeddable":true,"href":"https:\/\/eu.nutramarket.net\/hr\/wp-json\/wp\/v2\/product_tag?post=109698"}],"curies":[{"name":"wp","href":"https:\/\/api.w.org\/{rel}","templated":true}]}}