{"id":109706,"date":"2023-06-28T07:30:28","date_gmt":"2023-06-28T05:30:28","guid":{"rendered":"https:\/\/eu.nutramarket.net\/product\/vigaman\/"},"modified":"2023-10-26T13:12:09","modified_gmt":"2023-10-26T11:12:09","slug":"vigaman","status":"publish","type":"product","link":"https:\/\/eu.nutramarket.net\/hr\/proizvod\/vigaman\/","title":{"rendered":"Vigaman"},"content":{"rendered":"<p><span style=\"font-weight: 400;\">Proizvod je namijenjen mu\u0161karcima koji \u017eele:<\/span><\/p>\n<ul>\n<li style=\"font-weight: 400;\" aria-level=\"1\"><span style=\"font-weight: 400;\">odr\u017eavati odgovaraju\u0107u razinu seksualne aktivnosti<\/span><\/li>\n<li style=\"font-weight: 400;\" aria-level=\"1\"><span style=\"font-weight: 400;\">podr\u017eati pravilan tijek spermatogeneze<\/span><\/li>\n<li style=\"font-weight: 400;\" aria-level=\"1\"><span style=\"font-weight: 400;\">podr\u017eati fizi\u010dku i mentalnu kondiciju<\/span><\/li>\n<li style=\"font-weight: 400;\" aria-level=\"1\"><span style=\"font-weight: 400;\">sveobuhvatno brinuti o zdravlju i vitalnosti<\/span><\/li>\n<\/ul>\n","protected":false},"excerpt":{"rendered":"<p><span style=\"font-weight: 400;\">\u0160ume\u0107e tablete za mu\u0161karce koji \u017eele sveobuhvatno brinuti o svom zdravlju<\/span><span style=\"font-weight: 400;\"><br \/>\n<\/span><span style=\"font-weight: 400;\">20 tableta<\/span><\/p>\n<p><span style=\"font-weight: 400;\">Vigaman je dodatak prehrani stvoren za mu\u0161karce koji vole u\u017eivati u \u017eivotu punim plu\u0107ima. Aktivni sastojci omogu\u0107uju odr\u017eavanje vitalnosti i podr\u017eavaju fizi\u010dku i mentalnu kondiciju. Preparat podr\u017eava seksualnu aktivnost, osiguravaju\u0107i ispravnu razinu testosterona.<\/span><\/p>\n","protected":false},"featured_media":19088,"template":"","meta":[],"product_cat":[86],"product_tag":[],"class_list":{"0":"post-109706","1":"product","2":"type-product","3":"status-publish","4":"has-post-thumbnail","6":"product_cat-well-being-hr","8":"first","9":"instock","10":"shipping-taxable","11":"purchasable","12":"product-type-simple"},"_links":{"self":[{"href":"https:\/\/eu.nutramarket.net\/hr\/wp-json\/wp\/v2\/product\/109706","targetHints":{"allow":["GET"]}}],"collection":[{"href":"https:\/\/eu.nutramarket.net\/hr\/wp-json\/wp\/v2\/product"}],"about":[{"href":"https:\/\/eu.nutramarket.net\/hr\/wp-json\/wp\/v2\/types\/product"}],"wp:featuredmedia":[{"embeddable":true,"href":"https:\/\/eu.nutramarket.net\/hr\/wp-json\/wp\/v2\/media\/19088"}],"wp:attachment":[{"href":"https:\/\/eu.nutramarket.net\/hr\/wp-json\/wp\/v2\/media?parent=109706"}],"wp:term":[{"taxonomy":"product_cat","embeddable":true,"href":"https:\/\/eu.nutramarket.net\/hr\/wp-json\/wp\/v2\/product_cat?post=109706"},{"taxonomy":"product_tag","embeddable":true,"href":"https:\/\/eu.nutramarket.net\/hr\/wp-json\/wp\/v2\/product_tag?post=109706"}],"curies":[{"name":"wp","href":"https:\/\/api.w.org\/{rel}","templated":true}]}}