{"id":109731,"date":"2023-06-28T07:23:55","date_gmt":"2023-06-28T05:23:55","guid":{"rendered":"https:\/\/eu.nutramarket.net\/product\/menmax\/"},"modified":"2023-10-26T13:05:28","modified_gmt":"2023-10-26T11:05:28","slug":"menmax","status":"publish","type":"product","link":"https:\/\/eu.nutramarket.net\/hr\/proizvod\/menmax\/","title":{"rendered":"Menmax"},"content":{"rendered":"<p><span style=\"font-weight: 400;\">Proizvod je namijenjen mu\u0161karcima koji:\u00a0<\/span><\/p>\n<ul>\n<li style=\"font-weight: 400;\" aria-level=\"1\"><span style=\"font-weight: 400;\">\u017eele podr\u017eati svoje seksualne sposobnosti i seksualnu \u017eelju<\/span><\/li>\n<li style=\"font-weight: 400;\" aria-level=\"1\"><span style=\"font-weight: 400;\">\u017eele nadopuniti razinu L-arginina<\/span><\/li>\n<li style=\"font-weight: 400;\" aria-level=\"1\"><span style=\"font-weight: 400;\">\u017eele poja\u010dati imunitet<\/span><\/li>\n<\/ul>\n","protected":false},"excerpt":{"rendered":"<p><span style=\"font-weight: 400;\">Kapsule za mu\u0161karce koji \u017eele u\u017eivati u seksu<\/span><span style=\"font-weight: 400;\"><br \/>\n<\/span><span style=\"font-weight: 400;\">60 kapsula<\/span><\/p>\n<p><span style=\"font-weight: 400;\">MenMax je dodatak prehrani koji je stvoren za mu\u0161karce koji \u017eele u\u017eivati u \u017eivotu punim plu\u0107ima. Kapsule podr\u017eavaju potenciju i stimuliraju. Tako\u0111er poma\u017eu u ja\u010danju prirodnih obrambenih mehanizma organizma. Osnovni sastojak preparata je L-arginin. Zemaljski babin zub potpoma\u017ee spolne \u017eelje i seksualne sposobnosti.<\/span><\/p>\n","protected":false},"featured_media":19086,"template":"","meta":[],"product_cat":[86],"product_tag":[],"class_list":{"0":"post-109731","1":"product","2":"type-product","3":"status-publish","4":"has-post-thumbnail","6":"product_cat-well-being-hr","8":"first","9":"instock","10":"shipping-taxable","11":"purchasable","12":"product-type-simple"},"_links":{"self":[{"href":"https:\/\/eu.nutramarket.net\/hr\/wp-json\/wp\/v2\/product\/109731","targetHints":{"allow":["GET"]}}],"collection":[{"href":"https:\/\/eu.nutramarket.net\/hr\/wp-json\/wp\/v2\/product"}],"about":[{"href":"https:\/\/eu.nutramarket.net\/hr\/wp-json\/wp\/v2\/types\/product"}],"wp:featuredmedia":[{"embeddable":true,"href":"https:\/\/eu.nutramarket.net\/hr\/wp-json\/wp\/v2\/media\/19086"}],"wp:attachment":[{"href":"https:\/\/eu.nutramarket.net\/hr\/wp-json\/wp\/v2\/media?parent=109731"}],"wp:term":[{"taxonomy":"product_cat","embeddable":true,"href":"https:\/\/eu.nutramarket.net\/hr\/wp-json\/wp\/v2\/product_cat?post=109731"},{"taxonomy":"product_tag","embeddable":true,"href":"https:\/\/eu.nutramarket.net\/hr\/wp-json\/wp\/v2\/product_tag?post=109731"}],"curies":[{"name":"wp","href":"https:\/\/api.w.org\/{rel}","templated":true}]}}