{"id":109740,"date":"2023-05-11T10:33:18","date_gmt":"2023-05-11T08:33:18","guid":{"rendered":"https:\/\/eu.nutramarket.net\/product\/fenecard\/"},"modified":"2023-10-26T13:03:55","modified_gmt":"2023-10-26T11:03:55","slug":"fenecard","status":"publish","type":"product","link":"https:\/\/eu.nutramarket.net\/hr\/proizvod\/fenecard\/","title":{"rendered":"Fenecard"},"content":{"rendered":"<p><span style=\"font-weight: 400;\">Proizvod namijenjen osobama koje:\u00a0<\/span><\/p>\n<ul>\n<li style=\"font-weight: 400;\" aria-level=\"1\"><span style=\"font-weight: 400;\">\u017eele se pobrinuti za pravilan rad srca (glog)<\/span><\/li>\n<li style=\"font-weight: 400;\" aria-level=\"1\"><span style=\"font-weight: 400;\">\u017eele potpomo\u0107i odr\u017eavanje ravnote\u017ee elektrolita (magnezij)<\/span><\/li>\n<li style=\"font-weight: 400;\" aria-level=\"1\"><span style=\"font-weight: 400;\">\u017eele podr\u017eati proizvodnju crvenih krvnih stanica (vitamin B6)<\/span><\/li>\n<li style=\"font-weight: 400;\" aria-level=\"1\"><span style=\"font-weight: 400;\">\u017eele potpomo\u0107i odr\u017eavanje normalnog krvnog tlaka (kalij)<\/span><\/li>\n<li style=\"font-weight: 400;\" aria-level=\"1\"><span style=\"font-weight: 400;\">\u017eele se pobrinuti za pravilno funkcioniranje mi\u0161i\u0107a (magnezij i kalij)<\/span><\/li>\n<\/ul>\n","protected":false},"excerpt":{"rendered":"<p><span style=\"font-weight: 400;\">Tablete koje potpoma\u017eu rad srca i krvo\u017eilnog sustava<\/span><span style=\"font-weight: 400;\"><br \/>\n<\/span><span style=\"font-weight: 400;\">60 tableta<\/span><\/p>\n<p><span style=\"font-weight: 400;\">Fenecard je dodatak prehrani za osobe koje \u017eele brinuti o vitalnosti svog organizma. Preporu\u010duje se svima koji su izlo\u017eeni stresu, imaju manju tjelesnu aktivnost ili su u godinama. Sastojci sadr\u017eani u Fenecardu mogu potpomo\u0107i rad srca i osigurati pravilan krvni tlak. Tako\u0111er podr\u017eavaju pravilan rad mi\u0161i\u0107a i odr\u017eavanje ravnote\u017ee elektrolita.<\/span><\/p>\n","protected":false},"featured_media":14036,"template":"","meta":[],"product_cat":[86],"product_tag":[],"class_list":{"0":"post-109740","1":"product","2":"type-product","3":"status-publish","4":"has-post-thumbnail","6":"product_cat-well-being-hr","8":"first","9":"instock","10":"shipping-taxable","11":"purchasable","12":"product-type-simple"},"_links":{"self":[{"href":"https:\/\/eu.nutramarket.net\/hr\/wp-json\/wp\/v2\/product\/109740","targetHints":{"allow":["GET"]}}],"collection":[{"href":"https:\/\/eu.nutramarket.net\/hr\/wp-json\/wp\/v2\/product"}],"about":[{"href":"https:\/\/eu.nutramarket.net\/hr\/wp-json\/wp\/v2\/types\/product"}],"wp:featuredmedia":[{"embeddable":true,"href":"https:\/\/eu.nutramarket.net\/hr\/wp-json\/wp\/v2\/media\/14036"}],"wp:attachment":[{"href":"https:\/\/eu.nutramarket.net\/hr\/wp-json\/wp\/v2\/media?parent=109740"}],"wp:term":[{"taxonomy":"product_cat","embeddable":true,"href":"https:\/\/eu.nutramarket.net\/hr\/wp-json\/wp\/v2\/product_cat?post=109740"},{"taxonomy":"product_tag","embeddable":true,"href":"https:\/\/eu.nutramarket.net\/hr\/wp-json\/wp\/v2\/product_tag?post=109740"}],"curies":[{"name":"wp","href":"https:\/\/api.w.org\/{rel}","templated":true}]}}