{"id":109756,"date":"2023-05-09T13:50:34","date_gmt":"2023-05-09T11:50:34","guid":{"rendered":"https:\/\/eu.nutramarket.net\/product\/activestin\/"},"modified":"2024-07-18T15:15:35","modified_gmt":"2024-07-18T13:15:35","slug":"fizzburn","status":"publish","type":"product","link":"https:\/\/eu.nutramarket.net\/hr\/proizvod\/fizzburn\/","title":{"rendered":"FizzBurn"},"content":{"rendered":"<p><span style=\"font-weight: 400;\">Proizvod namijenjen osobama koje:<\/span><\/p>\n<ul>\n<li style=\"font-weight: 400;\" aria-level=\"1\"><span style=\"font-weight: 400;\">tra\u017ee pomo\u0107 tijekom procesa mr\u0161avljenja<\/span><\/li>\n<li style=\"font-weight: 400;\" aria-level=\"1\"><span style=\"font-weight: 400;\">tra\u017ee alternativu tabletama\/kapsulama<\/span><\/li>\n<li style=\"font-weight: 400;\" aria-level=\"1\"><span style=\"font-weight: 400;\">trebaju vi\u0161e energije<\/span><\/li>\n<li style=\"font-weight: 400;\" aria-level=\"1\"><span style=\"font-weight: 400;\">daju prednost proizvodima s visokim sadr\u017eajem aktivnih tvari i vi\u0161estrukim djelovanjem<\/span><\/li>\n<\/ul>\n","protected":false},"excerpt":{"rendered":"<p><span style=\"font-weight: 400;\">\u0160ume\u0107e tablete koje potpoma\u017eu proces mr\u0161avljenja<\/span><span style=\"font-weight: 400;\"><br \/>\n<\/span><span style=\"font-weight: 400;\">20 tableta<\/span><\/p>\n<p><span style=\"font-weight: 400;\">FizzBurn je dodatak prehrani namijenjen osobama koje tra\u017ee pomo\u0107 u procesu mr\u0161avljenja. Kako bi njihova upotreba bila \u0161to jednostavnija, dolazi u obliku \u0161ume\u0107ih tableta s okusom naran\u010de, \u0161to ne samo da olak\u0161ava njihovo uzimanje, ve\u0107 omogu\u0107uje i dodatnu hidrataciju. Preparat sadr\u017ei, izme\u0111u ostalog, taurin, koji ima blagotvorna svojstva \u2013 npr. utjecaj na izvedbu i proces sagorijevanja masti tijekom vje\u017ebanja. Ostali sastojci podupiru pravilan rad mi\u0161i\u0107a, doprinose smanjenju umora i iscrpljenosti te odr\u017eavaju energetski metabolizam na pravilnoj razini.<\/span><\/p>\n","protected":false},"featured_media":223668,"template":"","meta":[],"product_cat":[86],"product_tag":[],"class_list":{"0":"post-109756","1":"product","2":"type-product","3":"status-publish","4":"has-post-thumbnail","6":"product_cat-well-being-hr","8":"first","9":"instock","10":"shipping-taxable","11":"purchasable","12":"product-type-simple"},"_links":{"self":[{"href":"https:\/\/eu.nutramarket.net\/hr\/wp-json\/wp\/v2\/product\/109756","targetHints":{"allow":["GET"]}}],"collection":[{"href":"https:\/\/eu.nutramarket.net\/hr\/wp-json\/wp\/v2\/product"}],"about":[{"href":"https:\/\/eu.nutramarket.net\/hr\/wp-json\/wp\/v2\/types\/product"}],"wp:featuredmedia":[{"embeddable":true,"href":"https:\/\/eu.nutramarket.net\/hr\/wp-json\/wp\/v2\/media\/223668"}],"wp:attachment":[{"href":"https:\/\/eu.nutramarket.net\/hr\/wp-json\/wp\/v2\/media?parent=109756"}],"wp:term":[{"taxonomy":"product_cat","embeddable":true,"href":"https:\/\/eu.nutramarket.net\/hr\/wp-json\/wp\/v2\/product_cat?post=109756"},{"taxonomy":"product_tag","embeddable":true,"href":"https:\/\/eu.nutramarket.net\/hr\/wp-json\/wp\/v2\/product_tag?post=109756"}],"curies":[{"name":"wp","href":"https:\/\/api.w.org\/{rel}","templated":true}]}}