{"id":109764,"date":"2023-05-09T13:48:28","date_gmt":"2023-05-09T11:48:28","guid":{"rendered":"https:\/\/eu.nutramarket.net\/product\/yeslashes\/"},"modified":"2023-10-26T13:23:22","modified_gmt":"2023-10-26T11:23:22","slug":"yeslashes","status":"publish","type":"product","link":"https:\/\/eu.nutramarket.net\/hr\/proizvod\/yeslashes\/","title":{"rendered":"YESlashes"},"content":{"rendered":"<p><span style=\"font-weight: 400;\">Proizvod namijenjen osobama koje:<\/span><\/p>\n<ul>\n<li style=\"font-weight: 400;\" aria-level=\"1\"><span style=\"font-weight: 400;\">o\u010dekuju br\u017ei rast trepavica i obrva,<\/span><\/li>\n<li style=\"font-weight: 400;\" aria-level=\"1\"><span style=\"font-weight: 400;\">\u017eelite podebljati trepavice i obrve,<\/span><\/li>\n<li style=\"font-weight: 400;\" aria-level=\"1\"><span style=\"font-weight: 400;\">vole jednostavnu i prakti\u010dnu kozmetiku,<\/span><\/li>\n<li style=\"font-weight: 400;\" aria-level=\"1\"><span style=\"font-weight: 400;\">imaju osjetljive o\u010di i nose kontaktne le\u0107e.<\/span><\/li>\n<\/ul>\n","protected":false},"excerpt":{"rendered":"<p><span style=\"font-weight: 400;\">Gel za rast trepavica i obrva<\/span><span style=\"font-weight: 400;\"><br \/>\n<\/span><span style=\"font-weight: 400;\">10 ml<\/span><\/p>\n<p><span style=\"font-weight: 400;\">YESlashes je regenerator u obliku gela za sve koji \u017eele pospje\u0161iti rast svojih trepavica i obrva. Aktivni sastojci odabrani su tako da potaknu dla\u010dice na br\u017ei rast. Osim toga, u\u010dinak regeneratora mo\u017ee pomo\u0107i podebljanju obrva i trepavica te njihovom potamnjivanju. Zahvaljuju\u0107i tome, pogled \u0107e dobiti izra\u017eajnost, a lice karakter. Pakiranje podsje\u0107a na tradicionalnu maskaru, \u0161to olak\u0161ava kori\u0161tenje gela.<\/span><\/p>\n","protected":false},"featured_media":14048,"template":"","meta":[],"product_cat":[77],"product_tag":[],"class_list":{"0":"post-109764","1":"product","2":"type-product","3":"status-publish","4":"has-post-thumbnail","6":"product_cat-beauty-hr","8":"first","9":"instock","10":"shipping-taxable","11":"purchasable","12":"product-type-simple"},"_links":{"self":[{"href":"https:\/\/eu.nutramarket.net\/hr\/wp-json\/wp\/v2\/product\/109764","targetHints":{"allow":["GET"]}}],"collection":[{"href":"https:\/\/eu.nutramarket.net\/hr\/wp-json\/wp\/v2\/product"}],"about":[{"href":"https:\/\/eu.nutramarket.net\/hr\/wp-json\/wp\/v2\/types\/product"}],"wp:featuredmedia":[{"embeddable":true,"href":"https:\/\/eu.nutramarket.net\/hr\/wp-json\/wp\/v2\/media\/14048"}],"wp:attachment":[{"href":"https:\/\/eu.nutramarket.net\/hr\/wp-json\/wp\/v2\/media?parent=109764"}],"wp:term":[{"taxonomy":"product_cat","embeddable":true,"href":"https:\/\/eu.nutramarket.net\/hr\/wp-json\/wp\/v2\/product_cat?post=109764"},{"taxonomy":"product_tag","embeddable":true,"href":"https:\/\/eu.nutramarket.net\/hr\/wp-json\/wp\/v2\/product_tag?post=109764"}],"curies":[{"name":"wp","href":"https:\/\/api.w.org\/{rel}","templated":true}]}}