{"id":109773,"date":"2023-05-09T13:45:46","date_gmt":"2023-05-09T11:45:46","guid":{"rendered":"https:\/\/eu.nutramarket.net\/product\/perfecto-cream\/"},"modified":"2023-10-26T13:06:59","modified_gmt":"2023-10-26T11:06:59","slug":"perfecto-cream","status":"publish","type":"product","link":"https:\/\/eu.nutramarket.net\/hr\/proizvod\/perfecto-cream\/","title":{"rendered":"Perfecto Cream"},"content":{"rendered":"<p><span style=\"font-weight: 400;\">Proizvod namijenjen osobama koje:<\/span><\/p>\n<ul>\n<li style=\"font-weight: 400;\" aria-level=\"1\"><span style=\"font-weight: 400;\">\u017eele sveobuhvatno njegovati ko\u017eu zahva\u0107enu celulitom,<\/span><\/li>\n<li style=\"font-weight: 400;\" aria-level=\"1\"><span style=\"font-weight: 400;\">\u017eele pobolj\u0161ati izgled i stanje svoje ko\u017ee,<\/span><\/li>\n<li style=\"font-weight: 400;\" aria-level=\"1\"><span style=\"font-weight: 400;\">\u017eale se na vi\u0161ak masnog tkiva.<\/span><\/li>\n<\/ul>\n","protected":false},"excerpt":{"rendered":"<p><span style=\"font-weight: 400;\">Losion za tijelo s njeguju\u0107im i u\u010dvr\u0161\u0107uju\u0107im svojstvima<\/span><span style=\"font-weight: 400;\"><br \/>\n<\/span><span style=\"font-weight: 400;\">200 ml<\/span><\/p>\n<p><span style=\"font-weight: 400;\">Perfecto Cream je losion za sve koji brinu o njezi tijela i njegovom dobrom stanju. Va\u017ena karakteristika losiona jest njegov povoljan u\u010dinak na smanjenje celulita. Poma\u017ee u skidanju vi\u0161ka masnog tkiva. Zahvaljuju\u0107i bogatstvu sastojaka ko\u017ea je cijeli dan njegovana. Unato\u010d tome, njegova konzistencija je nje\u017ena i brzo se upija, \u0161to zna\u010di da se losion mo\u017ee koristiti ujutro i nave\u010der.<\/span><\/p>\n","protected":false},"featured_media":13954,"template":"","meta":[],"product_cat":[77],"product_tag":[],"class_list":{"0":"post-109773","1":"product","2":"type-product","3":"status-publish","4":"has-post-thumbnail","6":"product_cat-beauty-hr","8":"first","9":"instock","10":"shipping-taxable","11":"purchasable","12":"product-type-simple"},"_links":{"self":[{"href":"https:\/\/eu.nutramarket.net\/hr\/wp-json\/wp\/v2\/product\/109773","targetHints":{"allow":["GET"]}}],"collection":[{"href":"https:\/\/eu.nutramarket.net\/hr\/wp-json\/wp\/v2\/product"}],"about":[{"href":"https:\/\/eu.nutramarket.net\/hr\/wp-json\/wp\/v2\/types\/product"}],"wp:featuredmedia":[{"embeddable":true,"href":"https:\/\/eu.nutramarket.net\/hr\/wp-json\/wp\/v2\/media\/13954"}],"wp:attachment":[{"href":"https:\/\/eu.nutramarket.net\/hr\/wp-json\/wp\/v2\/media?parent=109773"}],"wp:term":[{"taxonomy":"product_cat","embeddable":true,"href":"https:\/\/eu.nutramarket.net\/hr\/wp-json\/wp\/v2\/product_cat?post=109773"},{"taxonomy":"product_tag","embeddable":true,"href":"https:\/\/eu.nutramarket.net\/hr\/wp-json\/wp\/v2\/product_tag?post=109773"}],"curies":[{"name":"wp","href":"https:\/\/api.w.org\/{rel}","templated":true}]}}