{"id":109782,"date":"2023-05-09T13:30:08","date_gmt":"2023-05-09T11:30:08","guid":{"rendered":"https:\/\/eu.nutramarket.net\/product\/trichomist-forte\/"},"modified":"2023-10-26T13:10:48","modified_gmt":"2023-10-26T11:10:48","slug":"trichomist-forte","status":"publish","type":"product","link":"https:\/\/eu.nutramarket.net\/hr\/proizvod\/trichomist-forte\/","title":{"rendered":"Trichomist Forte"},"content":{"rendered":"<p><span style=\"font-weight: 400;\">Proizvod namijenjen osobama koje imaju problema s:<\/span><\/p>\n<ul>\n<li style=\"font-weight: 400;\" aria-level=\"1\"><span style=\"font-weight: 400;\">ispadanjem kose,<\/span><\/li>\n<li style=\"font-weight: 400;\" aria-level=\"1\"><span style=\"font-weight: 400;\">nedostatkom volumena kose,<\/span><\/li>\n<li style=\"font-weight: 400;\" aria-level=\"1\"><span style=\"font-weight: 400;\">pretjerano masnim vlasi\u0161tem,<\/span><\/li>\n<li style=\"font-weight: 400;\" aria-level=\"1\"><span style=\"font-weight: 400;\">nezdravim izgledom kose,<\/span><\/li>\n<li style=\"font-weight: 400;\" aria-level=\"1\"><span style=\"font-weight: 400;\">osjetljivo\u0161\u0107u na mehani\u010dka o\u0161te\u0107enja.<\/span><\/li>\n<\/ul>\n","protected":false},"excerpt":{"rendered":"<p><span style=\"font-weight: 400;\">Sprej za rast kose<\/span><span style=\"font-weight: 400;\"><br \/>\n<\/span><span style=\"font-weight: 400;\">50 ml<\/span><\/p>\n<p><span style=\"font-weight: 400;\">Trichomist Forte je sredstvo za njegu u obliku spreja namijenjeno osobama koje se \u017eale na prekomjerno ispadanje kose. Zahvaljuju\u0107i bogatstvu aktivnih sastojaka, proizvod blagotvorno djeluje na kosu ubrzavaju\u0107i njen rast i sprje\u010davaju\u0107i gubitak kose. Osim toga, pove\u0107ava volumen kose, ja\u010da je, daje joj zdrav izgled i vra\u0107a sjaj.<\/span><\/p>\n","protected":false},"featured_media":13951,"template":"","meta":[],"product_cat":[77],"product_tag":[],"class_list":{"0":"post-109782","1":"product","2":"type-product","3":"status-publish","4":"has-post-thumbnail","6":"product_cat-beauty-hr","8":"first","9":"instock","10":"shipping-taxable","11":"purchasable","12":"product-type-simple"},"_links":{"self":[{"href":"https:\/\/eu.nutramarket.net\/hr\/wp-json\/wp\/v2\/product\/109782","targetHints":{"allow":["GET"]}}],"collection":[{"href":"https:\/\/eu.nutramarket.net\/hr\/wp-json\/wp\/v2\/product"}],"about":[{"href":"https:\/\/eu.nutramarket.net\/hr\/wp-json\/wp\/v2\/types\/product"}],"wp:featuredmedia":[{"embeddable":true,"href":"https:\/\/eu.nutramarket.net\/hr\/wp-json\/wp\/v2\/media\/13951"}],"wp:attachment":[{"href":"https:\/\/eu.nutramarket.net\/hr\/wp-json\/wp\/v2\/media?parent=109782"}],"wp:term":[{"taxonomy":"product_cat","embeddable":true,"href":"https:\/\/eu.nutramarket.net\/hr\/wp-json\/wp\/v2\/product_cat?post=109782"},{"taxonomy":"product_tag","embeddable":true,"href":"https:\/\/eu.nutramarket.net\/hr\/wp-json\/wp\/v2\/product_tag?post=109782"}],"curies":[{"name":"wp","href":"https:\/\/api.w.org\/{rel}","templated":true}]}}