{"id":109790,"date":"2023-04-19T07:58:37","date_gmt":"2023-04-19T05:58:37","guid":{"rendered":"https:\/\/eu.nutramarket.net\/product\/dr-merritz\/"},"modified":"2024-04-24T14:59:46","modified_gmt":"2024-04-24T12:59:46","slug":"dr-merritz","status":"publish","type":"product","link":"https:\/\/eu.nutramarket.net\/hr\/proizvod\/dr-merritz\/","title":{"rendered":"Dr. Merritz"},"content":{"rendered":"<p><span style=\"font-weight: 400;\">Proizvod namijenjen osobama koje:\u00a0<\/span><\/p>\n<ul>\n<li style=\"font-weight: 400;\" aria-level=\"1\"><span style=\"font-weight: 400;\">\u017dele regenerirati i oja\u010dati nokte<\/span><\/li>\n<li style=\"font-weight: 400;\" aria-level=\"1\"><span style=\"font-weight: 400;\">\u017dele pobolj\u0161ati stanje svojih noktiju<\/span><\/li>\n<li style=\"font-weight: 400;\" aria-level=\"1\"><span style=\"font-weight: 400;\">\u017dele pove\u0107ati otpornost noktiju na mehani\u010dka o\u0161te\u0107enja<\/span><\/li>\n<li style=\"font-weight: 400;\" aria-level=\"1\"><span style=\"font-weight: 400;\">\u017dele posti\u0107i u\u010dinak sjajnih i glatkih noktiju<\/span><\/li>\n<li style=\"font-weight: 400;\" aria-level=\"1\"><span style=\"font-weight: 400;\">\u017dele potaknuti rast plo\u010de nokta<\/span><\/li>\n<li style=\"font-weight: 400;\" aria-level=\"1\"><span style=\"font-weight: 400;\">Tra\u017ee proizvod koji, osim \u0161to njeguje, ima antibakterijska i antifungalna svojstva<\/span><\/li>\n<\/ul>\n","protected":false},"excerpt":{"rendered":"<p><span style=\"font-weight: 400;\">Regenerator za obnovu o\u0161te\u0107enih noktiju s antimikrobnim svojstvima<\/span><span style=\"font-weight: 400;\"><br \/>\n<\/span><span style=\"font-weight: 400;\">5 ml<\/span><\/p>\n<p><span style=\"font-weight: 400;\">Dr. Merritz je regenerator u prakti\u010dnom obliku laka za nokte. Kreiran je za osobe koje se bore s problemima noktiju na nogama i rukama. Lak ima antibakterijska i antifungalna svojstva. Mo\u017ee se koristiti i za pobolj\u0161anje stanja noktiju, njihovu regeneraciju i ja\u010danje. Kori\u0161tenje proizvoda mo\u017ee rezultirati sjajnim i glatkim noktima.<\/span><\/p>\n","protected":false},"featured_media":190332,"template":"","meta":[],"product_cat":[77],"product_tag":[],"class_list":{"0":"post-109790","1":"product","2":"type-product","3":"status-publish","4":"has-post-thumbnail","6":"product_cat-beauty-hr","8":"first","9":"instock","10":"shipping-taxable","11":"purchasable","12":"product-type-simple"},"_links":{"self":[{"href":"https:\/\/eu.nutramarket.net\/hr\/wp-json\/wp\/v2\/product\/109790","targetHints":{"allow":["GET"]}}],"collection":[{"href":"https:\/\/eu.nutramarket.net\/hr\/wp-json\/wp\/v2\/product"}],"about":[{"href":"https:\/\/eu.nutramarket.net\/hr\/wp-json\/wp\/v2\/types\/product"}],"wp:featuredmedia":[{"embeddable":true,"href":"https:\/\/eu.nutramarket.net\/hr\/wp-json\/wp\/v2\/media\/190332"}],"wp:attachment":[{"href":"https:\/\/eu.nutramarket.net\/hr\/wp-json\/wp\/v2\/media?parent=109790"}],"wp:term":[{"taxonomy":"product_cat","embeddable":true,"href":"https:\/\/eu.nutramarket.net\/hr\/wp-json\/wp\/v2\/product_cat?post=109790"},{"taxonomy":"product_tag","embeddable":true,"href":"https:\/\/eu.nutramarket.net\/hr\/wp-json\/wp\/v2\/product_tag?post=109790"}],"curies":[{"name":"wp","href":"https:\/\/api.w.org\/{rel}","templated":true}]}}