{"id":120037,"date":"2023-12-13T14:58:32","date_gmt":"2023-12-13T13:58:32","guid":{"rendered":"https:\/\/eu.nutramarket.net\/?post_type=product&#038;p=120037"},"modified":"2024-02-14T15:27:06","modified_gmt":"2024-02-14T14:27:06","slug":"vitasimil","status":"publish","type":"product","link":"https:\/\/eu.nutramarket.net\/hr\/proizvod\/vitasimil\/","title":{"rendered":"VITASIMIL"},"content":{"rendered":"<p><b>Proizvod namijenjen osobama koje:<\/b><\/p>\n<ul>\n<li style=\"font-weight: 400;\" aria-level=\"1\"><span style=\"font-weight: 400;\">tra\u017ee pomo\u0107 tijekom procesa mr\u0161avljenja,<\/span><\/li>\n<li style=\"font-weight: 400;\" aria-level=\"1\"><span style=\"font-weight: 400;\">vole nove oblike primjene proizvoda,<\/span><\/li>\n<li style=\"font-weight: 400;\" aria-level=\"1\"><span style=\"font-weight: 400;\">o\u010dekuju vi\u0161estruko djelovanje.\u00a0<\/span><\/li>\n<li style=\"font-weight: 400;\" aria-level=\"1\"><span style=\"font-weight: 400;\">\u017eele podr\u017eati metabolizam lipida i ugljikohidrata,<\/span><\/li>\n<li style=\"font-weight: 400;\" aria-level=\"1\"><span style=\"font-weight: 400;\">\u017eele pomo\u0107i u odr\u017eavanju normalne razine glukoze u krvi,<\/span><\/li>\n<li style=\"font-weight: 400;\" aria-level=\"1\"><span style=\"font-weight: 400;\">\u017eele odr\u017eati fizi\u010dku dobrobit.<\/span><\/li>\n<li style=\"font-weight: 400;\" aria-level=\"1\"><span style=\"font-weight: 400;\">\u017eele poja\u010dati imunitet.<\/span><\/li>\n<\/ul>\n","protected":false},"excerpt":{"rendered":"<p><span style=\"font-weight: 400;\">\u0160ume\u0107e tablete koje potpoma\u017eu proces mr\u0161avljenja<\/span><\/p>\n<p><span style=\"font-weight: 400;\">\u00a0<\/span><\/p>\n<p><span style=\"font-weight: 400;\">14 vre\u0107ica<\/span><\/p>\n<p><span style=\"font-weight: 400;\">\u00a0<\/span><\/p>\n<p><span style=\"font-weight: 400;\">Vitasimil je dodatak prehrani namijenjen osobama koje tra\u017ee pomo\u0107 u procesu mr\u0161avljenja. Ima inovativni oblik praha koji se mo\u017ee dodati u va\u0161 omiljeni smoothie, jogurt ili sok. Aktivni sastojci namijenjeni su potpori tijelu u procesu metabolizma lipida (masti) i ugljikohidrata. Vlakna koja se nalaze u sastavu reguliraju probavu.<\/span><\/p>\n","protected":false},"featured_media":120054,"template":"","meta":[],"product_cat":[86],"product_tag":[],"class_list":{"0":"post-120037","1":"product","2":"type-product","3":"status-publish","4":"has-post-thumbnail","6":"product_cat-well-being-hr","8":"first","9":"instock","10":"shipping-taxable","11":"purchasable","12":"product-type-simple"},"_links":{"self":[{"href":"https:\/\/eu.nutramarket.net\/hr\/wp-json\/wp\/v2\/product\/120037","targetHints":{"allow":["GET"]}}],"collection":[{"href":"https:\/\/eu.nutramarket.net\/hr\/wp-json\/wp\/v2\/product"}],"about":[{"href":"https:\/\/eu.nutramarket.net\/hr\/wp-json\/wp\/v2\/types\/product"}],"wp:featuredmedia":[{"embeddable":true,"href":"https:\/\/eu.nutramarket.net\/hr\/wp-json\/wp\/v2\/media\/120054"}],"wp:attachment":[{"href":"https:\/\/eu.nutramarket.net\/hr\/wp-json\/wp\/v2\/media?parent=120037"}],"wp:term":[{"taxonomy":"product_cat","embeddable":true,"href":"https:\/\/eu.nutramarket.net\/hr\/wp-json\/wp\/v2\/product_cat?post=120037"},{"taxonomy":"product_tag","embeddable":true,"href":"https:\/\/eu.nutramarket.net\/hr\/wp-json\/wp\/v2\/product_tag?post=120037"}],"curies":[{"name":"wp","href":"https:\/\/api.w.org\/{rel}","templated":true}]}}