{"id":120076,"date":"2023-12-18T12:32:21","date_gmt":"2023-12-18T11:32:21","guid":{"rendered":"https:\/\/eu.nutramarket.net\/?post_type=product&#038;p=120076"},"modified":"2024-02-15T13:01:55","modified_gmt":"2024-02-15T12:01:55","slug":"venicoldgel","status":"publish","type":"product","link":"https:\/\/eu.nutramarket.net\/hr\/proizvod\/venicoldgel\/","title":{"rendered":"Venicold Gel"},"content":{"rendered":"<p><b>Proizvod namijenjen osobama koje:\u00a0<\/b><\/p>\n<ul>\n<li style=\"font-weight: 400;\" aria-level=\"1\"><span style=\"font-weight: 400;\">imaju osje\u0107aj tzv. te\u0161kih nogu,<\/span><\/li>\n<li style=\"font-weight: 400;\" aria-level=\"1\"><span style=\"font-weight: 400;\">skloni su nastanku pro\u0161irenih \u017eila, tzv. pau\u010dinastih vena,<\/span><\/li>\n<li style=\"font-weight: 400;\" aria-level=\"1\"><span style=\"font-weight: 400;\">\u017eele donijeti olak\u0161anje umornim nogama,<\/span><\/li>\n<li style=\"font-weight: 400;\" aria-level=\"1\"><span style=\"font-weight: 400;\">trebaju u\u010dinak hla\u0111enja, posebno ljeti.<\/span><\/li>\n<\/ul>\n","protected":false},"excerpt":{"rendered":"<p><span style=\"font-weight: 400;\">Gel za noge s njeguju\u0107im i rashladnim svojstvima<\/span><\/p>\n<p><span style=\"font-weight: 400;\">150 ml<\/span><\/p>\n<p><span style=\"font-weight: 400;\">Venicold Gel je gel koji zahvaljuju\u0107i bogatstvu aktivnih sastojaka ima niz blagotvornih u\u010dinaka na ko\u017eu. Preparat jako dobro njeguje i opu\u0161ta ko\u017eu, ima rashla\u0111uju\u0107i i umiruju\u0107i u\u010dinak. Osim toga, proizvod mo\u017ee donijeti olak\u0161anje umornim nogama. Gel se mo\u017ee koristiti i privremeno i redovito.<\/span><\/p>\n","protected":false},"featured_media":120082,"template":"","meta":[],"product_cat":[86],"product_tag":[],"class_list":{"0":"post-120076","1":"product","2":"type-product","3":"status-publish","4":"has-post-thumbnail","6":"product_cat-well-being-hr","8":"first","9":"instock","10":"shipping-taxable","11":"purchasable","12":"product-type-simple"},"_links":{"self":[{"href":"https:\/\/eu.nutramarket.net\/hr\/wp-json\/wp\/v2\/product\/120076","targetHints":{"allow":["GET"]}}],"collection":[{"href":"https:\/\/eu.nutramarket.net\/hr\/wp-json\/wp\/v2\/product"}],"about":[{"href":"https:\/\/eu.nutramarket.net\/hr\/wp-json\/wp\/v2\/types\/product"}],"wp:featuredmedia":[{"embeddable":true,"href":"https:\/\/eu.nutramarket.net\/hr\/wp-json\/wp\/v2\/media\/120082"}],"wp:attachment":[{"href":"https:\/\/eu.nutramarket.net\/hr\/wp-json\/wp\/v2\/media?parent=120076"}],"wp:term":[{"taxonomy":"product_cat","embeddable":true,"href":"https:\/\/eu.nutramarket.net\/hr\/wp-json\/wp\/v2\/product_cat?post=120076"},{"taxonomy":"product_tag","embeddable":true,"href":"https:\/\/eu.nutramarket.net\/hr\/wp-json\/wp\/v2\/product_tag?post=120076"}],"curies":[{"name":"wp","href":"https:\/\/api.w.org\/{rel}","templated":true}]}}