{"id":190182,"date":"2023-04-19T15:58:02","date_gmt":"2023-04-19T13:58:02","guid":{"rendered":"https:\/\/eu.nutramarket.net\/product\/vidia-oil\/"},"modified":"2024-02-15T17:27:19","modified_gmt":"2024-02-15T16:27:19","slug":"vidia-oil","status":"publish","type":"product","link":"https:\/\/eu.nutramarket.net\/hr\/proizvod\/vidia-oil\/","title":{"rendered":"Vidia Oil"},"content":{"rendered":"<p><b>Proizvod namijenjen osobama koje:\u00a0<\/b><\/p>\n<ul>\n<li style=\"font-weight: 400;\" aria-level=\"1\"><span style=\"font-weight: 400;\">\u017eele se pobrinuti za svoj sluh<\/span><\/li>\n<li style=\"font-weight: 400;\" aria-level=\"1\"><span style=\"font-weight: 400;\">\u017eele brinuti o svom kardiovaskularnom sustavu\u00a0<\/span><\/li>\n<li style=\"font-weight: 400;\" aria-level=\"1\"><span style=\"font-weight: 400;\">\u017eele bolje kontrolirati razinu kolesterola<\/span><\/li>\n<li style=\"font-weight: 400;\" aria-level=\"1\"><span style=\"font-weight: 400;\">\u017eele podr\u017eati imunolo\u0161ki sustav<\/span><\/li>\n<li style=\"font-weight: 400;\" aria-level=\"1\"><span style=\"font-weight: 400;\">\u017eele se pobrinuti za svoje raspolo\u017eenje\u00a0\u00a0<\/span><\/li>\n<\/ul>\n<p>&nbsp;<\/p>\n","protected":false},"excerpt":{"rendered":"<p>Dodatak prehrani u obliku kapi s blagotvornim djelovanjem<br \/>\n10 g<\/p>\n<p><span style=\"font-weight: 400;\">Vidia Oil je ulje namijenjeno prvenstveno osobama koje se \u017eele pobrinuti o svojem sluhu. <\/span><span style=\"font-weight: 400;\">Zahvaljuju\u0107i prisutnosti ulja sjemenki konoplje blagotvorno djeluje na kardiovaskularni sustav te djeluje umiruju\u0107e i opu\u0161taju\u0107e. To pobolj\u0161ava rad sluha, jer cijelo tijelo nije izlo\u017eeno stresu. Ulje tako\u0111er podr\u017eava pravilan rad imunolo\u0161kog sustava.\u00a0<\/span><\/p>\n","protected":false},"featured_media":190180,"template":"","meta":[],"product_cat":[86],"product_tag":[],"class_list":{"0":"post-190182","1":"product","2":"type-product","3":"status-publish","4":"has-post-thumbnail","6":"product_cat-well-being-hr","8":"first","9":"instock","10":"shipping-taxable","11":"purchasable","12":"product-type-simple"},"_links":{"self":[{"href":"https:\/\/eu.nutramarket.net\/hr\/wp-json\/wp\/v2\/product\/190182","targetHints":{"allow":["GET"]}}],"collection":[{"href":"https:\/\/eu.nutramarket.net\/hr\/wp-json\/wp\/v2\/product"}],"about":[{"href":"https:\/\/eu.nutramarket.net\/hr\/wp-json\/wp\/v2\/types\/product"}],"wp:featuredmedia":[{"embeddable":true,"href":"https:\/\/eu.nutramarket.net\/hr\/wp-json\/wp\/v2\/media\/190180"}],"wp:attachment":[{"href":"https:\/\/eu.nutramarket.net\/hr\/wp-json\/wp\/v2\/media?parent=190182"}],"wp:term":[{"taxonomy":"product_cat","embeddable":true,"href":"https:\/\/eu.nutramarket.net\/hr\/wp-json\/wp\/v2\/product_cat?post=190182"},{"taxonomy":"product_tag","embeddable":true,"href":"https:\/\/eu.nutramarket.net\/hr\/wp-json\/wp\/v2\/product_tag?post=190182"}],"curies":[{"name":"wp","href":"https:\/\/api.w.org\/{rel}","templated":true}]}}