{"id":190198,"date":"2024-02-15T18:08:16","date_gmt":"2024-02-15T17:08:16","guid":{"rendered":"https:\/\/eu.nutramarket.net\/product\/mifastin\/"},"modified":"2024-04-19T14:28:35","modified_gmt":"2024-04-19T12:28:35","slug":"mifastin","status":"publish","type":"product","link":"https:\/\/eu.nutramarket.net\/hr\/proizvod\/mifastin\/","title":{"rendered":"Mifastin"},"content":{"rendered":"<p><b>A term\u00e9ket azoknak fejlesztett\u00e9k ki, akik:\u00a0<\/b><\/p>\n<ul>\n<li style=\"font-weight: 400;\" aria-level=\"1\"><span style=\"font-weight: 400;\">ketog\u00e9n di\u00e9t\u00e1t k\u00f6vetnek \u2013 a kaprilsav el\u0151seg\u00edtheti a ketontestek termel\u0151d\u00e9s\u00e9t\u00a0<\/span><\/li>\n<li style=\"font-weight: 400;\" aria-level=\"1\"><span style=\"font-weight: 400;\">gomb\u00e1s fert\u0151z\u00e9sekkel k\u00fczdenek, k\u00fcl\u00f6n\u00f6stekintettel a <\/span><i><span style=\"font-weight: 400;\">Candida<\/span><\/i><span style=\"font-weight: 400;\"> t\u00f6rzsh\u00f6z tartoz\u00f3 \u00e9leszt\u0151gomb\u00e1k okozta fert\u0151z\u00e9sekre\u00a0<\/span><\/li>\n<li style=\"font-weight: 400;\" aria-level=\"1\"><span style=\"font-weight: 400;\">gyomor \u00e9s b\u00e9lrendszeri probl\u00e9m\u00e1kkal k\u00fczdenek\u00a0<\/span><\/li>\n<li style=\"font-weight: 400;\" aria-level=\"1\"><span style=\"font-weight: 400;\">Fokozott \u00e9dess\u00e9g ir\u00e1nti \u00e9tv\u00e1ggyal k\u00fczdenek\u00a0\u00a0<\/span><\/li>\n<\/ul>\n","protected":false},"excerpt":{"rendered":"<p><span style=\"font-weight: 400;\">A ketog\u00e9ndi\u00e9ta eset\u00e9n t\u00e1mogat\u00e1st ny\u00fajt\u00f3 kapszul\u00e1k<\/span><\/p>\n<p><span style=\"font-weight: 400;\">60 tabletta<\/span><\/p>\n<p><span style=\"font-weight: 400;\">A Mifastin egy olyan \u00e9trend-kieg\u00e9sz\u00edt\u0151, amelyet olyanok sz\u00e1m\u00e1ra hoztak l\u00e9tre, akik szeretn\u00e9k fenntartani eg\u00e9szs\u00e9ges tests\u00falyukat. A kapszul\u00e1k olyan \u00f6sszetev\u0151kkel rendelkeznek, amelyek egyr\u00e9szt el\u0151seg\u00edtik a ket\u00f3zis megfelel\u0151 lefoly\u00e1s\u00e1t, mik\u00f6zben t\u00e1mogatj\u00e1k az \u00e9leszt\u0151gomb\u00e1knak, gomb\u00e1knak \u00e9s bakt\u00e9riumoknak kitett em\u00e9szt\u0151rendszert m\u0171k\u00f6d\u00e9s\u00e9t is. Seg\u00edtenek a szervezet term\u00e9szetes v\u00e9dekez\u0151k\u00e9pess\u00e9g\u00e9nek \u00e9s vitalit\u00e1s\u00e1nak meger\u0151s\u00edt\u00e9s\u00e9ben is.\u00a0<\/span><\/p>\n","protected":false},"featured_media":190308,"template":"","meta":[],"product_cat":[86],"product_tag":[],"class_list":{"0":"post-190198","1":"product","2":"type-product","3":"status-publish","4":"has-post-thumbnail","6":"product_cat-well-being-hr","8":"first","9":"instock","10":"shipping-taxable","11":"purchasable","12":"product-type-simple"},"_links":{"self":[{"href":"https:\/\/eu.nutramarket.net\/hr\/wp-json\/wp\/v2\/product\/190198","targetHints":{"allow":["GET"]}}],"collection":[{"href":"https:\/\/eu.nutramarket.net\/hr\/wp-json\/wp\/v2\/product"}],"about":[{"href":"https:\/\/eu.nutramarket.net\/hr\/wp-json\/wp\/v2\/types\/product"}],"wp:featuredmedia":[{"embeddable":true,"href":"https:\/\/eu.nutramarket.net\/hr\/wp-json\/wp\/v2\/media\/190308"}],"wp:attachment":[{"href":"https:\/\/eu.nutramarket.net\/hr\/wp-json\/wp\/v2\/media?parent=190198"}],"wp:term":[{"taxonomy":"product_cat","embeddable":true,"href":"https:\/\/eu.nutramarket.net\/hr\/wp-json\/wp\/v2\/product_cat?post=190198"},{"taxonomy":"product_tag","embeddable":true,"href":"https:\/\/eu.nutramarket.net\/hr\/wp-json\/wp\/v2\/product_tag?post=190198"}],"curies":[{"name":"wp","href":"https:\/\/api.w.org\/{rel}","templated":true}]}}