{"id":190226,"date":"2024-03-06T15:32:03","date_gmt":"2024-03-06T14:32:03","guid":{"rendered":"https:\/\/eu.nutramarket.net\/product\/nightbeast\/"},"modified":"2024-03-07T10:02:25","modified_gmt":"2024-03-07T09:02:25","slug":"nightbeast","status":"publish","type":"product","link":"https:\/\/eu.nutramarket.net\/hr\/proizvod\/nightbeast\/","title":{"rendered":"Night Beast"},"content":{"rendered":"<p><b>Proizvod je namijenjen mu\u0161karcima koji \u017eele:\u00a0<\/b><\/p>\n<ul>\n<li style=\"font-weight: 400;\" aria-level=\"1\"><span style=\"font-weight: 400;\">produljiti trajanje erekcije,<\/span><\/li>\n<li style=\"font-weight: 400;\" aria-level=\"1\"><span style=\"font-weight: 400;\">\u017eele potaknuti rast penisa,<\/span><\/li>\n<li style=\"font-weight: 400;\" aria-level=\"1\"><span style=\"font-weight: 400;\">pobolj\u0161ati izgled penisa,<\/span><\/li>\n<li style=\"font-weight: 400;\" aria-level=\"1\"><span style=\"font-weight: 400;\">\u017eele nahraniti i oja\u010dati ko\u017eu intimnih mjesta,<\/span><\/li>\n<li style=\"font-weight: 400;\" aria-level=\"1\"><span style=\"font-weight: 400;\">stimulirati i senzibilizirati intimna podru\u010dja tijekom spolnog odnosa.<\/span><\/li>\n<\/ul>\n<p>&nbsp;<\/p>\n","protected":false},"excerpt":{"rendered":"<p><span style=\"font-weight: 400;\">Intimna krema za mu\u0161karce koji \u017eele poja\u010dati do\u017eivljaje<\/span><\/p>\n<p><span style=\"font-weight: 400;\">\u00a0<\/span><\/p>\n<p><span style=\"font-weight: 400;\">150 ml<\/span><\/p>\n<p><span style=\"font-weight: 400;\">\u00a0<\/span><\/p>\n<p><span style=\"font-weight: 400;\">Opis<\/span><\/p>\n<p>&nbsp;<\/p>\n<p><span style=\"font-weight: 400;\">NightBeast je krema za mu\u0161karce za intimna podru\u010dja. Namijenjena je svima koji \u017eele poja\u010dati do\u017eivljaje tijekom spolnog odnosa. Proizvod omogu\u0107uje produljenje erekcije te utje\u010de na pove\u0107anje veli\u010dine penisa i op\u0107enito pobolj\u0161ava njegov izgled. Sve to \u010dini seks puno ugodnijim za oba partnera i zna\u010dajno podi\u017ee temperaturu u spava\u0107oj sobi.<\/span><\/p>\n","protected":false},"featured_media":190225,"template":"","meta":[],"product_cat":[86],"product_tag":[],"class_list":{"0":"post-190226","1":"product","2":"type-product","3":"status-publish","4":"has-post-thumbnail","6":"product_cat-well-being-hr","8":"first","9":"instock","10":"shipping-taxable","11":"purchasable","12":"product-type-simple"},"_links":{"self":[{"href":"https:\/\/eu.nutramarket.net\/hr\/wp-json\/wp\/v2\/product\/190226","targetHints":{"allow":["GET"]}}],"collection":[{"href":"https:\/\/eu.nutramarket.net\/hr\/wp-json\/wp\/v2\/product"}],"about":[{"href":"https:\/\/eu.nutramarket.net\/hr\/wp-json\/wp\/v2\/types\/product"}],"wp:featuredmedia":[{"embeddable":true,"href":"https:\/\/eu.nutramarket.net\/hr\/wp-json\/wp\/v2\/media\/190225"}],"wp:attachment":[{"href":"https:\/\/eu.nutramarket.net\/hr\/wp-json\/wp\/v2\/media?parent=190226"}],"wp:term":[{"taxonomy":"product_cat","embeddable":true,"href":"https:\/\/eu.nutramarket.net\/hr\/wp-json\/wp\/v2\/product_cat?post=190226"},{"taxonomy":"product_tag","embeddable":true,"href":"https:\/\/eu.nutramarket.net\/hr\/wp-json\/wp\/v2\/product_tag?post=190226"}],"curies":[{"name":"wp","href":"https:\/\/api.w.org\/{rel}","templated":true}]}}