{"id":190246,"date":"2024-03-07T12:08:09","date_gmt":"2024-03-07T11:08:09","guid":{"rendered":"https:\/\/eu.nutramarket.net\/product\/luminissa\/"},"modified":"2024-03-07T12:42:14","modified_gmt":"2024-03-07T11:42:14","slug":"luminissa","status":"publish","type":"product","link":"https:\/\/eu.nutramarket.net\/hr\/proizvod\/luminissa\/","title":{"rendered":"Luminissa"},"content":{"rendered":"<p><b>Proizvod namijenjen osobama koje:<\/b><\/p>\n<ul>\n<li><span style=\"font-weight: 400;\"> \u00a0 <\/span> <span style=\"font-weight: 400;\">O svojoj ljepoti \u017eele se brinuti iznutra<\/span><\/li>\n<li><span style=\"font-weight: 400;\"> \u00a0 <\/span> <span style=\"font-weight: 400;\">Svoju prehranu \u017eele nadopuniti sastojcima s antioksidativnim svojstvima<\/span><\/li>\n<li><span style=\"font-weight: 400;\"> \u00a0 <\/span> <span style=\"font-weight: 400;\">Preferiraju multifunkcionalne proizvode<\/span><\/li>\n<li><span style=\"font-weight: 400;\"> \u00a0 <\/span> <span style=\"font-weight: 400;\">\u017dele podr\u017eati pravilnu hidrataciju tijela<\/span><\/li>\n<\/ul>\n","protected":false},"excerpt":{"rendered":"<p><span style=\"font-weight: 400;\">\u0160ume\u0107e tablete koje poma\u017eu vratiti sjaj ko\u017ei i kosi<\/span><\/p>\n<p><span style=\"font-weight: 400;\">\u00a020 tableta<\/span><\/p>\n<p><span style=\"font-weight: 400;\">Luminissa je dodatak prehrani koji namijenjen osobama koje \u017eele osigurati odgovaraju\u0107u razinu hidratacije za odr\u017eavanje ljepote koja dolazi iznutra. Radi prakti\u010dnosti, u obliku je \u0161ume\u0107ih tableta s okusom naran\u010de, \u0161to ne samo da olak\u0161ava uzimanje dodatka, ve\u0107 osigurava dodatnu konzumaciju porcije vitamina C i E. Vitamin C utje\u010de na proizvodnju kolagena \u0161to osigurava pravilno funkcioniranje, izme\u0111u ostalog, ko\u017ee, a vitamin E djeluje kao u\u010dinkovit antioksidans, \u0161tite\u0107i stanice od \u0161tetnog djelovanja slobodnih radikala, \u0161to je va\u017eno za sprje\u010davanje procesa starenja i o\u010duvanje cjelokupnog zdravlja. Biotin pozitivno djeluje na o\u010duvanje zdrave kose, a ostali sastojci savr\u0161eno nadopunjuju sastav proizvoda za njegu cijelog tijela.<\/span><\/p>\n","protected":false},"featured_media":190244,"template":"","meta":[],"product_cat":[86],"product_tag":[],"class_list":{"0":"post-190246","1":"product","2":"type-product","3":"status-publish","4":"has-post-thumbnail","6":"product_cat-well-being-hr","8":"first","9":"instock","10":"shipping-taxable","11":"purchasable","12":"product-type-simple"},"_links":{"self":[{"href":"https:\/\/eu.nutramarket.net\/hr\/wp-json\/wp\/v2\/product\/190246","targetHints":{"allow":["GET"]}}],"collection":[{"href":"https:\/\/eu.nutramarket.net\/hr\/wp-json\/wp\/v2\/product"}],"about":[{"href":"https:\/\/eu.nutramarket.net\/hr\/wp-json\/wp\/v2\/types\/product"}],"wp:featuredmedia":[{"embeddable":true,"href":"https:\/\/eu.nutramarket.net\/hr\/wp-json\/wp\/v2\/media\/190244"}],"wp:attachment":[{"href":"https:\/\/eu.nutramarket.net\/hr\/wp-json\/wp\/v2\/media?parent=190246"}],"wp:term":[{"taxonomy":"product_cat","embeddable":true,"href":"https:\/\/eu.nutramarket.net\/hr\/wp-json\/wp\/v2\/product_cat?post=190246"},{"taxonomy":"product_tag","embeddable":true,"href":"https:\/\/eu.nutramarket.net\/hr\/wp-json\/wp\/v2\/product_tag?post=190246"}],"curies":[{"name":"wp","href":"https:\/\/api.w.org\/{rel}","templated":true}]}}