{"id":190301,"date":"2023-12-13T15:36:49","date_gmt":"2023-12-13T14:36:49","guid":{"rendered":"https:\/\/eu.nutramarket.net\/product\/supritabs\/"},"modified":"2024-04-12T15:43:22","modified_gmt":"2024-04-12T13:43:22","slug":"supritabs","status":"publish","type":"product","link":"https:\/\/eu.nutramarket.net\/hr\/proizvod\/supritabs\/","title":{"rendered":"Supritabs"},"content":{"rendered":"<p><b>Proizvod namijenjen osobama koje:\u00a0<\/b><\/p>\n<ul>\n<li style=\"font-weight: 400;\" aria-level=\"1\"><span style=\"font-weight: 400;\">\u017eele nadopuniti svoju prehranu vitaminima i mineralima\u00a0\u00a0<\/span><\/li>\n<li style=\"font-weight: 400;\" aria-level=\"1\"><span style=\"font-weight: 400;\">imaju problema s gutanjem tableta ili kapsula i tra\u017ee drugi oblik primjene proizvoda\u00a0<\/span><\/li>\n<li style=\"font-weight: 400;\" aria-level=\"1\"><span style=\"font-weight: 400;\">trebaju vi\u0161e energije\u00a0<\/span><\/li>\n<li style=\"font-weight: 400;\" aria-level=\"1\"><span style=\"font-weight: 400;\">daju prednost proizvodima s visokim sadr\u017eajem aktivnih tvari i vi\u0161estrukim djelovanjem\u00a0\u00a0<\/span><\/li>\n<li style=\"font-weight: 400;\" aria-level=\"1\"><span style=\"font-weight: 400;\">\u017eele dodatno podr\u017eati hidrataciju organizma (potreba da tabletu otopite u \u010da\u0161i vode \u201etjera\u201d vas da popijete barem jo\u0161 jednu \u010da\u0161u vode\u00a0\u00a0\u00a0<\/span><\/li>\n<\/ul>\n","protected":false},"excerpt":{"rendered":"<p><span style=\"font-weight: 400;\">\u0160ume\u0107e tablete za op\u0107u dobrobit<\/span><\/p>\n<p><span style=\"font-weight: 400;\">20 tableta<\/span><\/p>\n<p><span style=\"font-weight: 400;\">Supritabs je dodatak prehrani koji je stvoren za ljude koji \u017eele energiju, dobrobit i dodatnu dozu vitamina. Kako bi njihova upotreba bila \u0161to jednostavnija, dolazi u obliku \u0161ume\u0107ih tableta tropskog okusa, \u0161to ne samo da olak\u0161ava njihovo uzimanje, ve\u0107 omogu\u0107uje i dodatnu hidrataciju. Preparat sadr\u017ei, izme\u0111u ostalog, kalij, koji ima korisna svojstva \u2013 izme\u0111u ostalog, podr\u017eava \u017eiv\u010dani sustav i osigurava pravilan krvni tlak. Ostali sastojci (kalcij, vitamin C, magnezij, krom) podupiru pravilan rad imunolo\u0161kog sustava, odgovaraju\u0107u razinu \u017eivotne energije i osiguravaju dobro raspolo\u017eenje.\u00a0<\/span><\/p>\n","protected":false},"featured_media":190171,"template":"","meta":[],"product_cat":[86],"product_tag":[],"class_list":{"0":"post-190301","1":"product","2":"type-product","3":"status-publish","4":"has-post-thumbnail","6":"product_cat-well-being-hr","8":"first","9":"instock","10":"shipping-taxable","11":"purchasable","12":"product-type-simple"},"_links":{"self":[{"href":"https:\/\/eu.nutramarket.net\/hr\/wp-json\/wp\/v2\/product\/190301","targetHints":{"allow":["GET"]}}],"collection":[{"href":"https:\/\/eu.nutramarket.net\/hr\/wp-json\/wp\/v2\/product"}],"about":[{"href":"https:\/\/eu.nutramarket.net\/hr\/wp-json\/wp\/v2\/types\/product"}],"wp:featuredmedia":[{"embeddable":true,"href":"https:\/\/eu.nutramarket.net\/hr\/wp-json\/wp\/v2\/media\/190171"}],"wp:attachment":[{"href":"https:\/\/eu.nutramarket.net\/hr\/wp-json\/wp\/v2\/media?parent=190301"}],"wp:term":[{"taxonomy":"product_cat","embeddable":true,"href":"https:\/\/eu.nutramarket.net\/hr\/wp-json\/wp\/v2\/product_cat?post=190301"},{"taxonomy":"product_tag","embeddable":true,"href":"https:\/\/eu.nutramarket.net\/hr\/wp-json\/wp\/v2\/product_tag?post=190301"}],"curies":[{"name":"wp","href":"https:\/\/api.w.org\/{rel}","templated":true}]}}