{"id":190342,"date":"2024-04-26T10:04:28","date_gmt":"2024-04-26T08:04:28","guid":{"rendered":"https:\/\/eu.nutramarket.net\/?post_type=product&#038;p=190342"},"modified":"2024-04-26T11:00:26","modified_gmt":"2024-04-26T09:00:26","slug":"visadore","status":"publish","type":"product","link":"https:\/\/eu.nutramarket.net\/hr\/proizvod\/visadore\/","title":{"rendered":"Visador\u00e9"},"content":{"rendered":"<p><b>Proizvod namijenjen \u017eenama koje:\u00a0<\/b><\/p>\n<ul>\n<li style=\"font-weight: 400;\" aria-level=\"1\"><span style=\"font-weight: 400;\">\u017eele usporiti proces starenja ko\u017ee,<\/span><\/li>\n<li style=\"font-weight: 400;\" aria-level=\"1\"><span style=\"font-weight: 400;\">tra\u017ee proizvod s u\u010dinkom liftinga i zagla\u0111ivanja,<\/span><\/li>\n<li style=\"font-weight: 400;\" aria-level=\"1\"><span style=\"font-weight: 400;\">tra\u017ee proizvod koji se brzo upija i ne ostavlja ljepljiv sloj,<\/span><\/li>\n<li style=\"font-weight: 400;\" aria-level=\"1\"><span style=\"font-weight: 400;\">tra\u017ee proizvod koji se mo\u017ee nanositi ispod \u0161minke<\/span><\/li>\n<\/ul>\n","protected":false},"excerpt":{"rendered":"<p><span style=\"font-weight: 400;\">Zagla\u0111uju\u0107a dnevna krema za lice<\/span><span style=\"font-weight: 400;\">. Za \u017eene koje brinu o svojoj ko\u017ei lica.<br \/>\n<\/span><span style=\"font-weight: 400;\">50 ml<\/span><\/p>\n<p><span style=\"font-weight: 400;\">Visador\u00e9 Day je dnevna krema namijenjena \u017eenama koje \u017eele usporiti proces starenja ko\u017ee. Zahvaljuju\u0107i sadr\u017eaju aktivnih sastojaka, krema potpoma\u017ee regeneraciju epidermisa i ima u\u010dinak liftinga. Visador\u00e8 se savr\u0161eno upija i ne ostavlja ljepljiv, neugodan sloj, \u0161to je \u010dini pogodnom za kori\u0161tenje ispod \u0161minke.\u00a0\u00a0<\/span><\/p>\n","protected":false},"featured_media":190347,"template":"","meta":[],"product_cat":[77],"product_tag":[],"class_list":{"0":"post-190342","1":"product","2":"type-product","3":"status-publish","4":"has-post-thumbnail","6":"product_cat-beauty-hr","8":"first","9":"instock","10":"shipping-taxable","11":"purchasable","12":"product-type-simple"},"_links":{"self":[{"href":"https:\/\/eu.nutramarket.net\/hr\/wp-json\/wp\/v2\/product\/190342","targetHints":{"allow":["GET"]}}],"collection":[{"href":"https:\/\/eu.nutramarket.net\/hr\/wp-json\/wp\/v2\/product"}],"about":[{"href":"https:\/\/eu.nutramarket.net\/hr\/wp-json\/wp\/v2\/types\/product"}],"wp:featuredmedia":[{"embeddable":true,"href":"https:\/\/eu.nutramarket.net\/hr\/wp-json\/wp\/v2\/media\/190347"}],"wp:attachment":[{"href":"https:\/\/eu.nutramarket.net\/hr\/wp-json\/wp\/v2\/media?parent=190342"}],"wp:term":[{"taxonomy":"product_cat","embeddable":true,"href":"https:\/\/eu.nutramarket.net\/hr\/wp-json\/wp\/v2\/product_cat?post=190342"},{"taxonomy":"product_tag","embeddable":true,"href":"https:\/\/eu.nutramarket.net\/hr\/wp-json\/wp\/v2\/product_tag?post=190342"}],"curies":[{"name":"wp","href":"https:\/\/api.w.org\/{rel}","templated":true}]}}