{"id":74275,"date":"2023-04-19T07:49:55","date_gmt":"2023-04-19T05:49:55","guid":{"rendered":"https:\/\/eu.nutramarket.net\/polityka-doreczen-i-zwrotow\/"},"modified":"2023-10-25T14:17:27","modified_gmt":"2023-10-25T12:17:27","slug":"politica-di-consegna-e-reso","status":"publish","type":"page","link":"https:\/\/eu.nutramarket.net\/it\/politica-di-consegna-e-reso\/","title":{"rendered":"Politica di consegna e reso"},"content":{"rendered":"<ol style=\"list-style-type: upper-roman;\" start=\"1\">\n<li style=\"font-weight: 400;\" aria-level=\"1\"><span style=\"font-weight: 400;\">DISPOSIZIONI GENERALI\u00a0<\/span>\n<ol>\n<li style=\"font-weight: 400;\" aria-level=\"2\"><span style=\"font-weight: 400;\">Per quanto non previsto dalla presente Policy, si applicano le disposizioni dei Termini e condizioni.<\/span><\/li>\n<\/ol>\n<\/li>\n<li style=\"font-weight: 400;\" aria-level=\"1\"><span style=\"font-weight: 400;\">CONSEGNA DEI PRODOTTI<\/span>\n<ol>\n<li style=\"font-weight: 400;\" aria-level=\"2\"><span style=\"font-weight: 400;\">La consegna dei prodotti avviene a mezzo\u00a0corriere.<\/span><\/li>\n<li style=\"font-weight: 400;\" aria-level=\"2\"><span style=\"font-weight: 400;\">I costi di consegna vengono presentati al momento dell&#8217;ordine. Se i costi di consegna non sono indicati, la consegna \u00e8 gratuita.<\/span><\/li>\n<li style=\"font-weight: 400;\" aria-level=\"2\"><span style=\"font-weight: 400;\">La spedizione standard dei Prodotti avviene entro 3 giorni lavorativi dalla data di inoltro dell&#8217;Ordine (tempo di lavorazione dell&#8217;ordine). Il tempo di consegna standard \u00e8 di 3 giorni lavorativi dalla data di spedizione (tempi di consegna). Il corriere effettua due tentativi di consegna, dopodich\u00e9 il pacco pu\u00f2 attendere il ritiro da parte del Cliente presso il punto di ritiro pacchi del corriere.<\/span><\/li>\n<li style=\"font-weight: 400;\" aria-level=\"2\"><span style=\"font-weight: 400;\">Se i Prodotti non vengono consegnati al Cliente, il Venditore tenta di contattare il Cliente. La seconda spedizione viene effettuata a spese del Cliente. In caso di consegna non riuscita, il Venditore ha il diritto di recedere dal Contratto. In questo caso, il Venditore restituisce al Cliente il prezzo, se \u00e8 stato pagato, meno le spese di spedizione.<\/span><\/li>\n<li style=\"font-weight: 400;\" aria-level=\"2\"><span style=\"font-weight: 400;\">Il Cliente \u00e8 tenuto a controllare i Prodotti immediatamente dopo la consegna al fine di determinare se i Prodotti non siano stati danneggiati durante la consegna.\u00a0 Il Cliente si assume il rischio di danni accidentali ai Prodotti durante la consegna. In caso di danneggiamento dei Prodotti, si prega di contattare immediatamente il Venditore. Il cliente pu\u00f2 anche segnalare un difetto nell&#8217;ambito della garanzia.<\/span><\/li>\n<li style=\"font-weight: 400;\" aria-level=\"2\"><span style=\"font-weight: 400;\">In caso di Cliente che non sia Consumatore, il rischio del danno accidentale o della perdita dei Prodotti passa al Cliente al momento della consegna dei Prodotti al vettore.<\/span><\/li>\n<\/ol>\n<\/li>\n<li style=\"font-weight: 400;\" aria-level=\"1\"><span style=\"font-weight: 400;\">RESTITUZIONI<\/span>\n<ol>\n<li style=\"font-weight: 400;\" aria-level=\"2\"><span style=\"font-weight: 400;\">Le disposizioni relative al recesso dal Contratto e ai reclami sono contenute nei Termini e condizioni.<\/span><\/li>\n<li style=\"font-weight: 400;\" aria-level=\"2\"><span style=\"font-weight: 400;\">In caso di recesso dal Contratto, il Consumatore \u00e8 tenuto a restituire a proprie spese i Prodotti ricevuti al Venditore entro 14 giorni dalla data di presentazione della lettera di recesso dal Contratto. Non verranno accettati resi in contrassegno.\u00a0Il reso deve includere tutti gli articoli ricevuti dal Consumatore dal Venditore, inclusi gli articoli ricevuti gratuitamente nell&#8217;ambito dell&#8217;Ordine effettuato.<\/span><\/li>\n<li style=\"font-weight: 400;\" aria-level=\"2\"><span style=\"font-weight: 400;\">Il rimborso avviene entro 14 giorni dalla data di ricezione del reso dei Prodotti da parte del consumatore o dalla conferma di spedizione dei Prodotti, a seconda di quale di questi eventi si verifica per primo. Il rimborso viene effettuato sul conto dal quale \u00e8 stato effettuato il pagamento o su altro conto bancario indicato dal Cliente. Il Venditore rimborsa il pagamento utilizzando lo stesso metodo di pagamento utilizzato dal Consumatore, a meno che il Consumatore non abbia espressamente accettato un diverso metodo di rimborso, che non comporta alcun costo per lui. Il conto sul quale vengono restituiti i fondi deve appartenere al Cliente oppure a una persona che ne rappresenti gli interessi e che disponga di apposita autorizzazione.<\/span><\/li>\n<li style=\"font-weight: 400;\" aria-level=\"2\"><span style=\"font-weight: 400;\">Se il rimborso secondo le modalit\u00e0 di cui al paragrafo 4 non \u00e8 possibile, il Venditore rimborser\u00e0 il pagamento utilizzando lo stesso metodo di pagamento utilizzato dal Consumatore, a meno che il Consumatore non abbia espressamente accettato una diversa modalit\u00e0 di restituzione, che non comporta alcun costo per lui.<\/span><\/li>\n<li style=\"font-weight: 400;\" aria-level=\"2\"><span style=\"font-weight: 400;\">Se, a seguito dell&#8217;accettazione del reclamo, i fondi devono essere restituiti al Cliente, il Venditore informa il Cliente se richieder\u00e0 la restituzione dei Prodotti prima di restituire i fondi al Cliente. Il rimborso viene effettuato entro 14 giorni dalla data di accettazione del reclamo o di ricezione dei Prodotti da parte del Venditore. Le disposizioni dei paragrafi 2-4 si applicano di conseguenza.<\/span><\/li>\n<li style=\"font-weight: 400;\" aria-level=\"2\"><span style=\"font-weight: 400;\">Nel caso in cui oggetto dell&#8217;Ordine, oltre ai Prodotti, siano anche Voucher, l&#8217;obbligo di restituzione comprende anche i Voucher.<\/span><\/li>\n<\/ol>\n<\/li>\n<\/ol>\n<ol style=\"list-style-type: upper-roman;\" start=\"1\">\n<li style=\"list-style-type: none;\"><\/li>\n<\/ol>\n","protected":false},"excerpt":{"rendered":"<p>DISPOSIZIONI GENERALI\u00a0 Per quanto non previsto dalla presente Policy, si applicano le disposizioni dei Termini e condizioni. CONSEGNA DEI PRODOTTI La consegna dei prodotti avviene a mezzo\u00a0corriere. I costi di consegna vengono presentati al momento dell&#8217;ordine. Se i costi di consegna non sono indicati, la consegna \u00e8 gratuita. La spedizione standard dei Prodotti avviene entro [&hellip;]<\/p>\n","protected":false},"author":1,"featured_media":0,"parent":0,"menu_order":0,"comment_status":"closed","ping_status":"closed","template":"","meta":{"footnotes":""},"class_list":["post-74275","page","type-page","status-publish","hentry"],"_links":{"self":[{"href":"https:\/\/eu.nutramarket.net\/it\/wp-json\/wp\/v2\/pages\/74275","targetHints":{"allow":["GET"]}}],"collection":[{"href":"https:\/\/eu.nutramarket.net\/it\/wp-json\/wp\/v2\/pages"}],"about":[{"href":"https:\/\/eu.nutramarket.net\/it\/wp-json\/wp\/v2\/types\/page"}],"author":[{"embeddable":true,"href":"https:\/\/eu.nutramarket.net\/it\/wp-json\/wp\/v2\/users\/1"}],"replies":[{"embeddable":true,"href":"https:\/\/eu.nutramarket.net\/it\/wp-json\/wp\/v2\/comments?post=74275"}],"version-history":[{"count":3,"href":"https:\/\/eu.nutramarket.net\/it\/wp-json\/wp\/v2\/pages\/74275\/revisions"}],"predecessor-version":[{"id":109870,"href":"https:\/\/eu.nutramarket.net\/it\/wp-json\/wp\/v2\/pages\/74275\/revisions\/109870"}],"wp:attachment":[{"href":"https:\/\/eu.nutramarket.net\/it\/wp-json\/wp\/v2\/media?parent=74275"}],"curies":[{"name":"wp","href":"https:\/\/api.w.org\/{rel}","templated":true}]}}