{"id":74296,"date":"2023-04-19T07:44:36","date_gmt":"2023-04-19T05:44:36","guid":{"rendered":"https:\/\/eu.nutramarket.net\/polityka-prywatnosci-i-cookies\/"},"modified":"2023-10-25T14:13:57","modified_gmt":"2023-10-25T12:13:57","slug":"privacy-e-politica-dei-cookie","status":"publish","type":"page","link":"https:\/\/eu.nutramarket.net\/it\/privacy-e-politica-dei-cookie\/","title":{"rendered":"Privacy e politica dei Cookie"},"content":{"rendered":"<ol style=\"list-style-type: upper-roman;\" start=\"1\">\n<li style=\"font-weight: 400;\" aria-level=\"1\"><span style=\"font-weight: 400;\">DEFINIZIONI<\/span>\n<ol>\n<li style=\"font-weight: 400;\" aria-level=\"2\"><span style=\"font-weight: 400;\">Amministratore\u00a0&#8211; soggetto indicato nei Termini e condizioni;<\/span><\/li>\n<li style=\"font-weight: 400;\" aria-level=\"2\"><span style=\"font-weight: 400;\">Dati personali\u00a0&#8211; tutte le informazioni su una persona fisica identificata o identificabile da uno o pi\u00f9 fattori specifici che determinano l&#8217;identit\u00e0 fisica, fisiologica, genetica, mentale, economica, culturale o sociale, inclusi l&#8217;IP del dispositivo, i dati sulla posizione, l&#8217;identificatore online e le informazioni raccolte tramite i cookie e altra tecnologia simile;<\/span><\/li>\n<li style=\"font-weight: 400;\" aria-level=\"2\"><span style=\"font-weight: 400;\">Politica\u00a0&#8211; la presente Politica sulla privacy;<\/span><\/li>\n<li style=\"font-weight: 400;\" aria-level=\"2\"><span style=\"font-weight: 400;\">GDPR\u00a0&#8211; Regolamento (UE) 2016\/679 del Parlamento europeo e del Consiglio, del 27 aprile 2016, relativo alla protezione delle persone fisiche con riguardo al trattamento dei dati personali, nonch\u00e9 alla libera circolazione di tali dati e che abroga la direttiva 95\/46\/CE;<\/span><\/li>\n<li style=\"font-weight: 400;\" aria-level=\"2\"><span style=\"font-weight: 400;\">Utente\u00a0&#8211; una persona fisica maggiorenne che utilizza il Sito, che possiede la piena capacit\u00e0 giuridica e un minore o una persona priva di piena capacit\u00e0 giuridica, che ha il consenso del rappresentante legale;<\/span><\/li>\n<\/ol>\n<\/li>\n<\/ol>\n<ol style=\"list-style-type: upper-roman;\" start=\"2\">\n<li style=\"font-weight: 400;\" aria-level=\"1\"><span style=\"font-weight: 400;\">FINALIT\u00c0 DEL TRATTAMENTO DEI DATI<\/span>\n<ol>\n<li style=\"font-weight: 400;\" aria-level=\"2\"><span style=\"font-weight: 400;\">I dati, inclusi i dati personali degli Utenti, vengono raccolti e trattati allo scopo di:<\/span>\n<ol>\n<li style=\"font-weight: 400;\" aria-level=\"3\"><span style=\"font-weight: 400;\">utilizzare il Sito;<\/span><\/li>\n<li style=\"font-weight: 400;\" aria-level=\"3\"><span style=\"font-weight: 400;\">inoltrare ed eseguire gli Ordini;<\/span><\/li>\n<li style=\"font-weight: 400;\" aria-level=\"3\"><span style=\"font-weight: 400;\">svolgere attivit\u00e0 di marketing, inclusa la pubblicit\u00e0 contestuale e la pubblicit\u00e0 comportamentale;<\/span><\/li>\n<li style=\"font-weight: 400;\" aria-level=\"3\"><span style=\"font-weight: 400;\">marketing diretto, se l&#8217;Utente vi ha acconsentito.<\/span><\/li>\n<\/ol>\n<\/li>\n<li style=\"font-weight: 400;\" aria-level=\"2\"><span style=\"font-weight: 400;\">I dati personali di tutte le persone che utilizzano il Sito (inclusi l&#8217;indirizzo IP e le informazioni raccolte tramite i cookie o altre tecnologie simili) vengono trattati dall&#8217;Amministratore:<\/span>\n<ol>\n<li style=\"font-weight: 400;\" aria-level=\"3\"><span style=\"font-weight: 400;\">al fine di fornire servizi elettronicamente sul Sito (articolo 6, paragrafo 1, lettera b del GDPR);<\/span><\/li>\n<li style=\"font-weight: 400;\" aria-level=\"3\"><span style=\"font-weight: 400;\">al fine di gestire gli ordini effettuati sul Sito, anche allo scopo di trasferirli al Venditore (articolo 6, paragrafo 1, lettera b del GDPR);<\/span><\/li>\n<li style=\"font-weight: 400;\" aria-level=\"3\"><span style=\"font-weight: 400;\">al fine di gestire i reclami da parte del Venditore (articolo 6, paragrafo 1, lettera b del GDPR);<\/span><\/li>\n<li style=\"font-weight: 400;\" aria-level=\"3\"><span style=\"font-weight: 400;\">per finalit\u00e0 analitiche e statistiche (articolo 6, paragrafo 1, lettera f del GDPR);<\/span><\/li>\n<li style=\"font-weight: 400;\" aria-level=\"3\"><span style=\"font-weight: 400;\">al fine di svolgere il marketing contestuale (articolo 6, paragrafo 1, lettera f del GDPR);<\/span><\/li>\n<li style=\"font-weight: 400;\" aria-level=\"3\"><span style=\"font-weight: 400;\">per scopi tecnici (articolo 6, paragrafo 1, lettera f del GDPR);<\/span><\/li>\n<\/ol>\n<\/li>\n<li style=\"font-weight: 400;\" aria-level=\"2\"><span style=\"font-weight: 400;\">L&#8217;invio di un ordine da parte dell&#8217;Utente del Sito comporta il trattamento dei suoi dati personali. Il conferimento dei dati contrassegnati come obbligatori \u00e8 necessario per accettare e gestire l&#8217;ordine. L&#8217;invio di un ordine da parte dell&#8217;Utente comporta la condivisione da parte del Venditore dei dati personali dell&#8217;Utente necessari all&#8217;esecuzione dell&#8217;ordine e del contratto. I dati personali vengono trattati:<\/span>\n<ol>\n<li style=\"font-weight: 400;\" aria-level=\"3\"><span style=\"font-weight: 400;\">al fine di completare l&#8217;ordine (articolo 6, paragrafo 1, lettera b del GDPR);<\/span><\/li>\n<li style=\"font-weight: 400;\" aria-level=\"3\"><span style=\"font-weight: 400;\">al fine di adempiere agli obblighi di legge incombenti all&#8217;Amministratore e al Venditore (articolo 6, paragrafo 1, lettera c del GDPR);<\/span><\/li>\n<li style=\"font-weight: 400;\" aria-level=\"3\"><span style=\"font-weight: 400;\">per finalit\u00e0 analitiche e statistiche (articolo 6, paragrafo 1, lettera f del GDPR);<\/span><\/li>\n<li style=\"font-weight: 400;\" aria-level=\"3\"><span style=\"font-weight: 400;\">ai fini dell&#8217;azionamento delle pretese (articolo 6, paragrafo 1, lettera f del GDPR);<\/span><\/li>\n<li style=\"font-weight: 400;\" aria-level=\"3\"><span style=\"font-weight: 400;\">ai fini dell&#8217;indagine\u00a0sulla\u00a0soddisfazione (articolo 6, paragrafo 1, lettera f del GDPR);<\/span><\/li>\n<\/ol>\n<\/li>\n<li style=\"font-weight: 400;\" aria-level=\"2\"><span style=\"font-weight: 400;\">L&#8217;Amministratore tratta i dati personali degli Utenti al fine di svolgere attivit\u00e0 di marketing, che possono consistere:<\/span>\n<ol>\n<li style=\"font-weight: 400;\" aria-level=\"3\"><span style=\"font-weight: 400;\">nel condividere con l&#8217;Utente contenuti di marketing non adeguati alle sue preferenze (articolo 6, paragrafo 1, lettera f del GDPR);<\/span><\/li>\n<li style=\"font-weight: 400;\" aria-level=\"3\"><span style=\"font-weight: 400;\">nell&#8217;invio di e-mail o SMS con offerte o contenuti, che in alcuni casi contengono informazioni commerciali, nell&#8217;ambito del consenso concesso (articolo 6, paragrafo 1, lettera f del GDPR);<\/span><\/li>\n<\/ol>\n<\/li>\n<\/ol>\n<\/li>\n<\/ol>\n<ol style=\"list-style-type: upper-roman;\" start=\"3\">\n<li style=\"font-weight: 400;\" aria-level=\"1\"><span style=\"font-weight: 400;\">COOKIE<\/span>\n<ol>\n<li style=\"font-weight: 400;\" aria-level=\"2\"><span style=\"font-weight: 400;\">I cookie sono piccoli file di testo salvati nel\u00a0dispositivo dell&#8217;Utente che naviga sul Sito. I cookie raccolgono informazioni che facilitano l&#8217;uso del sito web, ad esempio memorizzando le visite dell&#8217;utente al Sito e le attivit\u00e0 da lui svolte.<\/span><\/li>\n<li style=\"font-weight: 400;\" aria-level=\"2\"><span style=\"font-weight: 400;\">L&#8217;Amministratore utilizza i cosiddetti cookie di servizio principalmente per fornire all&#8217;Utente servizi forniti elettronicamente e per migliorare la qualit\u00e0 di tali servizi. Pertanto, l&#8217;Amministratore e altri soggetti che gli forniscono servizi analitici e statistici utilizzano i cookie, memorizzando informazioni o accedendo a informazioni gi\u00e0 memorizzate nel dispositivo terminale di telecomunicazione dell&#8217;Utente (computer, telefono, tablet, ecc.). I cookie utilizzati per questo scopo includono:<\/span>\n<ol>\n<li style=\"font-weight: 400;\" aria-level=\"3\"><span style=\"font-weight: 400;\">cookie con i dati inseriti dall&#8217;Utente (ID di sessione) per la durata della sessione (<\/span><i><span style=\"font-weight: 400;\">user input cookies<\/span><\/i><span style=\"font-weight: 400;\">);<\/span><\/li>\n<li style=\"font-weight: 400;\" aria-level=\"3\"><span style=\"font-weight: 400;\">cookie di autenticazione utilizzati per servizi che richiedono l&#8217;autenticazione per la durata della sessione (<\/span><i><span style=\"font-weight: 400;\">authentication cookies<\/span><\/i><span style=\"font-weight: 400;\">);<\/span><\/li>\n<li style=\"font-weight: 400;\" aria-level=\"3\"><span style=\"font-weight: 400;\">cookie utilizzati per garantire la sicurezza, ad esempio utilizzati per rilevare abusi di autenticazione (<\/span><i><span style=\"font-weight: 400;\">user centric security cookies<\/span><\/i><span style=\"font-weight: 400;\">);<\/span><\/li>\n<li style=\"font-weight: 400;\" aria-level=\"3\"><span style=\"font-weight: 400;\">cookie di sessione per lettori multimediali (come i cookie per lettori \u201cflash\u201d) per la durata della sessione (<\/span><i><span style=\"font-weight: 400;\">multimedia player session cookies<\/span><\/i><span style=\"font-weight: 400;\">);<\/span><\/li>\n<li style=\"font-weight: 400;\" aria-level=\"3\"><span style=\"font-weight: 400;\">cookie utilizzati per monitorare il traffico sul sito web.<\/span><\/li>\n<\/ol>\n<\/li>\n<li style=\"font-weight: 400;\" aria-level=\"2\"><span style=\"font-weight: 400;\">L&#8217;Amministratore utilizza i cookie anche per finalit\u00e0 di marketing, a tal fine memorizza informazioni o accede a informazioni gi\u00e0 memorizzate nel terminale di telecomunicazione dell&#8217;Utente (computer, telefono, tablet, ecc.).\u00a0 L&#8217;utilizzo dei cookie e dei dati personali raccolti attraverso di essi per finalit\u00e0 di marketing, in particolare nell&#8217;ambito della promozione di servizi e beni di terzi, richiede il consenso dell&#8217;Utente. Tale consenso pu\u00f2 essere espresso mediante l&#8217;apposita configurazione del browser, e pu\u00f2 essere revocato in qualsiasi momento, in particolare cancellando la cronologia dei cookie e disabilitando i cookie nelle impostazioni del browser.<\/span><\/li>\n<\/ol>\n<\/li>\n<\/ol>\n<ol style=\"list-style-type: upper-roman;\" start=\"4\">\n<li style=\"font-weight: 400;\" aria-level=\"1\"><span style=\"font-weight: 400;\">PERIODO DI CONSERVAZIONE DEI DATI<\/span>\n<ol>\n<li style=\"font-weight: 400;\" aria-level=\"2\"><span style=\"font-weight: 400;\">I dati vengono trattati per tutta la durata del servizio o dell&#8217;esecuzione dell&#8217;ordine, fino alla revoca del consenso o alla presentazione di un&#8217;effettiva opposizione al trattamento dei dati nei casi in cui la base giuridica del trattamento dei dati sia il legittimo interesse dell&#8217;Amministratore.<\/span><\/li>\n<li style=\"font-weight: 400;\" aria-level=\"2\"><span style=\"font-weight: 400;\">Il periodo di trattamento dei dati pu\u00f2 essere prorogato se il trattamento \u00e8 necessario per stabilire e azionare eventuali pretese o difendersi da esse, e dopo tale termine solo se e nella misura richiesta dalla legge. Decorso il periodo di trattamento, i dati vengono irreversibilmente cancellati o anonimizzati.<\/span><\/li>\n<\/ol>\n<\/li>\n<\/ol>\n<ol style=\"list-style-type: upper-roman;\" start=\"5\">\n<li style=\"font-weight: 400;\" aria-level=\"1\"><span style=\"font-weight: 400;\">DIRITTI DELL&#8217;UTENTE<\/span>\n<ol>\n<li style=\"font-weight: 400;\" aria-level=\"2\"><span style=\"font-weight: 400;\">Diritto all&#8217;informazione sul trattamento dei dati personali &#8211; su questa base la persona che presenta tale richiesta riceve dall&#8217;Amministratore informazioni sul trattamento dei dati personali, tra cui, in particolare, le\u00a0finalit\u00e0\u00a0e\u00a0base giuridica del trattamento, l&#8217;ambito di applicazione dei dati in possesso del titolare, i destinatari dei dati a cui i dati personali vengono comunicati e la data prevista per la loro cancellazione.<\/span><\/li>\n<li style=\"font-weight: 400;\" aria-level=\"2\"><span style=\"font-weight: 400;\">Diritto di ottenere una copia dei dati &#8211; su questa base l&#8217;Amministratore fornisce una copia dei dati trattati relativi alla persona che presenta la richiesta.<\/span><\/li>\n<li style=\"font-weight: 400;\" aria-level=\"2\"><span style=\"font-weight: 400;\">Diritto di rettifica &#8211; su questa base l&#8217;Amministratore rimuove eventuali inesattezze o errori relativi ai dati personali trattati e li integra o li aggiorna se sono incompleti o sono stati modificati.<\/span><\/li>\n<li style=\"font-weight: 400;\" aria-level=\"2\"><span style=\"font-weight: 400;\">Diritto alla cancellazione dei dati &#8211; su questa base \u00e8 possibile richiedere la cancellazione dei dati, il cui trattamento non \u00e8 pi\u00f9 necessario per raggiungere nessuno degli scopi per i quali i dati sono stati raccolti.<\/span><\/li>\n<li style=\"font-weight: 400;\" aria-level=\"2\"><span style=\"font-weight: 400;\">Diritto alla limitazione del trattamento &#8211; su questa base l&#8217;Amministratore cessa di compiere operazioni sui dati personali, ad eccezione delle operazioni a cui l&#8217;interessato ha acconsentito e della loro conservazione, in conformit\u00e0 alle regole di conservazione adottate, o fino a quando i motivi della limitazione del trattamento dei dati cessano di sussistere (ad es. verr\u00e0 emessa una decisione dell&#8217;autorit\u00e0 di controllo, che consente l&#8217;ulteriore trattamento dei dati).<\/span><\/li>\n<li style=\"font-weight: 400;\" aria-level=\"2\"><span style=\"font-weight: 400;\">Diritto alla portabilit\u00e0 dei dati &#8211; su questa base, nella misura in cui i dati vengono trattati in relazione al contratto concluso o al consenso, l&#8217;Amministratore rilascia i dati forniti dalla persona a cui si riferiscono, in un formato che ne consenta la lettura da parte di un computer. \u00c8 anche possibile richiedere che questi dati siano inviati ad un altro destinatario &#8211; a condizione che vi siano possibilit\u00e0 tecniche al riguardo sia da parte dell&#8217;Amministratore che di tale altro destinatario.<\/span><\/li>\n<li style=\"font-weight: 400;\" aria-level=\"2\"><span style=\"font-weight: 400;\">Diritto di opporsi al trattamento dei dati per finalit\u00e0 di marketing &#8211; l&#8217;interessato pu\u00f2 opporsi in qualsiasi momento al trattamento dei dati personali per finalit\u00e0 di marketing.<\/span><\/li>\n<li style=\"font-weight: 400;\" aria-level=\"2\"><span style=\"font-weight: 400;\">Diritto di opporsi al trattamento dei dati per finalit\u00e0 relative all&#8217;indagine\u00a0sulla\u00a0soddisfazione &#8211; l&#8217;interessato pu\u00f2 opporsi in qualsiasi momento al trattamento dei dati personali per finalit\u00e0 relative all&#8217;indagine\u00a0sulla\u00a0soddisfazione.<\/span><\/li>\n<li style=\"font-weight: 400;\" aria-level=\"2\"><span style=\"font-weight: 400;\">Diritto di opporsi ad altre finalit\u00e0 di trattamento dei dati &#8211; l&#8217;interessato pu\u00f2 in qualsiasi momento opporsi al trattamento dei dati personali sulla base del legittimo interesse dell&#8217;Amministratore (ad esempio (ad esempio per scopi analitici o statistici o per motivi legati alla protezione della propriet\u00e0).\u00a0 L&#8217;opposizione al riguardo deve essere motivata ed \u00e8 soggetta alla valutazione dell&#8217;Amministratore.<\/span><\/li>\n<li style=\"font-weight: 400;\" aria-level=\"2\"><span style=\"font-weight: 400;\">Il diritto di revocare il consenso &#8211; se i dati vengono trattati sulla base del consenso, l&#8217;interessato ha il diritto di revocarlo in qualsiasi momento, il che, tuttavia, non pregiudica la liceit\u00e0 del trattamento effettuato prima della revoca di tale consenso.<\/span><\/li>\n<li style=\"font-weight: 400;\" aria-level=\"2\"><span style=\"font-weight: 400;\">Diritto di reclamo &#8211; se si riscontra che il trattamento dei dati personali viola le disposizioni del GDPR o altre disposizioni in materia di protezione dei dati personali, l&#8217;interessato pu\u00f2 presentare un reclamo all&#8217;autorit\u00e0 nazionale competente.<\/span><\/li>\n<li style=\"font-weight: 400;\" aria-level=\"2\"><span style=\"font-weight: 400;\">La richiesta relativa all&#8217;esercizio dei diritti va presentata all&#8217;indirizzo dell&#8217;Amministratore indicato nei Termini e condizioni.<\/span><\/li>\n<\/ol>\n<\/li>\n<\/ol>\n<ol style=\"list-style-type: upper-roman;\" start=\"6\">\n<li style=\"font-weight: 400;\" aria-level=\"1\"><span style=\"font-weight: 400;\">TRASFERIMENTO DATI E SICUREZZA<\/span>\n<ol>\n<li style=\"font-weight: 400;\" aria-level=\"2\"><span style=\"font-weight: 400;\">Per le finalit\u00e0 sopra descritte, i dati personali potranno essere comunicati a soggetti esterni, tra cui in particolare fornitori, soggetti quali banche e operatori di pagamento, soggetti che forniscono servizi contabili, legali, di trasporto e di marketing e soggetti legati all&#8217;Amministratore. In caso di inoltro di un ordine, i dati dell&#8217;Utente verranno comunicati al Venditore al fine di concludere ed eseguire il contratto di compravendita.<\/span><\/li>\n<li style=\"font-weight: 400;\" aria-level=\"2\"><span style=\"font-weight: 400;\">I dati personali degli Utenti non vengono trasferiti al di fuori\u00a0dello spazio\u00a0SEE.<\/span><\/li>\n<li style=\"font-weight: 400;\" aria-level=\"2\"><span style=\"font-weight: 400;\">L&#8217;Amministratore svolge un&#8217;analisi dei rischi su base continuativa per garantire che i dati personali vengano trattati in modo sicuro &#8211; assicurando, soprattutto, che solo le persone autorizzate abbiano accesso ai dati e solo nella misura in cui \u00e8 necessario a causa dei compiti da loro svolti. L&#8217;Amministratore garantisce che tutte le operazioni sui dati personali siano registrate ed eseguite solo da dipendenti e collaboratori autorizzati.<\/span><\/li>\n<li style=\"font-weight: 400;\" aria-level=\"2\"><span style=\"font-weight: 400;\">L&#8217;Amministratore intraprende tutte le azioni necessarie per garantire che anche i suoi subappaltatori e altri soggetti collaboratori garantiscano l&#8217;applicazione di adeguate misure di sicurezza ogni volta che trattano dati personali su richiesta dell&#8217;Amministratore.<\/span><\/li>\n<\/ol>\n<\/li>\n<\/ol>\n<ol style=\"list-style-type: upper-roman;\" start=\"7\">\n<li style=\"font-weight: 400;\" aria-level=\"1\"><span style=\"font-weight: 400;\">DISPOSIZIONI FINALI<\/span>\n<ol>\n<li style=\"font-weight: 400;\" aria-level=\"2\"><span style=\"font-weight: 400;\">L&#8217;Amministratore si riserva il diritto di modificare la presente Policy.<\/span><\/li>\n<li style=\"font-weight: 400;\" aria-level=\"2\"><span style=\"font-weight: 400;\">Fatte salve le disposizioni delle leggi di\u00a0applicazione generale, la legge applicabile alla presente Policy \u00e8 quella della sede legale dell&#8217;Amministratore.<\/span><\/li>\n<\/ol>\n<\/li>\n<\/ol>\n","protected":false},"excerpt":{"rendered":"<p>DEFINIZIONI Amministratore\u00a0&#8211; soggetto indicato nei Termini e condizioni; Dati personali\u00a0&#8211; tutte le informazioni su una persona fisica identificata o identificabile da uno o pi\u00f9 fattori specifici che determinano l&#8217;identit\u00e0 fisica, fisiologica, genetica, mentale, economica, culturale o sociale, inclusi l&#8217;IP del dispositivo, i dati sulla posizione, l&#8217;identificatore online e le informazioni raccolte tramite i cookie e [&hellip;]<\/p>\n","protected":false},"author":1,"featured_media":0,"parent":0,"menu_order":0,"comment_status":"closed","ping_status":"closed","template":"","meta":{"footnotes":""},"class_list":["post-74296","page","type-page","status-publish","hentry"],"_links":{"self":[{"href":"https:\/\/eu.nutramarket.net\/it\/wp-json\/wp\/v2\/pages\/74296","targetHints":{"allow":["GET"]}}],"collection":[{"href":"https:\/\/eu.nutramarket.net\/it\/wp-json\/wp\/v2\/pages"}],"about":[{"href":"https:\/\/eu.nutramarket.net\/it\/wp-json\/wp\/v2\/types\/page"}],"author":[{"embeddable":true,"href":"https:\/\/eu.nutramarket.net\/it\/wp-json\/wp\/v2\/users\/1"}],"replies":[{"embeddable":true,"href":"https:\/\/eu.nutramarket.net\/it\/wp-json\/wp\/v2\/comments?post=74296"}],"version-history":[{"count":3,"href":"https:\/\/eu.nutramarket.net\/it\/wp-json\/wp\/v2\/pages\/74296\/revisions"}],"predecessor-version":[{"id":109866,"href":"https:\/\/eu.nutramarket.net\/it\/wp-json\/wp\/v2\/pages\/74296\/revisions\/109866"}],"wp:attachment":[{"href":"https:\/\/eu.nutramarket.net\/it\/wp-json\/wp\/v2\/media?parent=74296"}],"curies":[{"name":"wp","href":"https:\/\/api.w.org\/{rel}","templated":true}]}}