{"id":109709,"date":"2023-06-28T07:30:28","date_gmt":"2023-06-28T05:30:28","guid":{"rendered":"https:\/\/eu.nutramarket.net\/product\/vigaman\/"},"modified":"2023-10-25T13:59:34","modified_gmt":"2023-10-25T11:59:34","slug":"vigaman","status":"publish","type":"product","link":"https:\/\/eu.nutramarket.net\/it\/prodotto\/vigaman\/","title":{"rendered":"Vigaman"},"content":{"rendered":"<p><span style=\"font-weight: 400;\">Il prodotto \u00e8 stato sviluppato per gli uomini che vogliono:<\/span><\/p>\n<ul>\n<li style=\"font-weight: 400;\" aria-level=\"1\"><span style=\"font-weight: 400;\">mantenere un livello adeguato di attivit\u00e0 sessuale<\/span><\/li>\n<li style=\"font-weight: 400;\" aria-level=\"1\"><span style=\"font-weight: 400;\">sostenere il corretto processo di spermatogenesi<\/span><\/li>\n<li style=\"font-weight: 400;\" aria-level=\"1\"><span style=\"font-weight: 400;\">migliorare la forma fisica e mentale<\/span><\/li>\n<li style=\"font-weight: 400;\" aria-level=\"1\"><span style=\"font-weight: 400;\">prendersi cura della salute e della vitalit\u00e0 in modo completo<\/span><\/li>\n<\/ul>\n","protected":false},"excerpt":{"rendered":"<p><span style=\"font-weight: 400;\">Compresse effervescenti per uomini che vogliono prendersi cura della propria salute in modo completo<\/span><span style=\"font-weight: 400;\"><br \/>\n<\/span><span style=\"font-weight: 400;\"> 20 compresse<\/span><\/p>\n<p><span style=\"font-weight: 400;\">Vigaman \u00e8 un integratore alimentare creato per gli uomini che amano godersi la vita al massimo.\u00a0 I principi attivi consentono di mantenere la vitalit\u00e0 e aiutare la forma fisica e mentale. Un&#8217;azione importante \u00e8 quella di migliorare l&#8217;attivit\u00e0 sessuale, garantendo il corretto livello di testosterone.<\/span><\/p>\n","protected":false},"featured_media":19088,"template":"","meta":[],"product_cat":[87],"product_tag":[],"class_list":{"0":"post-109709","1":"product","2":"type-product","3":"status-publish","4":"has-post-thumbnail","6":"product_cat-well-being-it","8":"first","9":"instock","10":"shipping-taxable","11":"purchasable","12":"product-type-simple"},"_links":{"self":[{"href":"https:\/\/eu.nutramarket.net\/it\/wp-json\/wp\/v2\/product\/109709","targetHints":{"allow":["GET"]}}],"collection":[{"href":"https:\/\/eu.nutramarket.net\/it\/wp-json\/wp\/v2\/product"}],"about":[{"href":"https:\/\/eu.nutramarket.net\/it\/wp-json\/wp\/v2\/types\/product"}],"wp:featuredmedia":[{"embeddable":true,"href":"https:\/\/eu.nutramarket.net\/it\/wp-json\/wp\/v2\/media\/19088"}],"wp:attachment":[{"href":"https:\/\/eu.nutramarket.net\/it\/wp-json\/wp\/v2\/media?parent=109709"}],"wp:term":[{"taxonomy":"product_cat","embeddable":true,"href":"https:\/\/eu.nutramarket.net\/it\/wp-json\/wp\/v2\/product_cat?post=109709"},{"taxonomy":"product_tag","embeddable":true,"href":"https:\/\/eu.nutramarket.net\/it\/wp-json\/wp\/v2\/product_tag?post=109709"}],"curies":[{"name":"wp","href":"https:\/\/api.w.org\/{rel}","templated":true}]}}