{"id":109767,"date":"2023-05-09T13:48:28","date_gmt":"2023-05-09T11:48:28","guid":{"rendered":"https:\/\/eu.nutramarket.net\/product\/yeslashes\/"},"modified":"2023-10-25T14:02:34","modified_gmt":"2023-10-25T12:02:34","slug":"yeslashes","status":"publish","type":"product","link":"https:\/\/eu.nutramarket.net\/it\/prodotto\/yeslashes\/","title":{"rendered":"YESlashes"},"content":{"rendered":"<p><span style=\"font-weight: 400;\">Il prodotto \u00e8 stato sviluppato per le persone che:<\/span><\/p>\n<ul>\n<li style=\"font-weight: 400;\" aria-level=\"1\"><span style=\"font-weight: 400;\">si aspettano una crescita pi\u00f9 rapida di ciglia e sopracciglia,<\/span><\/li>\n<li style=\"font-weight: 400;\" aria-level=\"1\"><span style=\"font-weight: 400;\">vogliono infoltire ciglia e sopracciglia,<\/span><\/li>\n<li style=\"font-weight: 400;\" aria-level=\"1\"><span style=\"font-weight: 400;\">apprezzano l&#8217;uso facile e comodo dei cosmetici,<\/span><\/li>\n<li style=\"font-weight: 400;\" aria-level=\"1\"><span style=\"font-weight: 400;\">hanno occhi sensibili e portano lenti a contatto.<\/span><\/li>\n<\/ul>\n","protected":false},"excerpt":{"rendered":"<p><span style=\"font-weight: 400;\">Gel per la crescita di ciglia e sopracciglia<\/span><span style=\"font-weight: 400;\"><br \/>\n<\/span><span style=\"font-weight: 400;\">10 ml<\/span><\/p>\n<p><span style=\"font-weight: 400;\">YESlashes \u00e8 un balsamo sotto forma di gel per chiunque desideri aiutare la crescita delle proprie ciglia e sopracciglia.\u00a0 I principi attivi sono stati selezionati per stimolare i peli a crescere pi\u00f9 velocemente. Inoltre, l&#8217;effetto del balsamo pu\u00f2 aiutare a infoltire le sopracciglia e le ciglia e a scurirle. Grazie a questo, lo sguardo acquisir\u00e0 espressione, mentre il viso acquisir\u00e0 carattere. La confezione ricorda un mascara tradizionale, il che rende pi\u00f9 facile l&#8217;uso del gel.<\/span><\/p>\n","protected":false},"featured_media":14048,"template":"","meta":[],"product_cat":[80],"product_tag":[],"class_list":{"0":"post-109767","1":"product","2":"type-product","3":"status-publish","4":"has-post-thumbnail","6":"product_cat-beauty-it","8":"first","9":"instock","10":"shipping-taxable","11":"purchasable","12":"product-type-simple"},"_links":{"self":[{"href":"https:\/\/eu.nutramarket.net\/it\/wp-json\/wp\/v2\/product\/109767","targetHints":{"allow":["GET"]}}],"collection":[{"href":"https:\/\/eu.nutramarket.net\/it\/wp-json\/wp\/v2\/product"}],"about":[{"href":"https:\/\/eu.nutramarket.net\/it\/wp-json\/wp\/v2\/types\/product"}],"wp:featuredmedia":[{"embeddable":true,"href":"https:\/\/eu.nutramarket.net\/it\/wp-json\/wp\/v2\/media\/14048"}],"wp:attachment":[{"href":"https:\/\/eu.nutramarket.net\/it\/wp-json\/wp\/v2\/media?parent=109767"}],"wp:term":[{"taxonomy":"product_cat","embeddable":true,"href":"https:\/\/eu.nutramarket.net\/it\/wp-json\/wp\/v2\/product_cat?post=109767"},{"taxonomy":"product_tag","embeddable":true,"href":"https:\/\/eu.nutramarket.net\/it\/wp-json\/wp\/v2\/product_tag?post=109767"}],"curies":[{"name":"wp","href":"https:\/\/api.w.org\/{rel}","templated":true}]}}