{"id":109776,"date":"2023-05-09T13:45:46","date_gmt":"2023-05-09T11:45:46","guid":{"rendered":"https:\/\/eu.nutramarket.net\/product\/perfecto-cream\/"},"modified":"2023-10-25T13:53:01","modified_gmt":"2023-10-25T11:53:01","slug":"perfecto-cream","status":"publish","type":"product","link":"https:\/\/eu.nutramarket.net\/it\/prodotto\/perfecto-cream\/","title":{"rendered":"Perfecto Cream"},"content":{"rendered":"<p><span style=\"font-weight: 400;\">Il prodotto \u00e8 stato sviluppato per le persone che:<\/span><\/p>\n<ul>\n<li style=\"font-weight: 400;\" aria-level=\"1\"><span style=\"font-weight: 400;\">vogliono prendersi cura in modo completo della pelle affetta da cellulite,<\/span><\/li>\n<li style=\"font-weight: 400;\" aria-level=\"1\"><span style=\"font-weight: 400;\">vogliono migliorare l&#8217;aspetto e le condizioni della pelle,<\/span><\/li>\n<li style=\"font-weight: 400;\" aria-level=\"1\"><span style=\"font-weight: 400;\">si lamentano dell&#8217;eccesso di tessuto adiposo. <\/span><\/li>\n<\/ul>\n","protected":false},"excerpt":{"rendered":"<p><span style=\"font-weight: 400;\">Balsamo per il corpo con propriet\u00e0 curative e rassodanti<\/span><span style=\"font-weight: 400;\"><br \/>\n<\/span><span style=\"font-weight: 400;\">200 ml<\/span><\/p>\n<p><span style=\"font-weight: 400;\">Perfecto Cream \u00e8 un balsamo per tutti coloro che ci tengono alla cura del corpo e delle sue buone condizioni.\u00a0 Un aspetto importante del balsamo \u00e8 il suo effetto benefico sulla riduzione della cellulite. Aiuta nell&#8217;eliminazione del tessuto adiposo in eccesso.\u00a0 La ricchezza di ingredienti fa s\u00ec che la pelle sia curata per l&#8217;intera giornata.\u00a0 Nonostante ci\u00f2, la sua consistenza \u00e8 delicata e si assorbe rapidamente, il che significa che il balsamo pu\u00f2 essere utilizzato mattina e sera.<\/span><\/p>\n","protected":false},"featured_media":13954,"template":"","meta":[],"product_cat":[80],"product_tag":[],"class_list":{"0":"post-109776","1":"product","2":"type-product","3":"status-publish","4":"has-post-thumbnail","6":"product_cat-beauty-it","8":"first","9":"instock","10":"shipping-taxable","11":"purchasable","12":"product-type-simple"},"_links":{"self":[{"href":"https:\/\/eu.nutramarket.net\/it\/wp-json\/wp\/v2\/product\/109776","targetHints":{"allow":["GET"]}}],"collection":[{"href":"https:\/\/eu.nutramarket.net\/it\/wp-json\/wp\/v2\/product"}],"about":[{"href":"https:\/\/eu.nutramarket.net\/it\/wp-json\/wp\/v2\/types\/product"}],"wp:featuredmedia":[{"embeddable":true,"href":"https:\/\/eu.nutramarket.net\/it\/wp-json\/wp\/v2\/media\/13954"}],"wp:attachment":[{"href":"https:\/\/eu.nutramarket.net\/it\/wp-json\/wp\/v2\/media?parent=109776"}],"wp:term":[{"taxonomy":"product_cat","embeddable":true,"href":"https:\/\/eu.nutramarket.net\/it\/wp-json\/wp\/v2\/product_cat?post=109776"},{"taxonomy":"product_tag","embeddable":true,"href":"https:\/\/eu.nutramarket.net\/it\/wp-json\/wp\/v2\/product_tag?post=109776"}],"curies":[{"name":"wp","href":"https:\/\/api.w.org\/{rel}","templated":true}]}}