{"id":109793,"date":"2023-04-19T07:58:37","date_gmt":"2023-04-19T05:58:37","guid":{"rendered":"https:\/\/eu.nutramarket.net\/product\/dr-merritz\/"},"modified":"2024-04-24T14:54:31","modified_gmt":"2024-04-24T12:54:31","slug":"dr-merritz","status":"publish","type":"product","link":"https:\/\/eu.nutramarket.net\/it\/prodotto\/dr-merritz\/","title":{"rendered":"Dr. Merritz"},"content":{"rendered":"<p><span style=\"font-weight: 400;\">Il prodotto \u00e8 stato sviluppato per le persone che:\u00a0<\/span><\/p>\n<ul>\n<li style=\"font-weight: 400;\" aria-level=\"1\"><span style=\"font-weight: 400;\">Vogliono rigenerare e rinforzare le unghie\u00a0<\/span><\/li>\n<li style=\"font-weight: 400;\" aria-level=\"1\"><span style=\"font-weight: 400;\">Vogliono migliorare la condizione delle unghie<\/span><\/li>\n<li style=\"font-weight: 400;\" aria-level=\"1\"><span style=\"font-weight: 400;\">Vogliono aumentare la resistenza delle unghie ai danni meccanici<\/span><\/li>\n<li style=\"font-weight: 400;\" aria-level=\"1\"><span style=\"font-weight: 400;\">Vogliono ottenere l&#8217;effetto di unghie lucide e lisce\u00a0<\/span><\/li>\n<li style=\"font-weight: 400;\" aria-level=\"1\"><span style=\"font-weight: 400;\">Vogliono aiutare la crescita della lamina ungueale<\/span><\/li>\n<li style=\"font-weight: 400;\" aria-level=\"1\"><span style=\"font-weight: 400;\">Cercando un prodotto che, oltre alla cura, abbia propriet\u00e0 antibatteriche e antimicotiche<\/span><\/li>\n<\/ul>\n","protected":false},"excerpt":{"rendered":"<p><span style=\"font-weight: 400;\">Balsamo rigenerante per unghie danneggiate con propriet\u00e0 antimicrobiche<\/span><span style=\"font-weight: 400;\"><br \/>\n<\/span><span style=\"font-weight: 400;\">5 ml<\/span><\/p>\n<p><span style=\"font-weight: 400;\">Dr. Merritz \u00e8 un balsamo in una pratica forma di smalto per unghie. \u00c8 stato creato per le persone che soffrono di problemi alle unghie dei piedi e alle mani. Lo smalto ha propriet\u00e0 antibatteriche e antimicotiche. Pu\u00f2 essere utilizzato anche per migliorare la condizione delle unghie, rigenerarle e rinforzarle.\u00a0 Di conseguenza pu\u00f2 lucidare e levigare le unghie.<\/span><\/p>\n","protected":false},"featured_media":190332,"template":"","meta":[],"product_cat":[80],"product_tag":[],"class_list":{"0":"post-109793","1":"product","2":"type-product","3":"status-publish","4":"has-post-thumbnail","6":"product_cat-beauty-it","8":"first","9":"instock","10":"shipping-taxable","11":"purchasable","12":"product-type-simple"},"_links":{"self":[{"href":"https:\/\/eu.nutramarket.net\/it\/wp-json\/wp\/v2\/product\/109793","targetHints":{"allow":["GET"]}}],"collection":[{"href":"https:\/\/eu.nutramarket.net\/it\/wp-json\/wp\/v2\/product"}],"about":[{"href":"https:\/\/eu.nutramarket.net\/it\/wp-json\/wp\/v2\/types\/product"}],"wp:featuredmedia":[{"embeddable":true,"href":"https:\/\/eu.nutramarket.net\/it\/wp-json\/wp\/v2\/media\/190332"}],"wp:attachment":[{"href":"https:\/\/eu.nutramarket.net\/it\/wp-json\/wp\/v2\/media?parent=109793"}],"wp:term":[{"taxonomy":"product_cat","embeddable":true,"href":"https:\/\/eu.nutramarket.net\/it\/wp-json\/wp\/v2\/product_cat?post=109793"},{"taxonomy":"product_tag","embeddable":true,"href":"https:\/\/eu.nutramarket.net\/it\/wp-json\/wp\/v2\/product_tag?post=109793"}],"curies":[{"name":"wp","href":"https:\/\/api.w.org\/{rel}","templated":true}]}}