{"id":190185,"date":"2023-04-19T15:58:02","date_gmt":"2023-04-19T13:58:02","guid":{"rendered":"https:\/\/eu.nutramarket.net\/product\/vidia-oil\/"},"modified":"2024-02-15T17:53:55","modified_gmt":"2024-02-15T16:53:55","slug":"vidia-oil","status":"publish","type":"product","link":"https:\/\/eu.nutramarket.net\/it\/prodotto\/vidia-oil\/","title":{"rendered":"Vidia Oil"},"content":{"rendered":"<p><b>Il prodotto \u00e8 stato sviluppato per le persone che:\u00a0<\/b><\/p>\n<ul>\n<li style=\"font-weight: 400;\" aria-level=\"1\"><span style=\"font-weight: 400;\">vogliono prendersi cura del proprio udito<\/span><\/li>\n<li style=\"font-weight: 400;\" aria-level=\"1\"><span style=\"font-weight: 400;\">vogliono prendersi cura del proprio apparato circolatorio\u00a0<\/span><\/li>\n<li style=\"font-weight: 400;\" aria-level=\"1\"><span style=\"font-weight: 400;\">vogliono controllare meglio i livelli di colesterolo<\/span><\/li>\n<li style=\"font-weight: 400;\" aria-level=\"1\"><span style=\"font-weight: 400;\">vogliono aiutare il proprio sistema immunitario<\/span><\/li>\n<li style=\"font-weight: 400;\" aria-level=\"1\"><span style=\"font-weight: 400;\">vogliono prendersi cura del proprio umore\u00a0\u00a0<\/span><\/li>\n<\/ul>\n<p>&nbsp;<\/p>\n","protected":false},"excerpt":{"rendered":"<p>Integratore alimentare sotto forma di gocce con effetti benefici per la salute<br \/>\n10 g<\/p>\n<p><span style=\"font-weight: 400;\">Vidia Oil \u00e8 un olio destinato principalmente alle persone che vogliono prendersi cura del proprio udito.\u00a0 <\/span><span style=\"font-weight: 400;\">Grazie al contenuto di olio di semi di canapa, ha un effetto benefico sull&#8217;apparato circolatorio e ha un&#8217;azione calmante e rilassante.\u00a0 Ci\u00f2 fa funzionare meglio l&#8217;udito perch\u00e9 tutto l&#8217;organismo non \u00e8 esposto allo stress.\u00a0 L&#8217;olio aiuta anche il corretto funzionamento del sistema immunitario. \u00a0<\/span><\/p>\n","protected":false},"featured_media":190180,"template":"","meta":[],"product_cat":[87],"product_tag":[],"class_list":{"0":"post-190185","1":"product","2":"type-product","3":"status-publish","4":"has-post-thumbnail","6":"product_cat-well-being-it","8":"first","9":"instock","10":"shipping-taxable","11":"purchasable","12":"product-type-simple"},"_links":{"self":[{"href":"https:\/\/eu.nutramarket.net\/it\/wp-json\/wp\/v2\/product\/190185","targetHints":{"allow":["GET"]}}],"collection":[{"href":"https:\/\/eu.nutramarket.net\/it\/wp-json\/wp\/v2\/product"}],"about":[{"href":"https:\/\/eu.nutramarket.net\/it\/wp-json\/wp\/v2\/types\/product"}],"wp:featuredmedia":[{"embeddable":true,"href":"https:\/\/eu.nutramarket.net\/it\/wp-json\/wp\/v2\/media\/190180"}],"wp:attachment":[{"href":"https:\/\/eu.nutramarket.net\/it\/wp-json\/wp\/v2\/media?parent=190185"}],"wp:term":[{"taxonomy":"product_cat","embeddable":true,"href":"https:\/\/eu.nutramarket.net\/it\/wp-json\/wp\/v2\/product_cat?post=190185"},{"taxonomy":"product_tag","embeddable":true,"href":"https:\/\/eu.nutramarket.net\/it\/wp-json\/wp\/v2\/product_tag?post=190185"}],"curies":[{"name":"wp","href":"https:\/\/api.w.org\/{rel}","templated":true}]}}