{"id":190229,"date":"2024-03-06T15:32:03","date_gmt":"2024-03-06T14:32:03","guid":{"rendered":"https:\/\/eu.nutramarket.net\/product\/nightbeast\/"},"modified":"2024-03-07T10:09:21","modified_gmt":"2024-03-07T09:09:21","slug":"nightbeast","status":"publish","type":"product","link":"https:\/\/eu.nutramarket.net\/it\/prodotto\/nightbeast\/","title":{"rendered":"Night Beast"},"content":{"rendered":"<p><b>Il prodotto \u00e8 stato sviluppato per gli uomini che vogliono:\u00a0<\/b><\/p>\n<ul>\n<li style=\"font-weight: 400;\" aria-level=\"1\"><span style=\"font-weight: 400;\">vogliono prolungare la durata dell&#8217;erezione,<\/span><\/li>\n<li style=\"font-weight: 400;\" aria-level=\"1\"><span style=\"font-weight: 400;\">vogliono stimolare la crescita del pene,<\/span><\/li>\n<li style=\"font-weight: 400;\" aria-level=\"1\"><span style=\"font-weight: 400;\">vogliono migliorare l&#8217;aspetto del pene,<\/span><\/li>\n<li style=\"font-weight: 400;\" aria-level=\"1\"><span style=\"font-weight: 400;\">vogliono nutrire e rinforzare la pelle delle zone intime,<\/span><\/li>\n<li style=\"font-weight: 400;\" aria-level=\"1\"><span style=\"font-weight: 400;\">vogliono stimolare e sensibilizzare le zone intime durante il rapporto.<\/span><\/li>\n<\/ul>\n<p>&nbsp;<\/p>\n","protected":false},"excerpt":{"rendered":"<p><span style=\"font-weight: 400;\">Crema intima per gli uomini che vogliono potenziare le proprie sensazioni<\/span><\/p>\n<p><span style=\"font-weight: 400;\">\u00a0<\/span><\/p>\n<p><span style=\"font-weight: 400;\">150 ml<\/span><\/p>\n<p><span style=\"font-weight: 400;\">\u00a0<\/span><\/p>\n<p><span style=\"font-weight: 400;\">Descrizione<\/span><\/p>\n<p>&nbsp;<\/p>\n<p><span style=\"font-weight: 400;\">NightBeast \u00e8 una crema per l&#8217;uomo, per le zone intime. \u00c8 destinata a tutti coloro che desiderano migliorare le sensazioni durante il rapporto. Il prodotto permette di prolungare l&#8217;erezione, \u00e8 anche in grado di aumentare le dimensioni del pene e in generale di migliorarne l&#8217;aspetto. Tutto ci\u00f2 rende il sesso molto pi\u00f9 piacevole per entrambi i partner e aumenta notevolmente la temperatura nella camera da letto.<\/span><\/p>\n","protected":false},"featured_media":190225,"template":"","meta":[],"product_cat":[87],"product_tag":[],"class_list":{"0":"post-190229","1":"product","2":"type-product","3":"status-publish","4":"has-post-thumbnail","6":"product_cat-well-being-it","8":"first","9":"instock","10":"shipping-taxable","11":"purchasable","12":"product-type-simple"},"_links":{"self":[{"href":"https:\/\/eu.nutramarket.net\/it\/wp-json\/wp\/v2\/product\/190229","targetHints":{"allow":["GET"]}}],"collection":[{"href":"https:\/\/eu.nutramarket.net\/it\/wp-json\/wp\/v2\/product"}],"about":[{"href":"https:\/\/eu.nutramarket.net\/it\/wp-json\/wp\/v2\/types\/product"}],"wp:featuredmedia":[{"embeddable":true,"href":"https:\/\/eu.nutramarket.net\/it\/wp-json\/wp\/v2\/media\/190225"}],"wp:attachment":[{"href":"https:\/\/eu.nutramarket.net\/it\/wp-json\/wp\/v2\/media?parent=190229"}],"wp:term":[{"taxonomy":"product_cat","embeddable":true,"href":"https:\/\/eu.nutramarket.net\/it\/wp-json\/wp\/v2\/product_cat?post=190229"},{"taxonomy":"product_tag","embeddable":true,"href":"https:\/\/eu.nutramarket.net\/it\/wp-json\/wp\/v2\/product_tag?post=190229"}],"curies":[{"name":"wp","href":"https:\/\/api.w.org\/{rel}","templated":true}]}}