{"id":190343,"date":"2024-04-26T10:04:28","date_gmt":"2024-04-26T08:04:28","guid":{"rendered":"https:\/\/eu.nutramarket.net\/?post_type=product&#038;p=190343"},"modified":"2024-04-26T11:03:32","modified_gmt":"2024-04-26T09:03:32","slug":"visadore","status":"publish","type":"product","link":"https:\/\/eu.nutramarket.net\/it\/prodotto\/visadore\/","title":{"rendered":"Visador\u00e9"},"content":{"rendered":"<p><b>Il prodotto \u00e8 stato sviluppato per le donne che:\u00a0<\/b><\/p>\n<ul>\n<li style=\"font-weight: 400;\" aria-level=\"1\"><span style=\"font-weight: 400;\">vogliono rallentare i processi di invecchiamento cutaneo,<\/span><\/li>\n<li style=\"font-weight: 400;\" aria-level=\"1\"><span style=\"font-weight: 400;\">cercano un prodotto con effetto liftante e levigante,<\/span><\/li>\n<li style=\"font-weight: 400;\" aria-level=\"1\"><span style=\"font-weight: 400;\">cercano un prodotto che si assorba rapidamente e non lasci uno strato appiccicoso,<\/span><\/li>\n<li style=\"font-weight: 400;\" aria-level=\"1\"><span style=\"font-weight: 400;\">cercano un prodotto adatto sotto il trucco.<\/span><\/li>\n<\/ul>\n","protected":false},"excerpt":{"rendered":"<p><span style=\"font-weight: 400;\">Crema viso da giorno, levigante<\/span><span style=\"font-weight: 400;\">. Per le donne che si prendono cura della pelle del viso.<br \/>\n<\/span><span style=\"font-weight: 400;\">50 ml<\/span><\/p>\n<p><span style=\"font-weight: 400;\">Visador\u00e8 Day \u00e8 una crema da giorno creata per le donne che desiderano rallentare il processo di invecchiamento cutaneo. Grazie al contenuto di principi attivi, la crema favorisce la rigenerazione dell&#8217;epidermide e ha un effetto lifting. La crema Visador\u00e8 si assorbe perfettamente e non lascia uno strato appiccicoso e sgradevole, grazie a ci\u00f2 \u00e8 adatta all&#8217;uso sotto il trucco.<\/span><\/p>\n","protected":false},"featured_media":190347,"template":"","meta":[],"product_cat":[80],"product_tag":[],"class_list":{"0":"post-190343","1":"product","2":"type-product","3":"status-publish","4":"has-post-thumbnail","6":"product_cat-beauty-it","8":"first","9":"instock","10":"shipping-taxable","11":"purchasable","12":"product-type-simple"},"_links":{"self":[{"href":"https:\/\/eu.nutramarket.net\/it\/wp-json\/wp\/v2\/product\/190343","targetHints":{"allow":["GET"]}}],"collection":[{"href":"https:\/\/eu.nutramarket.net\/it\/wp-json\/wp\/v2\/product"}],"about":[{"href":"https:\/\/eu.nutramarket.net\/it\/wp-json\/wp\/v2\/types\/product"}],"wp:featuredmedia":[{"embeddable":true,"href":"https:\/\/eu.nutramarket.net\/it\/wp-json\/wp\/v2\/media\/190347"}],"wp:attachment":[{"href":"https:\/\/eu.nutramarket.net\/it\/wp-json\/wp\/v2\/media?parent=190343"}],"wp:term":[{"taxonomy":"product_cat","embeddable":true,"href":"https:\/\/eu.nutramarket.net\/it\/wp-json\/wp\/v2\/product_cat?post=190343"},{"taxonomy":"product_tag","embeddable":true,"href":"https:\/\/eu.nutramarket.net\/it\/wp-json\/wp\/v2\/product_tag?post=190343"}],"curies":[{"name":"wp","href":"https:\/\/api.w.org\/{rel}","templated":true}]}}