{"id":120039,"date":"2023-12-13T14:58:32","date_gmt":"2023-12-13T13:58:32","guid":{"rendered":"https:\/\/eu.nutramarket.net\/?post_type=product&#038;p=120039"},"modified":"2024-02-14T13:57:00","modified_gmt":"2024-02-14T12:57:00","slug":"vitasimil","status":"publish","type":"product","link":"https:\/\/eu.nutramarket.net\/pt-pt\/produto\/vitasimil\/","title":{"rendered":"VITASIMIL"},"content":{"rendered":"<p><b>Produto desenvolvido a pensar nas pessoas que:<\/b><\/p>\n<ul>\n<li style=\"font-weight: 400;\" aria-level=\"1\"><span style=\"font-weight: 400;\">procuram apoio durante o processo de emagrecimento,<\/span><\/li>\n<li style=\"font-weight: 400;\" aria-level=\"1\"><span style=\"font-weight: 400;\">apreciam novas formas de administra\u00e7\u00e3o do produto,<\/span><\/li>\n<li style=\"font-weight: 400;\" aria-level=\"1\"><span style=\"font-weight: 400;\">esperam uma a\u00e7\u00e3o polivalente,\u00a0<\/span><\/li>\n<li style=\"font-weight: 400;\" aria-level=\"1\"><span style=\"font-weight: 400;\">pretendem favorecer o metabolismo dos l\u00edpidos e dos hidratos de carbono,<\/span><\/li>\n<li style=\"font-weight: 400;\" aria-level=\"1\"><span style=\"font-weight: 400;\">pretendem favorecer a manuten\u00e7\u00e3o de n\u00edveis corretos de glicose no sangue,<\/span><\/li>\n<li style=\"font-weight: 400;\" aria-level=\"1\"><span style=\"font-weight: 400;\">pretendem manter o bem-estar f\u00edsico,<\/span><\/li>\n<li style=\"font-weight: 400;\" aria-level=\"1\"><span style=\"font-weight: 400;\">pretendem favorecer a digest\u00e3o.<\/span><\/li>\n<\/ul>\n","protected":false},"excerpt":{"rendered":"<p><span style=\"font-weight: 400;\">Comprimidos efervescentes\u00a0de apoio ao processo de emagrecimento<\/span><\/p>\n<p><span style=\"font-weight: 400;\"> Vitasimil \u00e9 um suplemento alimentar concebido a pensar nas pessoas que procuram apoio no processo de emagrecimento. Apresenta-se na inovadora forma de um p\u00f3, que pode ser adicionado ao seu batido, iogurte ou sumo preferido. Os ingredientes ativos contidos na prepara\u00e7\u00e3o t\u00eam como finalidade auxiliar o organismo no processo de metaboliza\u00e7\u00e3o dos l\u00edpidos (gorduras) e hidratos de carbono. As fibras presentes na composi\u00e7\u00e3o regulam a digest\u00e3o.<\/span><\/p>\n<p><span style=\"font-weight: 400;\">14 saquetas<\/span><\/p>\n<p><span style=\"font-weight: 400;\">\u00a0<\/span><\/p>\n<p><span style=\"font-weight: 400;\">14 bustine<\/span><\/p>\n<p><span style=\"font-weight: 400;\">\u00a0<\/span><\/p>\n<p><span style=\"font-weight: 400;\">Vitasimil \u00e8 un integratore alimentare creato per chi cerca aiuto nel processo di perdita di peso.\u00a0 Ha un&#8217;innovativa forma in polvere che pu\u00f2 essere aggiunta al tuo frullato, yogurt o succo preferito. I principi attivi contenuti hanno lo scopo di aiutare l&#8217;organismo nel processo di metabolismo dei lipidi (grassi) e dei carboidrati.\u00a0 La fibra contenuta nella composizione regola la digestione.<\/span><\/p>\n","protected":false},"featured_media":120064,"template":"","meta":[],"product_cat":[88],"product_tag":[],"class_list":{"0":"post-120039","1":"product","2":"type-product","3":"status-publish","4":"has-post-thumbnail","6":"product_cat-well-being-pt-pt","8":"first","9":"instock","10":"shipping-taxable","11":"purchasable","12":"product-type-simple"},"_links":{"self":[{"href":"https:\/\/eu.nutramarket.net\/pt-pt\/wp-json\/wp\/v2\/product\/120039","targetHints":{"allow":["GET"]}}],"collection":[{"href":"https:\/\/eu.nutramarket.net\/pt-pt\/wp-json\/wp\/v2\/product"}],"about":[{"href":"https:\/\/eu.nutramarket.net\/pt-pt\/wp-json\/wp\/v2\/types\/product"}],"wp:featuredmedia":[{"embeddable":true,"href":"https:\/\/eu.nutramarket.net\/pt-pt\/wp-json\/wp\/v2\/media\/120064"}],"wp:attachment":[{"href":"https:\/\/eu.nutramarket.net\/pt-pt\/wp-json\/wp\/v2\/media?parent=120039"}],"wp:term":[{"taxonomy":"product_cat","embeddable":true,"href":"https:\/\/eu.nutramarket.net\/pt-pt\/wp-json\/wp\/v2\/product_cat?post=120039"},{"taxonomy":"product_tag","embeddable":true,"href":"https:\/\/eu.nutramarket.net\/pt-pt\/wp-json\/wp\/v2\/product_tag?post=120039"}],"curies":[{"name":"wp","href":"https:\/\/api.w.org\/{rel}","templated":true}]}}