{"id":74291,"date":"2023-04-04T10:57:38","date_gmt":"2023-04-04T08:57:38","guid":{"rendered":"https:\/\/eu.nutramarket.net\/my-account\/"},"modified":"2023-11-15T15:23:45","modified_gmt":"2023-11-15T14:23:45","slug":"my-account","status":"publish","type":"page","link":"https:\/\/eu.nutramarket.net\/sk\/my-account\/","title":{"rendered":"M\u00f4j \u00fa\u010det"},"content":{"rendered":"<div class=\"woocommerce\"><\/div>\n","protected":false},"excerpt":{"rendered":"","protected":false},"author":1,"featured_media":0,"parent":0,"menu_order":0,"comment_status":"closed","ping_status":"closed","template":"","meta":{"footnotes":""},"class_list":["post-74291","page","type-page","status-publish","hentry"],"_links":{"self":[{"href":"https:\/\/eu.nutramarket.net\/sk\/wp-json\/wp\/v2\/pages\/74291","targetHints":{"allow":["GET"]}}],"collection":[{"href":"https:\/\/eu.nutramarket.net\/sk\/wp-json\/wp\/v2\/pages"}],"about":[{"href":"https:\/\/eu.nutramarket.net\/sk\/wp-json\/wp\/v2\/types\/page"}],"author":[{"embeddable":true,"href":"https:\/\/eu.nutramarket.net\/sk\/wp-json\/wp\/v2\/users\/1"}],"replies":[{"embeddable":true,"href":"https:\/\/eu.nutramarket.net\/sk\/wp-json\/wp\/v2\/comments?post=74291"}],"version-history":[{"count":1,"href":"https:\/\/eu.nutramarket.net\/sk\/wp-json\/wp\/v2\/pages\/74291\/revisions"}],"predecessor-version":[{"id":109979,"href":"https:\/\/eu.nutramarket.net\/sk\/wp-json\/wp\/v2\/pages\/74291\/revisions\/109979"}],"wp:attachment":[{"href":"https:\/\/eu.nutramarket.net\/sk\/wp-json\/wp\/v2\/media?parent=74291"}],"curies":[{"name":"wp","href":"https:\/\/api.w.org\/{rel}","templated":true}]}}