{"id":74298,"date":"2023-04-19T07:44:36","date_gmt":"2023-04-19T05:44:36","guid":{"rendered":"https:\/\/eu.nutramarket.net\/polityka-prywatnosci-i-cookies\/"},"modified":"2023-10-25T14:13:57","modified_gmt":"2023-10-25T12:13:57","slug":"zasady-ochrany-osobnych-udajov-a-subory-cookies","status":"publish","type":"page","link":"https:\/\/eu.nutramarket.net\/sk\/zasady-ochrany-osobnych-udajov-a-subory-cookies\/","title":{"rendered":"Z\u00e1sady ochrany osobn\u00fdch \u00fadajov a s\u00fabory cookies"},"content":{"rendered":"<ol style=\"list-style-type: upper-roman;\" start=\"1\">\n<li style=\"font-weight: 400;\" aria-level=\"1\"><span style=\"font-weight: 400;\">VYMEDZENIE POJMOV<\/span>\n<ol>\n<li style=\"font-weight: 400;\" aria-level=\"2\"><span style=\"font-weight: 400;\">Prev\u00e1dzkovate\u013e \u2013 subjekt uveden\u00fd vo V\u0161eobecn\u00fdch podmienkach;<\/span><\/li>\n<li style=\"font-weight: 400;\" aria-level=\"2\"><span style=\"font-weight: 400;\">Osobn\u00e9 \u00fadaje\u00a0\u2013 v\u0161etky inform\u00e1cie o identifikovanej alebo identifikovate\u013enej fyzickej osobe prostredn\u00edctvom jedn\u00e9ho alebo viacer\u00fdch faktorov \u0161pecifick\u00fdch pre fyzick\u00fa, fyziologick\u00fa, genetick\u00fa, ment\u00e1lnu, ekonomick\u00fa, kult\u00farnu alebo soci\u00e1lnu identitu vr\u00e1tane IP adresy zariadenia, lokaliza\u010dn\u00fdch \u00fadajov, online identifik\u00e1tora a inform\u00e1ci\u00ed zhroma\u017eden\u00fdch prostredn\u00edctvom s\u00faborov cookies a in\u00fdch podobn\u00fdch technol\u00f3gi\u00ed;<\/span><\/li>\n<li style=\"font-weight: 400;\" aria-level=\"2\"><span style=\"font-weight: 400;\">Z\u00e1sady \u2013 tieto Z\u00e1sady ochrany osobn\u00fdch \u00fadajov;<\/span><\/li>\n<li style=\"font-weight: 400;\" aria-level=\"2\"><span style=\"font-weight: 400;\">GDPR \u2013 Nariadenie Eur\u00f3pskeho parlamentu a Rady (E\u00da) 2016\/679 z 27. apr\u00edla 2016 o ochrane fyzick\u00fdch os\u00f4b pri spracov\u00e1van\u00ed osobn\u00fdch \u00fadajov a o vo\u013enom pohybe tak\u00fdchto \u00fadajov, ktor\u00fdm sa zru\u0161uje smernica 95\/46\/ES;<\/span><\/li>\n<li style=\"font-weight: 400;\" aria-level=\"2\"><span style=\"font-weight: 400;\">Pou\u017e\u00edvate\u013e \u2013 fyzick\u00e1 osoba plne sp\u00f4sobil\u00e1 na pr\u00e1vne \u00fakony, ktor\u00e1 pou\u017e\u00edva Webov\u00e9 str\u00e1nky, a malolet\u00e1 osoba alebo osoba bez plnej sp\u00f4sobilosti na pr\u00e1vne \u00fakony so s\u00fahlasom z\u00e1konn\u00e9ho z\u00e1stupcu;<\/span><\/li>\n<\/ol>\n<\/li>\n<\/ol>\n<ol style=\"list-style-type: upper-roman;\" start=\"2\">\n<li style=\"font-weight: 400;\" aria-level=\"1\"><span style=\"font-weight: 400;\">CIELE SPRACOVANIA \u00daDAJOV<\/span>\n<ol>\n<li style=\"font-weight: 400;\" aria-level=\"2\"><span style=\"font-weight: 400;\">\u00dadaje vr\u00e1tane osobn\u00fdch \u00fadajov Pou\u017e\u00edvate\u013eov sa zhroma\u017e\u010fuj\u00fa a sprac\u00favaj\u00fa s cie\u013eom:<\/span>\n<ol>\n<li style=\"font-weight: 400;\" aria-level=\"3\"><span style=\"font-weight: 400;\">pou\u017e\u00edvania Webovej str\u00e1nky;<\/span><\/li>\n<li style=\"font-weight: 400;\" aria-level=\"3\"><span style=\"font-weight: 400;\">pod\u00e1vania a spracov\u00e1vania Objedn\u00e1vok;<\/span><\/li>\n<li style=\"font-weight: 400;\" aria-level=\"3\"><span style=\"font-weight: 400;\">vykon\u00e1vania marketingov\u00fdch \u010dinnost\u00ed vr\u00e1tane kontextovej a behavior\u00e1lnej reklamy;<\/span><\/li>\n<li style=\"font-weight: 400;\" aria-level=\"3\"><span style=\"font-weight: 400;\">priameho marketingu, ak k tomu Pou\u017e\u00edvate\u013e dal s\u00fahlas.<\/span><\/li>\n<\/ol>\n<\/li>\n<li style=\"font-weight: 400;\" aria-level=\"2\"><span style=\"font-weight: 400;\">Osobn\u00e9 \u00fadaje v\u0161etk\u00fdch os\u00f4b pou\u017e\u00edvaj\u00facich Webov\u00fa str\u00e1nku (vr\u00e1tane IP adresy a inform\u00e1ci\u00ed z\u00edskan\u00fdch prostredn\u00edctvom s\u00faborov cookies alebo in\u00fdch podobn\u00fdch technol\u00f3gi\u00ed) s\u00fa spracov\u00e1van\u00e9 Prev\u00e1dzkovate\u013eom:<\/span>\n<ol>\n<li style=\"font-weight: 400;\" aria-level=\"3\"><span style=\"font-weight: 400;\">s cie\u013eom poskytova\u0165 elektronick\u00e9 slu\u017eby na Webovej str\u00e1nke (\u010dl. 6, ods. 1, p\u00edsm. b, GDPR);<\/span><\/li>\n<li style=\"font-weight: 400;\" aria-level=\"3\"><span style=\"font-weight: 400;\">na vybavovanie objedn\u00e1vok zadan\u00fdch na Webovej str\u00e1nke vr\u00e1tane ich odoslania Pred\u00e1vaj\u00facemu (6, ods. 1, p\u00edsm. b, GDPR);<\/span><\/li>\n<li style=\"font-weight: 400;\" aria-level=\"3\"><span style=\"font-weight: 400;\">na vybavovanie reklam\u00e1ci\u00ed Pred\u00e1vaj\u00facim (\u010dl. 6, ods. 1, p\u00edsm. b, GDPR);<\/span><\/li>\n<li style=\"font-weight: 400;\" aria-level=\"3\"><span style=\"font-weight: 400;\">na analytick\u00e9 a \u0161tatistick\u00e9 \u00fa\u010dely (\u010dl. 6, ods. 1, p\u00edsm. f, GDPR);<\/span><\/li>\n<li style=\"font-weight: 400;\" aria-level=\"3\"><span style=\"font-weight: 400;\">pre kontextov\u00fd marketing (\u010dl. 6, ods. 1, p\u00edsm. f, GDPR);<\/span><\/li>\n<li style=\"font-weight: 400;\" aria-level=\"3\"><span style=\"font-weight: 400;\">na technick\u00e9 \u00fa\u010dely (\u010dl. 6, ods. 1, p\u00edsm. f, GDPR);<\/span><\/li>\n<\/ol>\n<\/li>\n<li style=\"font-weight: 400;\" aria-level=\"2\"><span style=\"font-weight: 400;\">Podanie Objedn\u00e1vky Pou\u017e\u00edvate\u013eom Webovej str\u00e1nky zah\u0155\u0148a spracovanie jeho osobn\u00fdch \u00fadajov. Poskytnutie \u00fadajov ozna\u010den\u00fdch ako povinn\u00e9 je potrebn\u00e9 na prijatie a spracovanie objedn\u00e1vky. Podan\u00edm objedn\u00e1vky Pou\u017e\u00edvate\u013eom bud\u00fa osobn\u00e9 \u00fadaje Pou\u017e\u00edvate\u013ea, ktor\u00e9 s\u00fa potrebn\u00e9 na vykonanie Objedn\u00e1vky, spr\u00edstupnen\u00e9 Pred\u00e1vaj\u00facemu za \u00fa\u010delom vykonania Zmluvy. Osobn\u00e9 \u00fadaje sa spracov\u00e1vaj\u00fa:<\/span>\n<ol>\n<li style=\"font-weight: 400;\" aria-level=\"3\"><span style=\"font-weight: 400;\">s cie\u013eom vykona\u0165 zadan\u00fa objedn\u00e1vku (\u010dl. 6, ods. 1, p\u00edsm. b, GDPR);<\/span><\/li>\n<li style=\"font-weight: 400;\" aria-level=\"3\"><span style=\"font-weight: 400;\">s cie\u013eom splni\u0165 z\u00e1konn\u00e9 povinnosti Prev\u00e1dzkovate\u013ea a Pred\u00e1vaj\u00faceho (\u010dl. 6, ods. 1, p\u00edsm. c, GDPR);<\/span><\/li>\n<li style=\"font-weight: 400;\" aria-level=\"3\"><span style=\"font-weight: 400;\">na analytick\u00e9 a \u0161tatistick\u00e9 \u00fa\u010dely (\u010dl. 6, ods. 1, p\u00edsm. f, GDPR);<\/span><\/li>\n<li style=\"font-weight: 400;\" aria-level=\"3\"><span style=\"font-weight: 400;\">s cie\u013eom od\u0161kodnenia (\u010dl. 6, ods. 1, p\u00edsm. f, GDPR);<\/span><\/li>\n<li style=\"font-weight: 400;\" aria-level=\"3\"><span style=\"font-weight: 400;\">pre prieskum spokojnosti (\u010dl. 6, ods. 1, p\u00edsm. f, GDPR).<\/span><\/li>\n<\/ol>\n<\/li>\n<li style=\"font-weight: 400;\" aria-level=\"2\"><span style=\"font-weight: 400;\">Prev\u00e1dzkovate\u013e sprac\u00fava osobn\u00e9 \u00fadaje Pou\u017e\u00edvate\u013eov s cie\u013eom vykon\u00e1va\u0165 marketingov\u00e9 aktivity, ktor\u00e9 m\u00f4\u017eu spo\u010d\u00edva\u0165 v:<\/span>\n<ol>\n<li style=\"font-weight: 400;\" aria-level=\"3\"><span style=\"font-weight: 400;\">poskytovan\u00ed marketingov\u00e9ho obsahu Pou\u017e\u00edvate\u013eovi, ktor\u00fd nie je prisp\u00f4soben\u00fd jeho preferenci\u00e1m (\u010dl. 6, ods. 1, p\u00edsm. f, GDPR);<\/span><\/li>\n<li style=\"font-weight: 400;\" aria-level=\"3\"><span style=\"font-weight: 400;\">zasielan\u00ed e-mailov\u00fdch alebo SMS ozn\u00e1men\u00ed o ponuk\u00e1ch alebo obsahu, ktor\u00e9 v niektor\u00fdch pr\u00edpadoch obsahuj\u00fa obchodn\u00e9 inform\u00e1cie, v rozsahu udelen\u00e9ho s\u00fahlasu (\u010dl. 6, ods. 1, p\u00edsm. f, GDPR).<\/span><\/li>\n<\/ol>\n<\/li>\n<\/ol>\n<\/li>\n<\/ol>\n<ol style=\"list-style-type: upper-roman;\" start=\"3\">\n<li style=\"font-weight: 400;\" aria-level=\"1\"><span style=\"font-weight: 400;\">S\u00daBORY COOKIES<\/span>\n<ol>\n<li style=\"font-weight: 400;\" aria-level=\"2\"><span style=\"font-weight: 400;\">S\u00fabory cookies s\u00fa mal\u00e9 textov\u00e9 s\u00fabory, ktor\u00e9 sa in\u0161taluj\u00fa do zariadenia Pou\u017e\u00edvate\u013ea pri prehliadan\u00ed Webovej str\u00e1nky. S\u00fabory cookies zhroma\u017e\u010fuj\u00fa inform\u00e1cie, ktor\u00e9 u\u013eah\u010duj\u00fa pou\u017e\u00edvanie Webovej str\u00e1nky, napr. zapam\u00e4tan\u00edm si n\u00e1v\u0161tevy Pou\u017e\u00edvate\u013ea na Webovej str\u00e1nke a \u010dinnost\u00ed, ktor\u00e9 vykon\u00e1val.<\/span><\/li>\n<li style=\"font-weight: 400;\" aria-level=\"2\"><span style=\"font-weight: 400;\">Prev\u00e1dzkovate\u013e vyu\u017e\u00edva na Webovej str\u00e1nke tzv. cookies, ktor\u00e9 sl\u00fa\u017eia predov\u0161etk\u00fdm na poskytovanie elektronick\u00fdch slu\u017eieb Pou\u017e\u00edvate\u013eovi a na zlep\u0161enie kvality t\u00fdchto slu\u017eieb. V tejto s\u00favislosti Prev\u00e1dzkovate\u013e a in\u00e9 subjekty, ktor\u00e9 Prev\u00e1dzkovate\u013eovi poskytuj\u00fa analytick\u00e9 a \u0161tatistick\u00e9 slu\u017eby, pou\u017e\u00edvaj\u00fa s\u00fabory cookies na ukladanie inform\u00e1ci\u00ed alebo na pr\u00edstup k u\u017e existuj\u00facim inform\u00e1ci\u00e1m ulo\u017een\u00fdm v koncovom telekomunika\u010dnom zariaden\u00ed Pou\u017e\u00edvate\u013ea (po\u010d\u00edta\u010d, telef\u00f3n, tablet at\u010f.). Medzi s\u00fabory cookies pou\u017e\u00edvan\u00e9 pre tento \u00fa\u010del patria:<\/span>\n<ol>\n<li style=\"font-weight: 400;\" aria-level=\"3\"><span style=\"font-weight: 400;\">s\u00fabory cookies s \u00fadajmi zadan\u00fdmi Pou\u017e\u00edvate\u013eom (ID rel\u00e1cie) po\u010das trvania rel\u00e1cie (angl. <\/span><i><span style=\"font-weight: 400;\">user input cookies<\/span><\/i><span style=\"font-weight: 400;\">);<\/span><\/li>\n<li style=\"font-weight: 400;\" aria-level=\"3\"><span style=\"font-weight: 400;\">s\u00fabory cookies na overenie rel\u00e1cie pou\u017e\u00edvan\u00e9 pre slu\u017eby, ktor\u00e9 po\u010das rel\u00e1cie vy\u017eaduj\u00fa overenie (angl.\u00a0<\/span><i><span style=\"font-weight: 400;\">authentication cookies<\/span><\/i><span style=\"font-weight: 400;\">);<\/span><\/li>\n<li style=\"font-weight: 400;\" aria-level=\"3\"><span style=\"font-weight: 400;\">bezpe\u010dnostn\u00e9 s\u00fabory cookies, napr\u00edklad tie, ktor\u00e9 sa pou\u017e\u00edvaj\u00fa na odha\u013eovanie podvodov pri overovan\u00ed (angl.\u00a0<\/span><i><span style=\"font-weight: 400;\">user centric security cookies<\/span><\/i><span style=\"font-weight: 400;\">);<\/span><\/li>\n<li style=\"font-weight: 400;\" aria-level=\"3\"><span style=\"font-weight: 400;\">s\u00fabory cookies z rel\u00e1ci\u00ed medi\u00e1lnych prehr\u00e1va\u010dov (napr. s\u00fabory cookies prehr\u00e1va\u010da flash), po\u010das trvania rel\u00e1cie (ang.\u00a0<\/span><i><span style=\"font-weight: 400;\">multimedia player session cookies<\/span><\/i><span style=\"font-weight: 400;\">);<\/span><\/li>\n<li style=\"font-weight: 400;\" aria-level=\"3\"><span style=\"font-weight: 400;\">s\u00fabory cookies na monitorovanie n\u00e1v\u0161tevnosti webovej str\u00e1nky.<\/span><\/li>\n<\/ol>\n<\/li>\n<li style=\"font-weight: 400;\" aria-level=\"2\"><span style=\"font-weight: 400;\">Prev\u00e1dzkovate\u013e pou\u017e\u00edva s\u00fabory cookies aj na marketingov\u00e9 ciele, kv\u00f4li tomu uklad\u00e1 inform\u00e1cie alebo z\u00edskava pr\u00edstup k inform\u00e1ci\u00e1m u\u017e ulo\u017een\u00fdm v koncov\u00fdch telekomunika\u010dn\u00fdch zariadeniach Pou\u017e\u00edvate\u013ea (po\u010d\u00edta\u010d, telef\u00f3n, tablet at\u010f.). Pou\u017e\u00edvanie s\u00faborov cookies a prostredn\u00edctvom nich zhroma\u017eden\u00fdch osobn\u00fdch \u00fadajov na marketingov\u00e9 \u00fa\u010dely, najm\u00e4 na propag\u00e1ciu slu\u017eieb a tovaru tret\u00edch str\u00e1n, si vy\u017eaduje s\u00fahlas Pou\u017e\u00edvate\u013ea. Tento s\u00fahlas m\u00f4\u017ee by\u0165 udelen\u00fd prostredn\u00edctvom pr\u00edslu\u0161nej konfigur\u00e1cie prehliada\u010da a m\u00f4\u017ee by\u0165 tie\u017e kedyko\u013evek odvolan\u00fd, najm\u00e4 vymazan\u00edm hist\u00f3rie s\u00faborov cookies a zak\u00e1zan\u00edm s\u00faborov cookies v nastaveniach prehliada\u010da.<\/span><\/li>\n<\/ol>\n<\/li>\n<\/ol>\n<ol style=\"list-style-type: upper-roman;\" start=\"4\">\n<li style=\"font-weight: 400;\" aria-level=\"1\"><span style=\"font-weight: 400;\">OBDOBIE UCHOV\u00c1VANIA \u00daDAJOV<\/span>\n<ol>\n<li style=\"font-weight: 400;\" aria-level=\"2\"><span style=\"font-weight: 400;\">\u00dadaje sa spracov\u00e1vaj\u00fa po\u010das trvania poskytovania slu\u017eby alebo plnenia objedn\u00e1vky, a\u017e do odvolania udelen\u00e9ho s\u00fahlasu alebo do vznesenia \u00fa\u010dinnej n\u00e1mietky proti spracov\u00e1vaniu \u00fadajov v pr\u00edpadoch, ke\u010f je pr\u00e1vnym z\u00e1kladom ich spracov\u00e1vania opr\u00e1vnen\u00fd z\u00e1ujem Prev\u00e1dzkovate\u013ea.<\/span><\/li>\n<li style=\"font-weight: 400;\" aria-level=\"2\"><span style=\"font-weight: 400;\">Doba spracov\u00e1vania sa m\u00f4\u017ee pred\u013a\u017ei\u0165, ak je spracov\u00e1vanie nevyhnutn\u00e9 na ur\u010denie, uplatnenie alebo obhajobu pr\u00edpadn\u00fdch poh\u013ead\u00e1vok, a potom len v takom pr\u00edpade a v takom rozsahu, v akom to vy\u017eaduje z\u00e1kon. Po uplynut\u00ed obdobia spracovania sa \u00fadaje nen\u00e1vratne vyma\u017e\u00fa alebo anonymizuj\u00fa.<\/span><\/li>\n<\/ol>\n<\/li>\n<\/ol>\n<ol style=\"list-style-type: upper-roman;\" start=\"5\">\n<li style=\"font-weight: 400;\" aria-level=\"1\"><span style=\"font-weight: 400;\">PR\u00c1VA POU\u017d\u00cdVATE\u013dA<\/span>\n<ol>\n<li style=\"font-weight: 400;\" aria-level=\"2\"><span style=\"font-weight: 400;\">Pr\u00e1vo na inform\u00e1cie o spracov\u00e1van\u00ed osobn\u00fdch \u00fadajov \u2013 na tomto z\u00e1klade poskytne Poskytovate\u013e osobe, ktor\u00e1 pod\u00e1va tak\u00fato \u017eiados\u0165, inform\u00e1cie o spracov\u00e1van\u00ed osobn\u00fdch \u00fadajov, najm\u00e4 o cie\u013eoch a pr\u00e1vnych d\u00f4vodoch spracov\u00e1vania, rozsahu uchov\u00e1van\u00fdch \u00fadajov, subjektoch, ktor\u00fdm s\u00fa osobn\u00e9 \u00fadaje poskytovan\u00e9, a pl\u00e1novanom term\u00edne ich vymazania.<\/span><\/li>\n<li style=\"font-weight: 400;\" aria-level=\"2\"><span style=\"font-weight: 400;\">Pr\u00e1vo na z\u00edskanie k\u00f3pie \u00fadajov \u2013 na tomto z\u00e1klade Prev\u00e1dzkovate\u013e poskytne k\u00f3piu spracov\u00e1van\u00fdch \u00fadajov t\u00fdkaj\u00facich sa osoby, ktor\u00e1 podala \u017eiados\u0165.<\/span><\/li>\n<li style=\"font-weight: 400;\" aria-level=\"2\"><span style=\"font-weight: 400;\">Pr\u00e1vo na opravu \u2013 na tomto z\u00e1klade Prev\u00e1dzkovate\u013e odstr\u00e1ni ak\u00e9ko\u013evek nezrovnalosti alebo chyby t\u00fdkaj\u00face sa spracov\u00e1van\u00fdch osobn\u00fdch \u00fadajov a dopln\u00ed alebo aktualizuje ich, ak s\u00fa ne\u00fapln\u00e9 alebo sa zmenili.<\/span><\/li>\n<li style=\"font-weight: 400;\" aria-level=\"2\"><span style=\"font-weight: 400;\">Pr\u00e1vo na vymazanie \u00fadajov \u2013 na tomto z\u00e1klade je mo\u017en\u00e9 po\u017eiada\u0165 o vymazanie \u00fadajov, ktor\u00fdch spracovanie u\u017e nie je potrebn\u00e9 na \u017eiadny z cie\u013eov, na ktor\u00e9 boli zhroma\u017eden\u00e9.<\/span><\/li>\n<li style=\"font-weight: 400;\" aria-level=\"2\"><span style=\"font-weight: 400;\">Pr\u00e1vo na obmedzenie spracov\u00e1vania \u2013 na tomto z\u00e1klade Prev\u00e1dzkovate\u013e prestane vykon\u00e1va\u0165 oper\u00e1cie s osobn\u00fdmi \u00fadajmi, s v\u00fdnimkou t\u00fdch, ku ktor\u00fdm dotknut\u00e1 osoba dala s\u00fahlas, a ich uchov\u00e1vanie v s\u00falade s prijat\u00fdmi pravidlami uchov\u00e1vania, alebo k\u00fdm nepomin\u00fa d\u00f4vody na obmedzenie spracov\u00e1vania (napr. ak je vydan\u00e9 rozhodnutie dozorn\u00e9ho org\u00e1nu, ktor\u00fdm sa povo\u013euje \u010fal\u0161ie spracov\u00e1vanie).<\/span><\/li>\n<li style=\"font-weight: 400;\" aria-level=\"2\"><span style=\"font-weight: 400;\">Pr\u00e1vo na prenos \u00fadajov \u2013 na tomto z\u00e1klade, pokia\u013e sa \u00fadaje spracov\u00e1vaj\u00fa v s\u00favislosti s uzavretou zmluvou alebo udelen\u00fdm s\u00fahlasom, Prev\u00e1dzkovate\u013e vyd\u00e1 \u00fadaje poskytnut\u00e9 dotknutou osobou v podobe, ktor\u00fa mo\u017eno \u010d\u00edta\u0165 v po\u010d\u00edta\u010di. Je tie\u017e mo\u017en\u00e9 po\u017eiada\u0165 o zaslanie \u00fadajov in\u00e9mu subjektu \u2013 av\u0161ak len za predpokladu, \u017ee na to existuj\u00fa technick\u00e9 mo\u017enosti na strane Prev\u00e1dzkovate\u013ea aj tohto in\u00e9ho subjektu.<\/span><\/li>\n<li style=\"font-weight: 400;\" aria-level=\"2\"><span style=\"font-weight: 400;\">Pr\u00e1vo namieta\u0165 proti spracovaniu \u00fadajov na marketingov\u00e9 \u00fa\u010dely \u2013 dotknut\u00e1 osoba m\u00f4\u017ee kedyko\u013evek namieta\u0165 proti spracov\u00e1vaniu osobn\u00fdch \u00fadajov na marketingov\u00e9 \u00fa\u010dely.<\/span><\/li>\n<li style=\"font-weight: 400;\" aria-level=\"2\"><span style=\"font-weight: 400;\">Pr\u00e1vo namieta\u0165 proti spracovaniu \u00fadajov s cie\u013eom prieskumu spokojnosti \u2013 dotknut\u00e1 osoba m\u00f4\u017ee kedyko\u013evek namieta\u0165 proti spracov\u00e1vaniu osobn\u00fdch \u00fadajov s cie\u013eom prieskumu spokojnosti.<\/span><\/li>\n<li style=\"font-weight: 400;\" aria-level=\"2\"><span style=\"font-weight: 400;\">Pr\u00e1vo namieta\u0165 proti in\u00fdm cie\u013eom spracov\u00e1vania osobn\u00fdch \u00fadajov \u2013 dotknut\u00e1 osoba m\u00f4\u017ee kedyko\u013evek namieta\u0165 proti spracov\u00e1vaniu osobn\u00fdch \u00fadajov na z\u00e1klade opr\u00e1vnen\u00e9ho z\u00e1ujmu Prev\u00e1dzkovate\u013ea (napr. na analytick\u00e9 alebo \u0161tatistick\u00e9 ciele alebo z d\u00f4vodov ochrany majetku). N\u00e1mietka v tejto s\u00favislosti mus\u00ed obsahova\u0165 od\u00f4vodnenie a podlieha pos\u00fadeniu Prev\u00e1dzkovate\u013ea.<\/span><\/li>\n<li style=\"font-weight: 400;\" aria-level=\"2\"><span style=\"font-weight: 400;\">Pr\u00e1vo na odvolanie s\u00fahlasu \u2013 ak sa \u00fadaje spracov\u00e1vaj\u00fa na z\u00e1klade s\u00fahlasu, dotknut\u00e1 osoba m\u00e1 pr\u00e1vo ho kedyko\u013evek odvola\u0165, \u010do v\u0161ak nem\u00e1 vplyv na z\u00e1konnos\u0165 spracovania vykonan\u00e9ho pred odvolan\u00edm tohto s\u00fahlasu.<\/span><\/li>\n<li style=\"font-weight: 400;\" aria-level=\"2\"><span style=\"font-weight: 400;\">Pr\u00e1vo na podanie s\u0165a\u017enosti \u2013 ak sa spracov\u00e1vanie osobn\u00fdch \u00fadajov pova\u017euje za poru\u0161enie ustanoven\u00ed GDPR alebo in\u00fdch pr\u00e1vnych predpisov o ochrane osobn\u00fdch \u00fadajov, dotknut\u00e1 osoba m\u00f4\u017ee poda\u0165 s\u0165a\u017enos\u0165 pr\u00edslu\u0161n\u00e9mu vn\u00fatro\u0161t\u00e1tnemu org\u00e1nu.<\/span><\/li>\n<li style=\"font-weight: 400;\" aria-level=\"2\"><span style=\"font-weight: 400;\">\u017diados\u0165 o uplatnenie pr\u00e1v sa mus\u00ed poda\u0165 na adresu Prev\u00e1dzkovate\u013ea uveden\u00fa vo V\u0161eobecn\u00fdch pravidl\u00e1ch.<\/span><\/li>\n<\/ol>\n<\/li>\n<\/ol>\n<ol style=\"list-style-type: upper-roman;\" start=\"6\">\n<li style=\"font-weight: 400;\" aria-level=\"1\"><span style=\"font-weight: 400;\">PRENOS \u00daDAJOV A ICH BEZPE\u010cNOS\u0164<\/span>\n<ol>\n<li style=\"font-weight: 400;\" aria-level=\"2\"><span style=\"font-weight: 400;\">S vy\u0161\u0161ie uveden\u00fdmi cie\u013emi m\u00f4\u017eu by\u0165 osobn\u00e9 \u00fadaje poskytnut\u00e9 extern\u00fdm subjektom, najm\u00e4 dod\u00e1vate\u013eom subjektov, ako s\u00fa banky a prev\u00e1dzkovatelia platobn\u00fdch syst\u00e9mov, subjektom poskytuj\u00facim \u00fa\u010dtovn\u00e9, pr\u00e1vne, dopravn\u00e9 a marketingov\u00e9 slu\u017eby a subjektom prepojen\u00fdm s Prev\u00e1dzkovate\u013eom. V pr\u00edpade podania Objedn\u00e1vky bud\u00fa \u00fadaje Pou\u017e\u00edvate\u013ea poskytnut\u00e9 Pred\u00e1vaj\u00facemu za \u00fa\u010delom uzatvorenia a plnenia K\u00fapnej zmluvy.<\/span><\/li>\n<li style=\"font-weight: 400;\" aria-level=\"2\"><span style=\"font-weight: 400;\">Osobn\u00e9 \u00fadaje pou\u017e\u00edvate\u013eov sa neposkytuj\u00fa mimo EHP.<\/span><\/li>\n<li style=\"font-weight: 400;\" aria-level=\"2\"><span style=\"font-weight: 400;\">Prev\u00e1dzkovate\u013e priebe\u017ene vykon\u00e1va anal\u00fdzu riz\u00edk s cie\u013eom zabezpe\u010di\u0165, aby boli osobn\u00e9 \u00fadaje Prev\u00e1dzkovate\u013eom spracov\u00e1van\u00e9 bezpe\u010dn\u00fdm sp\u00f4sobom \u2013 aby bolo zabezpe\u010den\u00e9 najm\u00e4 to, aby k \u00fadajom mali pr\u00edstup len opr\u00e1vnen\u00e9 osoby, a to len v rozsahu potrebnom na plnenie ich \u00faloh. Prev\u00e1dzkovate\u013e zabezpe\u010d\u00ed, aby v\u0161etky oper\u00e1cie s osobn\u00fdmi \u00fadajmi boli zaznamen\u00e1van\u00e9 a vykon\u00e1van\u00e9 len opr\u00e1vnen\u00fdmi zamestnancami a spolupracovn\u00edkmi.<\/span><\/li>\n<li style=\"font-weight: 400;\" aria-level=\"2\"><span style=\"font-weight: 400;\">Prev\u00e1dzkovate\u013e prijme v\u0161etky potrebn\u00e9 opatrenia, aby zabezpe\u010dil, aby aj jeho subdod\u00e1vatelia a in\u00e9 spolupracuj\u00face subjekty zaru\u010dili uplat\u0148ovanie vhodn\u00fdch bezpe\u010dnostn\u00fdch opatren\u00ed v\u017edy, ke\u010f spracov\u00e1vaj\u00fa osobn\u00e9 \u00fadaje na z\u00e1klade poverenia Prev\u00e1dzkovate\u013ea.<\/span><\/li>\n<\/ol>\n<\/li>\n<\/ol>\n<ol style=\"list-style-type: upper-roman;\" start=\"7\">\n<li style=\"font-weight: 400;\" aria-level=\"1\"><span style=\"font-weight: 400;\">Z\u00c1VERE\u010cN\u00c9 USTANOVENIA<\/span>\n<ol>\n<li style=\"font-weight: 400;\" aria-level=\"2\"><span style=\"font-weight: 400;\">Prev\u00e1dzkovate\u013e si vyhradzuje pr\u00e1vo zmeni\u0165 a doplni\u0165 tieto Z\u00e1sady.<\/span><\/li>\n<li style=\"font-weight: 400;\" aria-level=\"2\"><span style=\"font-weight: 400;\">S v\u00fdhradou v\u0161eobecne platn\u00fdch pr\u00e1vnych predpisov je pr\u00edslu\u0161n\u00fdm pr\u00e1vom pre tieto Z\u00e1sady pr\u00e1vo s\u00eddla Prev\u00e1dzkovate\u013ea.<\/span><\/li>\n<\/ol>\n<\/li>\n<\/ol>\n","protected":false},"excerpt":{"rendered":"<p>VYMEDZENIE POJMOV Prev\u00e1dzkovate\u013e \u2013 subjekt uveden\u00fd vo V\u0161eobecn\u00fdch podmienkach; Osobn\u00e9 \u00fadaje\u00a0\u2013 v\u0161etky inform\u00e1cie o identifikovanej alebo identifikovate\u013enej fyzickej osobe prostredn\u00edctvom jedn\u00e9ho alebo viacer\u00fdch faktorov \u0161pecifick\u00fdch pre fyzick\u00fa, fyziologick\u00fa, genetick\u00fa, ment\u00e1lnu, ekonomick\u00fa, kult\u00farnu alebo soci\u00e1lnu identitu vr\u00e1tane IP adresy zariadenia, lokaliza\u010dn\u00fdch \u00fadajov, online identifik\u00e1tora a inform\u00e1ci\u00ed zhroma\u017eden\u00fdch prostredn\u00edctvom s\u00faborov cookies a in\u00fdch podobn\u00fdch technol\u00f3gi\u00ed; Z\u00e1sady \u2013 [&hellip;]<\/p>\n","protected":false},"author":1,"featured_media":0,"parent":0,"menu_order":0,"comment_status":"closed","ping_status":"closed","template":"","meta":{"footnotes":""},"class_list":["post-74298","page","type-page","status-publish","hentry"],"_links":{"self":[{"href":"https:\/\/eu.nutramarket.net\/sk\/wp-json\/wp\/v2\/pages\/74298","targetHints":{"allow":["GET"]}}],"collection":[{"href":"https:\/\/eu.nutramarket.net\/sk\/wp-json\/wp\/v2\/pages"}],"about":[{"href":"https:\/\/eu.nutramarket.net\/sk\/wp-json\/wp\/v2\/types\/page"}],"author":[{"embeddable":true,"href":"https:\/\/eu.nutramarket.net\/sk\/wp-json\/wp\/v2\/users\/1"}],"replies":[{"embeddable":true,"href":"https:\/\/eu.nutramarket.net\/sk\/wp-json\/wp\/v2\/comments?post=74298"}],"version-history":[{"count":3,"href":"https:\/\/eu.nutramarket.net\/sk\/wp-json\/wp\/v2\/pages\/74298\/revisions"}],"predecessor-version":[{"id":109867,"href":"https:\/\/eu.nutramarket.net\/sk\/wp-json\/wp\/v2\/pages\/74298\/revisions\/109867"}],"wp:attachment":[{"href":"https:\/\/eu.nutramarket.net\/sk\/wp-json\/wp\/v2\/media?parent=74298"}],"curies":[{"name":"wp","href":"https:\/\/api.w.org\/{rel}","templated":true}]}}