{"id":109703,"date":"2023-06-28T07:36:39","date_gmt":"2023-06-28T05:36:39","guid":{"rendered":"https:\/\/eu.nutramarket.net\/product\/beauty-eyes\/"},"modified":"2023-10-25T13:34:37","modified_gmt":"2023-10-25T11:34:37","slug":"beauty-eyes","status":"publish","type":"product","link":"https:\/\/eu.nutramarket.net\/sk\/produkt\/beauty-eyes\/","title":{"rendered":"Beauty Eyes"},"content":{"rendered":"<p><span style=\"font-weight: 400;\">V\u00fdrobok bol vyvinut\u00fd s oh\u013eadom na \u013eud\u00ed, ktor\u00ed:<\/span><\/p>\n<ul>\n<li style=\"font-weight: 400;\" aria-level=\"1\"><span style=\"font-weight: 400;\">chc\u00fa posilni\u0165 a zhusti\u0165 svoje riasy a obo\u010die<\/span><\/li>\n<li style=\"font-weight: 400;\" aria-level=\"1\"><span style=\"font-weight: 400;\">chc\u00fa ur\u00fdchli\u0165 rast rias a obo\u010dia<\/span><\/li>\n<li style=\"font-weight: 400;\" aria-level=\"1\"><span style=\"font-weight: 400;\">chc\u00fa uvidie\u0165 v\u00fdsledky po 15 d\u0148och pravideln\u00e9ho pou\u017e\u00edvania<\/span><\/li>\n<li style=\"font-weight: 400;\" aria-level=\"1\"><span style=\"font-weight: 400;\">maj\u00fa citliv\u00e9 o\u010di a nosia kontaktn\u00e9 \u0161o\u0161ovky<\/span><\/li>\n<\/ul>\n","protected":false},"excerpt":{"rendered":"<p><span style=\"font-weight: 400;\">S\u00e9rum na stimul\u00e1ciu rastu rias a obo\u010dia<\/span><span style=\"font-weight: 400;\"><br \/>\n<\/span><span style=\"font-weight: 400;\">7 ml<\/span><\/p>\n<p><span style=\"font-weight: 400;\">GetShape Beauty Eyes je kozmetick\u00fd v\u00fdrobok pre \u013eud\u00ed, ktor\u00ed sa chc\u00fa postara\u0165 o svoje obo\u010die a riasy. Starostlivo vyvinut\u00e1 recept\u00fara pr\u00edpravku zabra\u0148uje vypad\u00e1vaniu rias a obo\u010dia a ur\u00fdch\u013euje ich rast. Okrem toho pr\u00edpravok zhus\u0165uje, dod\u00e1va objem, posil\u0148uje a tie\u017e rozjas\u0148uje riasy a obo\u010die. M\u00f4\u017eu ho pou\u017e\u00edva\u0165 aj \u013eudia, ktor\u00ed nosia kontaktn\u00e9 \u0161o\u0161ovky a osoby s citliv\u00fdmi o\u010dami.<\/span><\/p>\n","protected":false},"featured_media":19093,"template":"","meta":[],"product_cat":[82],"product_tag":[],"class_list":{"0":"post-109703","1":"product","2":"type-product","3":"status-publish","4":"has-post-thumbnail","6":"product_cat-beauty-sk","8":"first","9":"instock","10":"shipping-taxable","11":"purchasable","12":"product-type-simple"},"_links":{"self":[{"href":"https:\/\/eu.nutramarket.net\/sk\/wp-json\/wp\/v2\/product\/109703","targetHints":{"allow":["GET"]}}],"collection":[{"href":"https:\/\/eu.nutramarket.net\/sk\/wp-json\/wp\/v2\/product"}],"about":[{"href":"https:\/\/eu.nutramarket.net\/sk\/wp-json\/wp\/v2\/types\/product"}],"wp:featuredmedia":[{"embeddable":true,"href":"https:\/\/eu.nutramarket.net\/sk\/wp-json\/wp\/v2\/media\/19093"}],"wp:attachment":[{"href":"https:\/\/eu.nutramarket.net\/sk\/wp-json\/wp\/v2\/media?parent=109703"}],"wp:term":[{"taxonomy":"product_cat","embeddable":true,"href":"https:\/\/eu.nutramarket.net\/sk\/wp-json\/wp\/v2\/product_cat?post=109703"},{"taxonomy":"product_tag","embeddable":true,"href":"https:\/\/eu.nutramarket.net\/sk\/wp-json\/wp\/v2\/product_tag?post=109703"}],"curies":[{"name":"wp","href":"https:\/\/api.w.org\/{rel}","templated":true}]}}