{"id":109711,"date":"2023-06-28T07:30:28","date_gmt":"2023-06-28T05:30:28","guid":{"rendered":"https:\/\/eu.nutramarket.net\/product\/vigaman\/"},"modified":"2023-10-25T13:59:51","modified_gmt":"2023-10-25T11:59:51","slug":"vigaman","status":"publish","type":"product","link":"https:\/\/eu.nutramarket.net\/sk\/produkt\/vigaman\/","title":{"rendered":"Vigaman"},"content":{"rendered":"<p><span style=\"font-weight: 400;\">V\u00fdrobok bol vyvinut\u00fd s oh\u013eadom na mu\u017eov, ktor\u00ed chc\u00fa:<\/span><\/p>\n<ul>\n<li style=\"font-weight: 400;\" aria-level=\"1\"><span style=\"font-weight: 400;\">udr\u017eiava\u0165 primeran\u00fa \u00farove\u0148 sexu\u00e1lnej aktivity<\/span><\/li>\n<li style=\"font-weight: 400;\" aria-level=\"1\"><span style=\"font-weight: 400;\">podpori\u0165 spr\u00e1vny priebeh spermatogen\u00e9zy<\/span><\/li>\n<li style=\"font-weight: 400;\" aria-level=\"1\"><span style=\"font-weight: 400;\">podpori\u0165 fyzick\u00fa a du\u0161evn\u00fa kond\u00edciu<\/span><\/li>\n<li style=\"font-weight: 400;\" aria-level=\"1\"><span style=\"font-weight: 400;\">komplexne sa postara\u0165 o svoje zdravie a vitalitu<\/span><\/li>\n<\/ul>\n","protected":false},"excerpt":{"rendered":"<p><span style=\"font-weight: 400;\">\u0160umiv\u00e9 tablety pre mu\u017eov, ktor\u00ed sa chc\u00fa komplexne postara\u0165 o svoje zdravie<\/span><span style=\"font-weight: 400;\"><br \/>\n<\/span><span style=\"font-weight: 400;\">20 tabliet<\/span><\/p>\n<p><span style=\"font-weight: 400;\">Vigaman je v\u00fd\u017eivov\u00fd doplnok, ktor\u00fd bol vyvinut\u00fd pre mu\u017eov, ktor\u00ed si radi u\u017e\u00edvaj\u00fa \u017eivot pln\u00fdmi d\u00fa\u0161kami. Akt\u00edvne zlo\u017eky pom\u00e1haj\u00fa udr\u017eiava\u0165 vitalitu a podporova\u0165 fyzick\u00fa a du\u0161evn\u00fa v\u00fdkonnos\u0165. D\u00f4le\u017eit\u00fdm \u00fa\u010dinkom je podpora sexu\u00e1lnej aktivity a t\u00fdm aj starostlivos\u0165 o norm\u00e1lnu hladinu testoster\u00f3nu.<\/span><\/p>\n","protected":false},"featured_media":19088,"template":"","meta":[],"product_cat":[89],"product_tag":[],"class_list":{"0":"post-109711","1":"product","2":"type-product","3":"status-publish","4":"has-post-thumbnail","6":"product_cat-well-being-sk","8":"first","9":"instock","10":"shipping-taxable","11":"purchasable","12":"product-type-simple"},"_links":{"self":[{"href":"https:\/\/eu.nutramarket.net\/sk\/wp-json\/wp\/v2\/product\/109711","targetHints":{"allow":["GET"]}}],"collection":[{"href":"https:\/\/eu.nutramarket.net\/sk\/wp-json\/wp\/v2\/product"}],"about":[{"href":"https:\/\/eu.nutramarket.net\/sk\/wp-json\/wp\/v2\/types\/product"}],"wp:featuredmedia":[{"embeddable":true,"href":"https:\/\/eu.nutramarket.net\/sk\/wp-json\/wp\/v2\/media\/19088"}],"wp:attachment":[{"href":"https:\/\/eu.nutramarket.net\/sk\/wp-json\/wp\/v2\/media?parent=109711"}],"wp:term":[{"taxonomy":"product_cat","embeddable":true,"href":"https:\/\/eu.nutramarket.net\/sk\/wp-json\/wp\/v2\/product_cat?post=109711"},{"taxonomy":"product_tag","embeddable":true,"href":"https:\/\/eu.nutramarket.net\/sk\/wp-json\/wp\/v2\/product_tag?post=109711"}],"curies":[{"name":"wp","href":"https:\/\/api.w.org\/{rel}","templated":true}]}}