{"id":109736,"date":"2023-06-28T07:23:55","date_gmt":"2023-06-28T05:23:55","guid":{"rendered":"https:\/\/eu.nutramarket.net\/product\/menmax\/"},"modified":"2023-10-25T13:51:20","modified_gmt":"2023-10-25T11:51:20","slug":"menmax","status":"publish","type":"product","link":"https:\/\/eu.nutramarket.net\/sk\/produkt\/menmax\/","title":{"rendered":"Menmax"},"content":{"rendered":"<p><span style=\"font-weight: 400;\">V\u00fdrobok bol vyvinut\u00fd s oh\u013eadom na mu\u017eov, ktor\u00ed:\u00a0<\/span><\/p>\n<ul>\n<li style=\"font-weight: 400;\" aria-level=\"1\"><span style=\"font-weight: 400;\">chc\u00fa podpori\u0165 svoju sexu\u00e1lnu v\u00fdkonnos\u0165 a t\u00fa\u017ebu<\/span><\/li>\n<li style=\"font-weight: 400;\" aria-level=\"1\"><span style=\"font-weight: 400;\">chc\u00fa doplni\u0165 hladinu L-argin\u00ednu<\/span><\/li>\n<li style=\"font-weight: 400;\" aria-level=\"1\"><span style=\"font-weight: 400;\">chc\u00fa podpori\u0165 imunitu<\/span><\/li>\n<\/ul>\n","protected":false},"excerpt":{"rendered":"<p><span style=\"font-weight: 400;\">Kapsule pre mu\u017eov, ktor\u00fdm z\u00e1le\u017e\u00ed na radosti zo sexu<\/span><span style=\"font-weight: 400;\"><br \/>\n<\/span><span style=\"font-weight: 400;\">60 kaps\u00fal<\/span><\/p>\n<p><span style=\"font-weight: 400;\">MenMax je v\u00fd\u017eivov\u00fd doplnok, ktor\u00fd bol vyvinut\u00fd pre mu\u017eov, ktor\u00ed si radi u\u017e\u00edvaj\u00fa \u017eivot pln\u00fdmi d\u00fa\u0161kami. Kapsule podporuj\u00fa potenciu a maj\u00fa povzbudzuj\u00faci \u00fa\u010dinok. Pom\u00e1haj\u00fa tie\u017e posil\u0148ova\u0165 prirodzen\u00e9 obrann\u00e9 mechanizmy organizmu. Hlavnou zlo\u017ekou pr\u00edpravku je L-argin\u00edn. Na druhej strane v\u00fd\u0165a\u017eok z kotvi\u010dn\u00edka zemn\u00e9ho podporuje t\u00fa\u017ebu a sexu\u00e1lnu v\u00fdkonnos\u0165.<\/span><\/p>\n","protected":false},"featured_media":19086,"template":"","meta":[],"product_cat":[89],"product_tag":[],"class_list":{"0":"post-109736","1":"product","2":"type-product","3":"status-publish","4":"has-post-thumbnail","6":"product_cat-well-being-sk","8":"first","9":"instock","10":"shipping-taxable","11":"purchasable","12":"product-type-simple"},"_links":{"self":[{"href":"https:\/\/eu.nutramarket.net\/sk\/wp-json\/wp\/v2\/product\/109736","targetHints":{"allow":["GET"]}}],"collection":[{"href":"https:\/\/eu.nutramarket.net\/sk\/wp-json\/wp\/v2\/product"}],"about":[{"href":"https:\/\/eu.nutramarket.net\/sk\/wp-json\/wp\/v2\/types\/product"}],"wp:featuredmedia":[{"embeddable":true,"href":"https:\/\/eu.nutramarket.net\/sk\/wp-json\/wp\/v2\/media\/19086"}],"wp:attachment":[{"href":"https:\/\/eu.nutramarket.net\/sk\/wp-json\/wp\/v2\/media?parent=109736"}],"wp:term":[{"taxonomy":"product_cat","embeddable":true,"href":"https:\/\/eu.nutramarket.net\/sk\/wp-json\/wp\/v2\/product_cat?post=109736"},{"taxonomy":"product_tag","embeddable":true,"href":"https:\/\/eu.nutramarket.net\/sk\/wp-json\/wp\/v2\/product_tag?post=109736"}],"curies":[{"name":"wp","href":"https:\/\/api.w.org\/{rel}","templated":true}]}}