{"id":109745,"date":"2023-05-11T10:33:18","date_gmt":"2023-05-11T08:33:18","guid":{"rendered":"https:\/\/eu.nutramarket.net\/product\/fenecard\/"},"modified":"2023-10-25T13:49:18","modified_gmt":"2023-10-25T11:49:18","slug":"fenecard","status":"publish","type":"product","link":"https:\/\/eu.nutramarket.net\/sk\/produkt\/fenecard\/","title":{"rendered":"Fenecard"},"content":{"rendered":"<p><span style=\"font-weight: 400;\">V\u00fdrobok bol vyvinut\u00fd s oh\u013eadom na \u013eud\u00ed, ktor\u00ed:<\/span><\/p>\n<ul>\n<li style=\"font-weight: 400;\" aria-level=\"1\"><span style=\"font-weight: 400;\">sa chc\u00fa postara\u0165 o spr\u00e1vne fungovanie srdca (hloh)<\/span><\/li>\n<li style=\"font-weight: 400;\" aria-level=\"1\"><span style=\"font-weight: 400;\">chc\u00fa pom\u00f4c\u0165 udr\u017ea\u0165 rovnov\u00e1hu elektrolytov (hor\u010d\u00edk)<\/span><\/li>\n<li style=\"font-weight: 400;\" aria-level=\"1\"><span style=\"font-weight: 400;\">chc\u00fa podpori\u0165 tvorbu \u010derven\u00fdch krviniek (vitam\u00edn B6)<\/span><\/li>\n<li style=\"font-weight: 400;\" aria-level=\"1\"><span style=\"font-weight: 400;\">chc\u00fa podpori\u0165 udr\u017eanie spr\u00e1vneho krvn\u00e9ho tlaku (drasl\u00edk)<\/span><\/li>\n<li style=\"font-weight: 400;\" aria-level=\"1\"><span style=\"font-weight: 400;\">chc\u00fa zabezpe\u010di\u0165 spr\u00e1vnu funkciu svalov (hor\u010d\u00edk a drasl\u00edk)<\/span><\/li>\n<\/ul>\n","protected":false},"excerpt":{"rendered":"<p><span style=\"font-weight: 400;\">Tablety na podporu srdcovo-cievneho syst\u00e9mu<\/span><span style=\"font-weight: 400;\"><br \/>\n<\/span><span style=\"font-weight: 400;\">60 tabliet<\/span><\/p>\n<p><span style=\"font-weight: 400;\">Fenecard je v\u00fd\u017eivov\u00fd doplnok pre \u013eud\u00ed, ktor\u00ed sa chc\u00fa postara\u0165 o vitalitu svojho organizmu. Je ur\u010den\u00fd pre v\u0161etk\u00fdch, ktor\u00ed s\u00fa vystaven\u00ed stresu, maj\u00fa ni\u017e\u0161iu fyzick\u00fa aktivitu alebo s\u00fa v najlep\u0161\u00edch rokoch. Zlo\u017eky, ktor\u00e9 Fenecard obsahuje, m\u00f4\u017eu podporova\u0165 \u010dinnos\u0165 srdca a postara\u0165 sa o spr\u00e1vny krvn\u00fd tlak. Podporuj\u00fa tie\u017e spr\u00e1vnu funkciu svalov a udr\u017eanie rovnov\u00e1hy elektrolytov.<\/span><\/p>\n","protected":false},"featured_media":14036,"template":"","meta":[],"product_cat":[89],"product_tag":[],"class_list":{"0":"post-109745","1":"product","2":"type-product","3":"status-publish","4":"has-post-thumbnail","6":"product_cat-well-being-sk","8":"first","9":"instock","10":"shipping-taxable","11":"purchasable","12":"product-type-simple"},"_links":{"self":[{"href":"https:\/\/eu.nutramarket.net\/sk\/wp-json\/wp\/v2\/product\/109745","targetHints":{"allow":["GET"]}}],"collection":[{"href":"https:\/\/eu.nutramarket.net\/sk\/wp-json\/wp\/v2\/product"}],"about":[{"href":"https:\/\/eu.nutramarket.net\/sk\/wp-json\/wp\/v2\/types\/product"}],"wp:featuredmedia":[{"embeddable":true,"href":"https:\/\/eu.nutramarket.net\/sk\/wp-json\/wp\/v2\/media\/14036"}],"wp:attachment":[{"href":"https:\/\/eu.nutramarket.net\/sk\/wp-json\/wp\/v2\/media?parent=109745"}],"wp:term":[{"taxonomy":"product_cat","embeddable":true,"href":"https:\/\/eu.nutramarket.net\/sk\/wp-json\/wp\/v2\/product_cat?post=109745"},{"taxonomy":"product_tag","embeddable":true,"href":"https:\/\/eu.nutramarket.net\/sk\/wp-json\/wp\/v2\/product_tag?post=109745"}],"curies":[{"name":"wp","href":"https:\/\/api.w.org\/{rel}","templated":true}]}}