{"id":109761,"date":"2023-05-09T13:50:34","date_gmt":"2023-05-09T11:50:34","guid":{"rendered":"https:\/\/eu.nutramarket.net\/product\/activestin\/"},"modified":"2024-07-18T15:38:13","modified_gmt":"2024-07-18T13:38:13","slug":"fizzburn","status":"publish","type":"product","link":"https:\/\/eu.nutramarket.net\/sk\/produkt\/fizzburn\/","title":{"rendered":"FizzBurn"},"content":{"rendered":"<p><span style=\"font-weight: 400;\">V\u00fdrobok bol vyvinut\u00fd s oh\u013eadom na \u013eud\u00ed, ktor\u00ed:<\/span><\/p>\n<ul>\n<li style=\"font-weight: 400;\" aria-level=\"1\"><span style=\"font-weight: 400;\">h\u013eadaj\u00fa podporu po\u010das procesu chudnutia<\/span><\/li>\n<li style=\"font-weight: 400;\" aria-level=\"1\"><span style=\"font-weight: 400;\">h\u013eadaj\u00fa alternat\u00edvu k tablet\u00e1m \/ kapsuliam<\/span><\/li>\n<li style=\"font-weight: 400;\" aria-level=\"1\"><span style=\"font-weight: 400;\">potrebuj\u00fa energetick\u00fa injekciu<\/span><\/li>\n<li style=\"font-weight: 400;\" aria-level=\"1\"><span style=\"font-weight: 400;\">uprednost\u0148uj\u00fa v\u00fdrobky s vysok\u00fdm obsahom \u00fa\u010dinn\u00fdch l\u00e1tok a mnohostrann\u00fdm p\u00f4soben\u00edm<\/span><\/li>\n<\/ul>\n","protected":false},"excerpt":{"rendered":"<p><span style=\"font-weight: 400;\">\u0160umiv\u00e9 tablety na podporu chudnutia<\/span><span style=\"font-weight: 400;\"><br \/>\n<\/span><span style=\"font-weight: 400;\">20 tabliet<\/span><\/p>\n<p><span style=\"font-weight: 400;\">FizzBurn je v\u00fd\u017eivov\u00fd doplnok, ktor\u00fd bol vyvinut\u00fd pre \u013eud\u00ed, ktor\u00ed h\u013eadaj\u00fa podporu pri chudnut\u00ed. Pre v\u00e4\u010d\u0161ie pohodlie sa dod\u00e1va vo forme \u0161umiv\u00fdch tabliet s pomaran\u010dovou pr\u00edchu\u0165ou, \u010do nielen u\u013eah\u010duje u\u017e\u00edvanie, ale aj pom\u00e1ha zabezpe\u010di\u0165 dodato\u010dn\u00fa hydrat\u00e1ciu. Pr\u00edpravok obsahuje okrem in\u00e9ho taur\u00edn, ktor\u00fd m\u00e1 priazniv\u00e9 vlastnosti \u2013 okrem in\u00e9ho m\u00e1 vplyv na v\u00fdkon a proces spa\u013eovania tuku po\u010das cvi\u010denia. Ostatn\u00e9 zlo\u017eky podporuj\u00fa spr\u00e1vne fungovanie svalov, prispievaj\u00fa k zn\u00ed\u017eeniu pocitu \u00fanavy a vy\u010derpania a udr\u017euj\u00fa energetick\u00fd metabolizmus na spr\u00e1vnej \u00farovni.<\/span><\/p>\n","protected":false},"featured_media":223668,"template":"","meta":[],"product_cat":[89],"product_tag":[],"class_list":{"0":"post-109761","1":"product","2":"type-product","3":"status-publish","4":"has-post-thumbnail","6":"product_cat-well-being-sk","8":"first","9":"instock","10":"shipping-taxable","11":"purchasable","12":"product-type-simple"},"_links":{"self":[{"href":"https:\/\/eu.nutramarket.net\/sk\/wp-json\/wp\/v2\/product\/109761","targetHints":{"allow":["GET"]}}],"collection":[{"href":"https:\/\/eu.nutramarket.net\/sk\/wp-json\/wp\/v2\/product"}],"about":[{"href":"https:\/\/eu.nutramarket.net\/sk\/wp-json\/wp\/v2\/types\/product"}],"wp:featuredmedia":[{"embeddable":true,"href":"https:\/\/eu.nutramarket.net\/sk\/wp-json\/wp\/v2\/media\/223668"}],"wp:attachment":[{"href":"https:\/\/eu.nutramarket.net\/sk\/wp-json\/wp\/v2\/media?parent=109761"}],"wp:term":[{"taxonomy":"product_cat","embeddable":true,"href":"https:\/\/eu.nutramarket.net\/sk\/wp-json\/wp\/v2\/product_cat?post=109761"},{"taxonomy":"product_tag","embeddable":true,"href":"https:\/\/eu.nutramarket.net\/sk\/wp-json\/wp\/v2\/product_tag?post=109761"}],"curies":[{"name":"wp","href":"https:\/\/api.w.org\/{rel}","templated":true}]}}