{"id":109769,"date":"2023-05-09T13:48:28","date_gmt":"2023-05-09T11:48:28","guid":{"rendered":"https:\/\/eu.nutramarket.net\/product\/yeslashes\/"},"modified":"2023-10-25T14:01:33","modified_gmt":"2023-10-25T12:01:33","slug":"yeslashes","status":"publish","type":"product","link":"https:\/\/eu.nutramarket.net\/sk\/produkt\/yeslashes\/","title":{"rendered":"YESlashes"},"content":{"rendered":"<p><span style=\"font-weight: 400;\">V\u00fdrobok bol vyvinut\u00fd s oh\u013eadom na \u013eud\u00ed, ktor\u00ed:<\/span><\/p>\n<ul>\n<li style=\"font-weight: 400;\" aria-level=\"1\"><span style=\"font-weight: 400;\">o\u010dak\u00e1vaj\u00fa r\u00fdchlej\u0161\u00ed rast rias a obo\u010dia,<\/span><\/li>\n<li style=\"font-weight: 400;\" aria-level=\"1\"><span style=\"font-weight: 400;\">chc\u00fa zhusti\u0165 riasy a obo\u010die,<\/span><\/li>\n<li style=\"font-weight: 400;\" aria-level=\"1\"><span style=\"font-weight: 400;\">ob\u013eubuj\u00fa jednoduch\u00fa a pohodln\u00fa aplik\u00e1ciu kozmetiky,<\/span><\/li>\n<li style=\"font-weight: 400;\" aria-level=\"1\"><span style=\"font-weight: 400;\">maj\u00fa citliv\u00e9 o\u010di a nosia kontaktn\u00e9 \u0161o\u0161ovky..<\/span><\/li>\n<\/ul>\n","protected":false},"excerpt":{"rendered":"<p><span style=\"font-weight: 400;\">G\u00e9l na rast rias a obo\u010dia<\/span><span style=\"font-weight: 400;\"><br \/>\n<\/span><span style=\"font-weight: 400;\">10 ml<\/span><\/p>\n<p><span style=\"font-weight: 400;\">YESlashes je kondicion\u00e9r vo forme g\u00e9lu pre v\u0161etk\u00fdch, ktor\u00ed chc\u00fa podpori\u0165 rast svojich rias a obo\u010dia. Akt\u00edvne zlo\u017eky boli vybran\u00e9 tak, aby stimulovali r\u00fdchly rast vlasov. Okrem toho m\u00f4\u017ee kondicion\u00e9r prispie\u0165 k zhusteniu obo\u010dia a rias a k ich stmavnutiu. V\u010faka tomu z\u00edskate v\u00fdrazn\u00fd vzh\u013ead a dod\u00e1te tv\u00e1ri charakter. Balenie pripom\u00edna tradi\u010dn\u00fa riasenku, tak\u017ee sa g\u00e9l \u013eahko nan\u00e1\u0161a.<\/span><\/p>\n","protected":false},"featured_media":14048,"template":"","meta":[],"product_cat":[82],"product_tag":[],"class_list":{"0":"post-109769","1":"product","2":"type-product","3":"status-publish","4":"has-post-thumbnail","6":"product_cat-beauty-sk","8":"first","9":"instock","10":"shipping-taxable","11":"purchasable","12":"product-type-simple"},"_links":{"self":[{"href":"https:\/\/eu.nutramarket.net\/sk\/wp-json\/wp\/v2\/product\/109769","targetHints":{"allow":["GET"]}}],"collection":[{"href":"https:\/\/eu.nutramarket.net\/sk\/wp-json\/wp\/v2\/product"}],"about":[{"href":"https:\/\/eu.nutramarket.net\/sk\/wp-json\/wp\/v2\/types\/product"}],"wp:featuredmedia":[{"embeddable":true,"href":"https:\/\/eu.nutramarket.net\/sk\/wp-json\/wp\/v2\/media\/14048"}],"wp:attachment":[{"href":"https:\/\/eu.nutramarket.net\/sk\/wp-json\/wp\/v2\/media?parent=109769"}],"wp:term":[{"taxonomy":"product_cat","embeddable":true,"href":"https:\/\/eu.nutramarket.net\/sk\/wp-json\/wp\/v2\/product_cat?post=109769"},{"taxonomy":"product_tag","embeddable":true,"href":"https:\/\/eu.nutramarket.net\/sk\/wp-json\/wp\/v2\/product_tag?post=109769"}],"curies":[{"name":"wp","href":"https:\/\/api.w.org\/{rel}","templated":true}]}}