{"id":109778,"date":"2023-05-09T13:45:46","date_gmt":"2023-05-09T11:45:46","guid":{"rendered":"https:\/\/eu.nutramarket.net\/product\/perfecto-cream\/"},"modified":"2023-10-25T13:52:35","modified_gmt":"2023-10-25T11:52:35","slug":"perfecto-cream","status":"publish","type":"product","link":"https:\/\/eu.nutramarket.net\/sk\/produkt\/perfecto-cream\/","title":{"rendered":"Perfecto Cream"},"content":{"rendered":"<p><span style=\"font-weight: 400;\">V\u00fdrobok bol vyvinut\u00fd s oh\u013eadom na \u013eud\u00ed, ktor\u00ed:<\/span><\/p>\n<ul>\n<li style=\"font-weight: 400;\" aria-level=\"1\"><span style=\"font-weight: 400;\">chc\u00fa zabezpe\u010di\u0165 komplexn\u00fa starostlivos\u0165 o poko\u017eku postihnut\u00fa celulit\u00eddou,<\/span><\/li>\n<li style=\"font-weight: 400;\" aria-level=\"1\"><span style=\"font-weight: 400;\">chc\u00fa zlep\u0161i\u0165 vzh\u013ead a stav svojej pleti,<\/span><\/li>\n<li style=\"font-weight: 400;\" aria-level=\"1\"><span style=\"font-weight: 400;\">sa s\u0165a\u017euj\u00fa na prebytok tukov\u00e9ho tkaniva.<\/span><\/li>\n<\/ul>\n","protected":false},"excerpt":{"rendered":"<p><span style=\"font-weight: 400;\">Telov\u00fd balzam s o\u0161etruj\u00facimi a spev\u0148uj\u00facimi \u00fa\u010dinkami<\/span><span style=\"font-weight: 400;\"><br \/>\n<\/span><span style=\"font-weight: 400;\">200 ml<\/span><\/p>\n<p><span style=\"font-weight: 400;\">Perfecto Cream je telov\u00fd balzam pre ka\u017ed\u00e9ho, komu z\u00e1le\u017e\u00ed na starostlivosti o telo a jeho dobrej kond\u00edcii. D\u00f4le\u017eit\u00fdm aspektom p\u00f4sobenia balzamu je jeho priazniv\u00fd \u00fa\u010dinok na redukciu celulit\u00eddy. M\u00e1 podporn\u00fd \u00fa\u010dinok pri zbavovan\u00ed sa prebyto\u010dn\u00e9ho tukov\u00e9ho tkaniva. V\u010faka bohatstvu zlo\u017eiek je o ple\u0165 postaran\u00e9 po cel\u00fd de\u0148. Napriek tomu je jeho konzistencia jemn\u00e1 a r\u00fdchlo sa vstreb\u00e1va, tak\u017ee balzam sa hod\u00ed na rann\u00e9 i ve\u010dern\u00e9 pou\u017eitie.<\/span><\/p>\n","protected":false},"featured_media":13954,"template":"","meta":[],"product_cat":[82],"product_tag":[],"class_list":{"0":"post-109778","1":"product","2":"type-product","3":"status-publish","4":"has-post-thumbnail","6":"product_cat-beauty-sk","8":"first","9":"instock","10":"shipping-taxable","11":"purchasable","12":"product-type-simple"},"_links":{"self":[{"href":"https:\/\/eu.nutramarket.net\/sk\/wp-json\/wp\/v2\/product\/109778","targetHints":{"allow":["GET"]}}],"collection":[{"href":"https:\/\/eu.nutramarket.net\/sk\/wp-json\/wp\/v2\/product"}],"about":[{"href":"https:\/\/eu.nutramarket.net\/sk\/wp-json\/wp\/v2\/types\/product"}],"wp:featuredmedia":[{"embeddable":true,"href":"https:\/\/eu.nutramarket.net\/sk\/wp-json\/wp\/v2\/media\/13954"}],"wp:attachment":[{"href":"https:\/\/eu.nutramarket.net\/sk\/wp-json\/wp\/v2\/media?parent=109778"}],"wp:term":[{"taxonomy":"product_cat","embeddable":true,"href":"https:\/\/eu.nutramarket.net\/sk\/wp-json\/wp\/v2\/product_cat?post=109778"},{"taxonomy":"product_tag","embeddable":true,"href":"https:\/\/eu.nutramarket.net\/sk\/wp-json\/wp\/v2\/product_tag?post=109778"}],"curies":[{"name":"wp","href":"https:\/\/api.w.org\/{rel}","templated":true}]}}