{"id":109787,"date":"2023-05-09T13:30:08","date_gmt":"2023-05-09T11:30:08","guid":{"rendered":"https:\/\/eu.nutramarket.net\/product\/trichomist-forte\/"},"modified":"2023-10-25T13:56:55","modified_gmt":"2023-10-25T11:56:55","slug":"trichomist-forte","status":"publish","type":"product","link":"https:\/\/eu.nutramarket.net\/sk\/produkt\/trichomist-forte\/","title":{"rendered":"Trichomist Forte"},"content":{"rendered":"<p><span style=\"font-weight: 400;\">V\u00fdrobok bol vyvinut\u00fd s oh\u013eadom na \u013eud\u00ed, ktor\u00ed maj\u00fa probl\u00e9m s:<\/span><\/p>\n<ul>\n<li style=\"font-weight: 400;\" aria-level=\"1\"><span style=\"font-weight: 400;\">vypad\u00e1van\u00edm vlasov,<\/span><\/li>\n<li style=\"font-weight: 400;\" aria-level=\"1\"><span style=\"font-weight: 400;\">nedostato\u010dn\u00fdm objemom vlasov,<\/span><\/li>\n<li style=\"font-weight: 400;\" aria-level=\"1\"><span style=\"font-weight: 400;\">nadmern\u00fdm masten\u00edm poko\u017eky hlavy,<\/span><\/li>\n<li style=\"font-weight: 400;\" aria-level=\"1\"><span style=\"font-weight: 400;\">nezdrav\u00fdm vzh\u013eadom vlasov,<\/span><\/li>\n<li style=\"font-weight: 400;\" aria-level=\"1\"><span style=\"font-weight: 400;\">n\u00e1chylnos\u0165ou vlasov na mechanick\u00e9 po\u0161kodenie.<\/span><\/li>\n<\/ul>\n","protected":false},"excerpt":{"rendered":"<p><span style=\"font-weight: 400;\">Sprej stimuluj\u00faci rast vlasov<\/span><span style=\"font-weight: 400;\"><br \/>\n<\/span><span style=\"font-weight: 400;\">50 ml<\/span><\/p>\n<p><span style=\"font-weight: 400;\">Trichomist Forte je kozmetick\u00fd pr\u00edpravok vo forme spreja pre \u013eud\u00ed, ktor\u00ed sa s\u0165a\u017euj\u00fa na nadmern\u00e9 vypad\u00e1vanie vlasov. V\u010faka bohat\u00e9mu obsahu akt\u00edvnych zlo\u017eiek m\u00e1 v\u00fdrobok priazniv\u00fd \u00fa\u010dinok na vlasy, preto\u017ee ur\u00fdch\u013euje ich rast a zabra\u0148uje ich vypad\u00e1vaniu. Okrem toho zv\u00e4\u010d\u0161uje objem vlasov, posil\u0148uje ich, dod\u00e1va im zdrav\u00fd vzh\u013ead a obnovuje lesk.<\/span><\/p>\n","protected":false},"featured_media":13951,"template":"","meta":[],"product_cat":[82],"product_tag":[],"class_list":{"0":"post-109787","1":"product","2":"type-product","3":"status-publish","4":"has-post-thumbnail","6":"product_cat-beauty-sk","8":"first","9":"instock","10":"shipping-taxable","11":"purchasable","12":"product-type-simple"},"_links":{"self":[{"href":"https:\/\/eu.nutramarket.net\/sk\/wp-json\/wp\/v2\/product\/109787","targetHints":{"allow":["GET"]}}],"collection":[{"href":"https:\/\/eu.nutramarket.net\/sk\/wp-json\/wp\/v2\/product"}],"about":[{"href":"https:\/\/eu.nutramarket.net\/sk\/wp-json\/wp\/v2\/types\/product"}],"wp:featuredmedia":[{"embeddable":true,"href":"https:\/\/eu.nutramarket.net\/sk\/wp-json\/wp\/v2\/media\/13951"}],"wp:attachment":[{"href":"https:\/\/eu.nutramarket.net\/sk\/wp-json\/wp\/v2\/media?parent=109787"}],"wp:term":[{"taxonomy":"product_cat","embeddable":true,"href":"https:\/\/eu.nutramarket.net\/sk\/wp-json\/wp\/v2\/product_cat?post=109787"},{"taxonomy":"product_tag","embeddable":true,"href":"https:\/\/eu.nutramarket.net\/sk\/wp-json\/wp\/v2\/product_tag?post=109787"}],"curies":[{"name":"wp","href":"https:\/\/api.w.org\/{rel}","templated":true}]}}