{"id":109795,"date":"2023-04-19T07:58:37","date_gmt":"2023-04-19T05:58:37","guid":{"rendered":"https:\/\/eu.nutramarket.net\/product\/dr-merritz\/"},"modified":"2024-04-24T15:03:33","modified_gmt":"2024-04-24T13:03:33","slug":"dr-merritz","status":"publish","type":"product","link":"https:\/\/eu.nutramarket.net\/sk\/produkt\/dr-merritz\/","title":{"rendered":"Dr. Merritz"},"content":{"rendered":"<p><span style=\"font-weight: 400;\">V\u00fdrobok bol vyvinut\u00fd s oh\u013eadom na \u013eud\u00ed, ktor\u00ed:\u00a0<\/span><\/p>\n<ul>\n<li style=\"font-weight: 400;\" aria-level=\"1\"><span style=\"font-weight: 400;\">Chc\u00fa regenerova\u0165 a posilni\u0165 svoje nechty<\/span><\/li>\n<li style=\"font-weight: 400;\" aria-level=\"1\"><span style=\"font-weight: 400;\">Chc\u00fa zlep\u0161i\u0165 stav svojich nechtov<\/span><\/li>\n<li style=\"font-weight: 400;\" aria-level=\"1\"><span style=\"font-weight: 400;\">Chc\u00fa zv\u00e4\u010d\u0161i\u0165 odolnos\u0165 svojich nechtov vo\u010di mechanick\u00e9mu po\u0161kodeniu<\/span><\/li>\n<li style=\"font-weight: 400;\" aria-level=\"1\"><span style=\"font-weight: 400;\">Chc\u00fa docieli\u0165 efekt leskl\u00fdch a hladk\u00fdch nechtov<\/span><\/li>\n<li style=\"font-weight: 400;\" aria-level=\"1\"><span style=\"font-weight: 400;\">Chc\u00fa podpori\u0165 rast nechtovej platni\u010dky<\/span><\/li>\n<li style=\"font-weight: 400;\" aria-level=\"1\"><span style=\"font-weight: 400;\">H\u013eadaj\u00fa v\u00fdrobok, ktor\u00fd m\u00e1 okrem starostlivosti o poko\u017eku aj antibakteri\u00e1lne a protiples\u0148ov\u00e9 vlastnosti.<\/span><\/li>\n<\/ul>\n","protected":false},"excerpt":{"rendered":"<p><span style=\"font-weight: 400;\">Regenera\u010dn\u00fd kondicion\u00e9r na po\u0161koden\u00e9 nechty s antimikrobi\u00e1lnymi vlastnos\u0165ami<\/span><span style=\"font-weight: 400;\"><br \/>\n<\/span><span style=\"font-weight: 400;\">5 ml<\/span><\/p>\n<p><span style=\"font-weight: 400;\">Dr. Merritz je kondicion\u00e9r v praktickej forme laku na nechty. Bol vyvinut\u00fd pre \u013eud\u00ed, ktor\u00ed sa pot\u00fdkaj\u00fa s probl\u00e9mami v oblasti nechtov na noh\u00e1ch a ruk\u00e1ch. Lak p\u00f4sob\u00ed antibakteri\u00e1lne a proti plesniam. M\u00f4\u017ee sa pou\u017e\u00edva\u0165 aj na zlep\u0161enie stavu nechtov, ich regener\u00e1ciu a posilnenie. V\u00fdsledkom pou\u017e\u00edvania m\u00f4\u017eu by\u0165 leskl\u00e9 a hladk\u00e9 nechty.<\/span><\/p>\n","protected":false},"featured_media":190332,"template":"","meta":[],"product_cat":[82],"product_tag":[],"class_list":{"0":"post-109795","1":"product","2":"type-product","3":"status-publish","4":"has-post-thumbnail","6":"product_cat-beauty-sk","8":"first","9":"instock","10":"shipping-taxable","11":"purchasable","12":"product-type-simple"},"_links":{"self":[{"href":"https:\/\/eu.nutramarket.net\/sk\/wp-json\/wp\/v2\/product\/109795","targetHints":{"allow":["GET"]}}],"collection":[{"href":"https:\/\/eu.nutramarket.net\/sk\/wp-json\/wp\/v2\/product"}],"about":[{"href":"https:\/\/eu.nutramarket.net\/sk\/wp-json\/wp\/v2\/types\/product"}],"wp:featuredmedia":[{"embeddable":true,"href":"https:\/\/eu.nutramarket.net\/sk\/wp-json\/wp\/v2\/media\/190332"}],"wp:attachment":[{"href":"https:\/\/eu.nutramarket.net\/sk\/wp-json\/wp\/v2\/media?parent=109795"}],"wp:term":[{"taxonomy":"product_cat","embeddable":true,"href":"https:\/\/eu.nutramarket.net\/sk\/wp-json\/wp\/v2\/product_cat?post=109795"},{"taxonomy":"product_tag","embeddable":true,"href":"https:\/\/eu.nutramarket.net\/sk\/wp-json\/wp\/v2\/product_tag?post=109795"}],"curies":[{"name":"wp","href":"https:\/\/api.w.org\/{rel}","templated":true}]}}