{"id":120040,"date":"2023-12-13T14:58:32","date_gmt":"2023-12-13T13:58:32","guid":{"rendered":"https:\/\/eu.nutramarket.net\/?post_type=product&#038;p=120040"},"modified":"2024-02-14T15:35:36","modified_gmt":"2024-02-14T14:35:36","slug":"vitasimil","status":"publish","type":"product","link":"https:\/\/eu.nutramarket.net\/sk\/produkt\/vitasimil\/","title":{"rendered":"VITASIMIL"},"content":{"rendered":"<p><b>V\u00fdrobok bol vyvinut\u00fd s oh\u013eadom na \u013eud\u00ed, ktor\u00ed:<\/b><\/p>\n<ul>\n<li style=\"font-weight: 400;\" aria-level=\"1\" data-mce-style=\"font-weight: 400;\"><span style=\"font-weight: 400;\" data-mce-style=\"font-weight: 400;\">h\u013eadaj\u00fa podporu po\u010das procesu chudnutia,<\/span><\/li>\n<li style=\"font-weight: 400;\" aria-level=\"1\" data-mce-style=\"font-weight: 400;\"><span style=\"font-weight: 400;\" data-mce-style=\"font-weight: 400;\">ob\u013eubuj\u00fa nov\u00e9 formy pod\u00e1vania produktov,<\/span><\/li>\n<li style=\"font-weight: 400;\" aria-level=\"1\" data-mce-style=\"font-weight: 400;\"><span style=\"font-weight: 400;\" data-mce-style=\"font-weight: 400;\">o\u010dak\u00e1vaj\u00fa mnohostrann\u00e9 p\u00f4sobenie,&nbsp;<\/span><\/li>\n<li style=\"font-weight: 400;\" aria-level=\"1\" data-mce-style=\"font-weight: 400;\"><span style=\"font-weight: 400;\" data-mce-style=\"font-weight: 400;\">chc\u00fa podpori\u0165 metabolizmus lipidov a sacharidov,<\/span><\/li>\n<li style=\"font-weight: 400;\" aria-level=\"1\" data-mce-style=\"font-weight: 400;\"><span style=\"font-weight: 400;\" data-mce-style=\"font-weight: 400;\">chc\u00fa pom\u00f4c\u0165 udr\u017ea\u0165 spr\u00e1vnu hladiny gluk\u00f3zy v krvi,<\/span><\/li>\n<li style=\"font-weight: 400;\" aria-level=\"1\" data-mce-style=\"font-weight: 400;\"><span style=\"font-weight: 400;\" data-mce-style=\"font-weight: 400;\">chc\u00fa si udr\u017ea\u0165 dobr\u00fa fyzick\u00fa kond\u00edciu,<\/span><\/li>\n<li style=\"font-weight: 400;\" aria-level=\"1\" data-mce-style=\"font-weight: 400;\">chc\u00fa podpori\u0165 tr\u00e1venie.<\/li>\n<\/ul>\n<p><\/p>\n<p><\/p>\n","protected":false},"excerpt":{"rendered":"<p><span style=\"font-weight: 400;\">V\u00fd\u017eivov\u00fd doplnok na pomoc pri chudnut\u00ed vo forme pr\u00e1\u0161ku<\/span><\/p>\n<p><span style=\"font-weight: 400;\">\u00a0<\/span><\/p>\n<p><span style=\"font-weight: 400;\">14 vrec\u00fa\u0161ok<\/span><\/p>\n<p><span style=\"font-weight: 400;\">\u00a0<\/span><\/p>\n<p><span style=\"font-weight: 400;\">Vitasimil je v\u00fd\u017eivov\u00fd doplnok, ktor\u00fd bol vyvinut\u00fd pre \u013eud\u00ed h\u013eadaj\u00facich podporu v procese chudnutia. M\u00e1 inovat\u00edvnu formu pr\u00e1\u0161ku, ktor\u00fd m\u00f4\u017eete prida\u0165 do svojho ob\u013e\u00faben\u00e9ho smoothie, jogurtu alebo d\u017e\u00fasu. Obsiahnut\u00e9 \u00fa\u010dinn\u00e9 l\u00e1tky s\u00fa navrhnut\u00e9 tak, aby pom\u00e1hali organizmu v metabolizme lipidov (tukov) a sacharidov. Vl\u00e1knina obsiahnut\u00e1 v zlo\u017een\u00ed reguluje tr\u00e1venie.<\/span><\/p>\n","protected":false},"featured_media":120054,"template":"","meta":[],"product_cat":[89],"product_tag":[],"class_list":{"0":"post-120040","1":"product","2":"type-product","3":"status-publish","4":"has-post-thumbnail","6":"product_cat-well-being-sk","8":"first","9":"instock","10":"shipping-taxable","11":"purchasable","12":"product-type-simple"},"_links":{"self":[{"href":"https:\/\/eu.nutramarket.net\/sk\/wp-json\/wp\/v2\/product\/120040","targetHints":{"allow":["GET"]}}],"collection":[{"href":"https:\/\/eu.nutramarket.net\/sk\/wp-json\/wp\/v2\/product"}],"about":[{"href":"https:\/\/eu.nutramarket.net\/sk\/wp-json\/wp\/v2\/types\/product"}],"wp:featuredmedia":[{"embeddable":true,"href":"https:\/\/eu.nutramarket.net\/sk\/wp-json\/wp\/v2\/media\/120054"}],"wp:attachment":[{"href":"https:\/\/eu.nutramarket.net\/sk\/wp-json\/wp\/v2\/media?parent=120040"}],"wp:term":[{"taxonomy":"product_cat","embeddable":true,"href":"https:\/\/eu.nutramarket.net\/sk\/wp-json\/wp\/v2\/product_cat?post=120040"},{"taxonomy":"product_tag","embeddable":true,"href":"https:\/\/eu.nutramarket.net\/sk\/wp-json\/wp\/v2\/product_tag?post=120040"}],"curies":[{"name":"wp","href":"https:\/\/api.w.org\/{rel}","templated":true}]}}