{"id":120049,"date":"2023-12-13T15:36:49","date_gmt":"2023-12-13T14:36:49","guid":{"rendered":"https:\/\/eu.nutramarket.net\/?post_type=product&#038;p=120049"},"modified":"2024-04-12T16:53:37","modified_gmt":"2024-04-12T14:53:37","slug":"supritabs","status":"publish","type":"product","link":"https:\/\/eu.nutramarket.net\/sk\/produkt\/supritabs\/","title":{"rendered":"Supritabs"},"content":{"rendered":"<p><b>V\u00fdrobok bol vyvinut\u00fd pre \u013eud\u00ed, ktor\u00ed:\u00a0<\/b><\/p>\n<ul>\n<li style=\"font-weight: 400;\" aria-level=\"1\"><span style=\"font-weight: 400;\">chc\u00fa doplni\u0165 svoju stravu o vitam\u00edny a miner\u00e1ly\u00a0\u00a0<\/span><\/li>\n<li style=\"font-weight: 400;\" aria-level=\"1\"><span style=\"font-weight: 400;\">maj\u00fa \u0165a\u017ekosti s preh\u013atan\u00edm tabliet alebo kaps\u00fal a h\u013eadaj\u00fa in\u00fa formu pod\u00e1vania pr\u00edpravku\u00a0<\/span><\/li>\n<li style=\"font-weight: 400;\" aria-level=\"1\"><span style=\"font-weight: 400;\">potrebuj\u00fa doplni\u0165 energiu\u00a0<\/span><\/li>\n<li style=\"font-weight: 400;\" aria-level=\"1\"><span style=\"font-weight: 400;\">uprednost\u0148uj\u00fa v\u00fdrobky s vysok\u00fdm obsahom \u00fa\u010dinn\u00fdch l\u00e1tok a mnohostrann\u00fdm p\u00f4soben\u00edm\u00a0\u00a0<\/span><\/li>\n<li style=\"font-weight: 400;\" aria-level=\"1\"><span style=\"font-weight: 400;\">chc\u00fa dodato\u010dne podpori\u0165 hydrat\u00e1ciu organizmu (potreba rozpusti\u0165 tabletu v poh\u00e1ri vody v\u00e1s \u201cdon\u00fati\u201c vypi\u0165 aspo\u0148 jeden poh\u00e1r vody navy\u0161e)\u00a0\u00a0\u00a0<\/span><\/li>\n<\/ul>\n<p>&nbsp;<\/p>\n","protected":false},"excerpt":{"rendered":"<p><span style=\"font-weight: 400;\">\u0160umiv\u00e9 tablety podporuj\u00face celkov\u00fd stav<\/span><\/p>\n<p><span style=\"font-weight: 400;\">20 tabliet<\/span><\/p>\n<p><span style=\"font-weight: 400;\">Supritabs je doplnok stravy, ktor\u00fd bol vyvinut\u00fd pre \u013eud\u00ed h\u013eadaj\u00facich energiu, pohodu a extra d\u00e1vku vitam\u00ednov. Pre v\u00e4\u010d\u0161ie pohodlie sa dod\u00e1va vo forme \u0161umiv\u00fdch tabliet s tropickou pr\u00edchu\u0165ou, \u010do nielen u\u013eah\u010duje u\u017e\u00edvanie, ale aj pom\u00e1ha zabezpe\u010di\u0165 dodato\u010dn\u00fa hydrat\u00e1ciu. Pr\u00edpravok okrem in\u00e9ho obsahuje drasl\u00edk, ktor\u00fd m\u00e1 prospe\u0161n\u00e9 vlastnosti \u2013 napr\u00edklad podporuje nervov\u00fd syst\u00e9m a zabezpe\u010duje norm\u00e1lny krvn\u00fd tlak. Ostatn\u00e9 zlo\u017eky (v\u00e1pnik, vitam\u00edn C, hor\u010d\u00edk, chr\u00f3m) podporuj\u00fa spr\u00e1vne fungovanie imunitn\u00e9ho syst\u00e9mu, primeran\u00fa hladinu \u017eivotnej energie a zabezpe\u010duj\u00fa dobr\u00fd celkov\u00fd stav.\u00a0<\/span><\/p>\n","protected":false},"featured_media":190171,"template":"","meta":[],"product_cat":[89],"product_tag":[],"class_list":{"0":"post-120049","1":"product","2":"type-product","3":"status-publish","4":"has-post-thumbnail","6":"product_cat-well-being-sk","8":"first","9":"instock","10":"shipping-taxable","11":"purchasable","12":"product-type-simple"},"_links":{"self":[{"href":"https:\/\/eu.nutramarket.net\/sk\/wp-json\/wp\/v2\/product\/120049","targetHints":{"allow":["GET"]}}],"collection":[{"href":"https:\/\/eu.nutramarket.net\/sk\/wp-json\/wp\/v2\/product"}],"about":[{"href":"https:\/\/eu.nutramarket.net\/sk\/wp-json\/wp\/v2\/types\/product"}],"wp:featuredmedia":[{"embeddable":true,"href":"https:\/\/eu.nutramarket.net\/sk\/wp-json\/wp\/v2\/media\/190171"}],"wp:attachment":[{"href":"https:\/\/eu.nutramarket.net\/sk\/wp-json\/wp\/v2\/media?parent=120049"}],"wp:term":[{"taxonomy":"product_cat","embeddable":true,"href":"https:\/\/eu.nutramarket.net\/sk\/wp-json\/wp\/v2\/product_cat?post=120049"},{"taxonomy":"product_tag","embeddable":true,"href":"https:\/\/eu.nutramarket.net\/sk\/wp-json\/wp\/v2\/product_tag?post=120049"}],"curies":[{"name":"wp","href":"https:\/\/api.w.org\/{rel}","templated":true}]}}