{"id":120079,"date":"2023-12-18T12:32:21","date_gmt":"2023-12-18T11:32:21","guid":{"rendered":"https:\/\/eu.nutramarket.net\/?post_type=product&#038;p=120079"},"modified":"2023-12-18T14:47:38","modified_gmt":"2023-12-18T13:47:38","slug":"venicoldgel","status":"publish","type":"product","link":"https:\/\/eu.nutramarket.net\/sk\/produkt\/venicoldgel\/","title":{"rendered":"Venicold Gel"},"content":{"rendered":"<p><b>V\u00fdrobok bol vyvinut\u00fd s oh\u013eadom na \u013eud\u00ed, ktor\u00ed:\u00a0<\/b><\/p>\n<ul>\n<li style=\"font-weight: 400;\" aria-level=\"1\"><span style=\"font-weight: 400;\">maj\u00fa pocit tzv. \u0165a\u017ek\u00fdch n\u00f4h,<\/span><\/li>\n<li style=\"font-weight: 400;\" aria-level=\"1\"><span style=\"font-weight: 400;\">maj\u00fa tendenciu k roz\u0161\u00edren\u00fdm cievam, tzv. metli\u010dkov\u00fdm \u017eilk\u00e1m,<\/span><\/li>\n<li style=\"font-weight: 400;\" aria-level=\"1\"><span style=\"font-weight: 400;\">chc\u00fa prinies\u0165 \u00fa\u013eavu unaven\u00fdm noh\u00e1m,<\/span><\/li>\n<li style=\"font-weight: 400;\" aria-level=\"1\"><span style=\"font-weight: 400;\">potrebuj\u00fa chladiaci \u00fa\u010dinok, najm\u00e4 v lete.<\/span><\/li>\n<\/ul>\n","protected":false},"excerpt":{"rendered":"<p><span style=\"font-weight: 400;\">G\u00e9l na nohy s o\u0161etruj\u00facimi a chladiacimi vlastnos\u0165ami<\/span><\/p>\n<p><span style=\"font-weight: 400;\">150 ml<\/span><\/p>\n<p><span style=\"font-weight: 400;\">Venicold Gel je g\u00e9l, ktor\u00fd v\u010faka mno\u017estvu \u00fa\u010dinn\u00fdch l\u00e1tok vykazuje mno\u017estvo priazniv\u00fdch \u00fa\u010dinkov na poko\u017eku. Pr\u00edpravok je ve\u013emi vhodn\u00fd na starostlivos\u0165 o ple\u0165 a jej relax\u00e1ciu, m\u00e1 chladiv\u00fd a upokojuj\u00faci \u00fa\u010dinok. Okrem toho m\u00f4\u017ee v\u00fdrobok poskytn\u00fa\u0165 \u00fa\u013eavu pre unaven\u00e9 nohy. G\u00e9l sa m\u00f4\u017ee pou\u017e\u00edva\u0165 kr\u00e1tkodobo aj pravidelne.<\/span><\/p>\n","protected":false},"featured_media":120082,"template":"","meta":[],"product_cat":[89],"product_tag":[],"class_list":{"0":"post-120079","1":"product","2":"type-product","3":"status-publish","4":"has-post-thumbnail","6":"product_cat-well-being-sk","8":"first","9":"instock","10":"shipping-taxable","11":"purchasable","12":"product-type-simple"},"_links":{"self":[{"href":"https:\/\/eu.nutramarket.net\/sk\/wp-json\/wp\/v2\/product\/120079","targetHints":{"allow":["GET"]}}],"collection":[{"href":"https:\/\/eu.nutramarket.net\/sk\/wp-json\/wp\/v2\/product"}],"about":[{"href":"https:\/\/eu.nutramarket.net\/sk\/wp-json\/wp\/v2\/types\/product"}],"wp:featuredmedia":[{"embeddable":true,"href":"https:\/\/eu.nutramarket.net\/sk\/wp-json\/wp\/v2\/media\/120082"}],"wp:attachment":[{"href":"https:\/\/eu.nutramarket.net\/sk\/wp-json\/wp\/v2\/media?parent=120079"}],"wp:term":[{"taxonomy":"product_cat","embeddable":true,"href":"https:\/\/eu.nutramarket.net\/sk\/wp-json\/wp\/v2\/product_cat?post=120079"},{"taxonomy":"product_tag","embeddable":true,"href":"https:\/\/eu.nutramarket.net\/sk\/wp-json\/wp\/v2\/product_tag?post=120079"}],"curies":[{"name":"wp","href":"https:\/\/api.w.org\/{rel}","templated":true}]}}