{"id":190186,"date":"2023-04-19T15:58:02","date_gmt":"2023-04-19T13:58:02","guid":{"rendered":"https:\/\/eu.nutramarket.net\/product\/vidia-oil\/"},"modified":"2024-02-15T17:59:07","modified_gmt":"2024-02-15T16:59:07","slug":"vidia-oil","status":"publish","type":"product","link":"https:\/\/eu.nutramarket.net\/sk\/produkt\/vidia-oil\/","title":{"rendered":"Vidia Oil"},"content":{"rendered":"<p><b>V\u00fdrobok bol vyvinut\u00fd pre \u013eud\u00ed, ktor\u00ed:\u00a0<\/b><\/p>\n<ul>\n<li style=\"font-weight: 400;\" aria-level=\"1\"><span style=\"font-weight: 400;\">chc\u00fa sa postara\u0165 o svoj sluch<\/span><\/li>\n<li style=\"font-weight: 400;\" aria-level=\"1\"><span style=\"font-weight: 400;\">chc\u00fa sa postara\u0165 o kardiovaskul\u00e1rny syst\u00e9m\u00a0<\/span><\/li>\n<li style=\"font-weight: 400;\" aria-level=\"1\"><span style=\"font-weight: 400;\">chc\u00fa lep\u0161ie kontrolova\u0165 hladinu cholesterolu<\/span><\/li>\n<li style=\"font-weight: 400;\" aria-level=\"1\"><span style=\"font-weight: 400;\">chc\u00fa podpori\u0165 imunitn\u00fd syst\u00e9m<\/span><\/li>\n<li style=\"font-weight: 400;\" aria-level=\"1\"><span style=\"font-weight: 400;\">chc\u00fa sa postara\u0165 o svoju n\u00e1ladu\u00a0\u00a0<\/span><\/li>\n<\/ul>\n<p>&nbsp;<\/p>\n","protected":false},"excerpt":{"rendered":"<p>Doplnok stravy vo forme kvapiek so zdraviu prospe\u0161n\u00fdmi \u00fa\u010dinkami<br \/>\n10 g<\/p>\n<p><span style=\"font-weight: 400;\">Vidia Oil je olej ur\u010den\u00fd predov\u0161etk\u00fdm pre \u013eud\u00ed, ktor\u00ed sa chc\u00fa postara\u0165 o svoj sluch. <\/span><span style=\"font-weight: 400;\">V\u010faka pr\u00edtomnosti oleja zo semien konopy siatej m\u00e1 priazniv\u00fd \u00fa\u010dinok na kardiovaskul\u00e1rny syst\u00e9m, upokojuje a uvol\u0148uje. V\u010faka tomu sluch funguje lep\u0161ie, preto\u017ee cel\u00fd organizmus nie je vystaven\u00fd stresu. Olej tie\u017e podporuje spr\u00e1vne fungovanie imunitn\u00e9ho syst\u00e9mu.\u00a0<\/span><\/p>\n","protected":false},"featured_media":190180,"template":"","meta":[],"product_cat":[89],"product_tag":[],"class_list":{"0":"post-190186","1":"product","2":"type-product","3":"status-publish","4":"has-post-thumbnail","6":"product_cat-well-being-sk","8":"first","9":"instock","10":"shipping-taxable","11":"purchasable","12":"product-type-simple"},"_links":{"self":[{"href":"https:\/\/eu.nutramarket.net\/sk\/wp-json\/wp\/v2\/product\/190186","targetHints":{"allow":["GET"]}}],"collection":[{"href":"https:\/\/eu.nutramarket.net\/sk\/wp-json\/wp\/v2\/product"}],"about":[{"href":"https:\/\/eu.nutramarket.net\/sk\/wp-json\/wp\/v2\/types\/product"}],"wp:featuredmedia":[{"embeddable":true,"href":"https:\/\/eu.nutramarket.net\/sk\/wp-json\/wp\/v2\/media\/190180"}],"wp:attachment":[{"href":"https:\/\/eu.nutramarket.net\/sk\/wp-json\/wp\/v2\/media?parent=190186"}],"wp:term":[{"taxonomy":"product_cat","embeddable":true,"href":"https:\/\/eu.nutramarket.net\/sk\/wp-json\/wp\/v2\/product_cat?post=190186"},{"taxonomy":"product_tag","embeddable":true,"href":"https:\/\/eu.nutramarket.net\/sk\/wp-json\/wp\/v2\/product_tag?post=190186"}],"curies":[{"name":"wp","href":"https:\/\/api.w.org\/{rel}","templated":true}]}}