{"id":190202,"date":"2024-02-15T18:08:16","date_gmt":"2024-02-15T17:08:16","guid":{"rendered":"https:\/\/eu.nutramarket.net\/product\/mifastin\/"},"modified":"2024-04-19T14:44:44","modified_gmt":"2024-04-19T12:44:44","slug":"mifastin","status":"publish","type":"product","link":"https:\/\/eu.nutramarket.net\/sk\/produkt\/mifastin\/","title":{"rendered":"Mifastin"},"content":{"rendered":"<p><b>V\u00fdrobok bol vyvinut\u00fd pre \u013eud\u00ed, ktor\u00ed:\u00a0<\/b><\/p>\n<ul>\n<li style=\"font-weight: 400;\" aria-level=\"1\"><span style=\"font-weight: 400;\">dr\u017eia ketog\u00e9nnu di\u00e9tu &#8211; kyselina kaprylov\u00e1 m\u00f4\u017ee podporova\u0165 tvorbu ketol\u00e1tok\u00a0<\/span><\/li>\n<li style=\"font-weight: 400;\" aria-level=\"1\"><span style=\"font-weight: 400;\">bojuj\u00fa s ples\u0148ov\u00fdmi infekciami, najm\u00e4 s t\u00fdmi, ktor\u00e9 sp\u00f4sobuj\u00fa kvasinky rodu <\/span><i><span style=\"font-weight: 400;\">Candida<\/span><\/i><span style=\"font-weight: 400;\">\u00a0<\/span><\/li>\n<li style=\"font-weight: 400;\" aria-level=\"1\"><span style=\"font-weight: 400;\">z\u00e1pasia s tr\u00e1viacimi \u0165a\u017ekos\u0165ami\u00a0<\/span><\/li>\n<li style=\"font-weight: 400;\" aria-level=\"1\"><span style=\"font-weight: 400;\">bojuj\u00fa so zv\u00fd\u0161enou chu\u0165ou na sladk\u00e9\u00a0\u00a0\u00a0<\/span><\/li>\n<\/ul>\n","protected":false},"excerpt":{"rendered":"<p><span style=\"font-weight: 400;\">Kapsuly na podporu po\u010das ketog\u00e9nnej di\u00e9ty<\/span><\/p>\n<p><span style=\"font-weight: 400;\">60 tabliet<\/span><\/p>\n<p><span style=\"font-weight: 400;\">Mifasting je v\u00fd\u017eivov\u00fd doplnok, ktor\u00fd bol vyvinut\u00fd pre \u013eud\u00ed, ktor\u00ed sa chc\u00fa postara\u0165 o svoj organizmus po\u010das ketog\u00e9nnej di\u00e9ty. Kapsuly s\u00fa bohat\u00e9 na zlo\u017eky, ktor\u00e9 na jednej strane pom\u00e1haj\u00fa stara\u0165 sa o spr\u00e1vny priebeh ket\u00f3zy, ale tie\u017e podporuj\u00fa tr\u00e1viaci trakt vystaven\u00fd kvasink\u00e1m, hub\u00e1m a bakt\u00e9ri\u00e1m. Pom\u00e1haj\u00fa tie\u017e posil\u0148ova\u0165 prirodzen\u00fa obranyschopnos\u0165 organizmu a jeho vitalitu.\u00a0<\/span><\/p>\n","protected":false},"featured_media":190197,"template":"","meta":[],"product_cat":[89],"product_tag":[],"class_list":{"0":"post-190202","1":"product","2":"type-product","3":"status-publish","4":"has-post-thumbnail","6":"product_cat-well-being-sk","8":"first","9":"instock","10":"shipping-taxable","11":"purchasable","12":"product-type-simple"},"_links":{"self":[{"href":"https:\/\/eu.nutramarket.net\/sk\/wp-json\/wp\/v2\/product\/190202","targetHints":{"allow":["GET"]}}],"collection":[{"href":"https:\/\/eu.nutramarket.net\/sk\/wp-json\/wp\/v2\/product"}],"about":[{"href":"https:\/\/eu.nutramarket.net\/sk\/wp-json\/wp\/v2\/types\/product"}],"wp:featuredmedia":[{"embeddable":true,"href":"https:\/\/eu.nutramarket.net\/sk\/wp-json\/wp\/v2\/media\/190197"}],"wp:attachment":[{"href":"https:\/\/eu.nutramarket.net\/sk\/wp-json\/wp\/v2\/media?parent=190202"}],"wp:term":[{"taxonomy":"product_cat","embeddable":true,"href":"https:\/\/eu.nutramarket.net\/sk\/wp-json\/wp\/v2\/product_cat?post=190202"},{"taxonomy":"product_tag","embeddable":true,"href":"https:\/\/eu.nutramarket.net\/sk\/wp-json\/wp\/v2\/product_tag?post=190202"}],"curies":[{"name":"wp","href":"https:\/\/api.w.org\/{rel}","templated":true}]}}