{"id":190230,"date":"2024-03-06T15:32:03","date_gmt":"2024-03-06T14:32:03","guid":{"rendered":"https:\/\/eu.nutramarket.net\/product\/nightbeast\/"},"modified":"2024-03-07T09:25:50","modified_gmt":"2024-03-07T08:25:50","slug":"nightbeast","status":"publish","type":"product","link":"https:\/\/eu.nutramarket.net\/sk\/produkt\/nightbeast\/","title":{"rendered":"Night Beast"},"content":{"rendered":"<p><b>V\u00fdrobok bol vyvinut\u00fd s oh\u013eadom na mu\u017eov, ktor\u00ed chc\u00fa:\u00a0<\/b><\/p>\n<ul>\n<li style=\"font-weight: 400;\" aria-level=\"1\"><span style=\"font-weight: 400;\">pred\u013a\u017ei\u0165 trvanie erekcie,<\/span><\/li>\n<li style=\"font-weight: 400;\" aria-level=\"1\"><span style=\"font-weight: 400;\">stimulova\u0165 rast penisu,<\/span><\/li>\n<li style=\"font-weight: 400;\" aria-level=\"1\"><span style=\"font-weight: 400;\">zlep\u0161i\u0165 vzh\u013ead penisu,<\/span><\/li>\n<li style=\"font-weight: 400;\" aria-level=\"1\"><span style=\"font-weight: 400;\">vy\u017eivova\u0165 a posilni\u0165 poko\u017eku int\u00edmnych parti\u00ed,<\/span><\/li>\n<li style=\"font-weight: 400;\" aria-level=\"1\"><span style=\"font-weight: 400;\">stimulova\u0165 a zv\u00fd\u0161i\u0165 citlivos\u0165 int\u00edmnej oblasti po\u010das pohlavn\u00e9ho styku.<\/span><\/li>\n<\/ul>\n<p>&nbsp;<\/p>\n","protected":false},"excerpt":{"rendered":"<p><span style=\"font-weight: 400;\">Int\u00edmny kr\u00e9m pre mu\u017eov, ktor\u00ed chc\u00fa umocni\u0165 p\u00f4\u017eitky<\/span><\/p>\n<p><span style=\"font-weight: 400;\">\u00a0<\/span><\/p>\n<p><span style=\"font-weight: 400;\">150 ml<\/span><\/p>\n<p><span style=\"font-weight: 400;\">\u00a0<\/span><\/p>\n<p><span style=\"font-weight: 400;\">Opis<\/span><\/p>\n<p>&nbsp;<\/p>\n<p><span style=\"font-weight: 400;\">NightBeast je kr\u00e9m pre mu\u017eov ur\u010den\u00fd na int\u00edmne z\u00f3ny. Je ur\u010den\u00fd pre v\u0161etk\u00fdch, ktor\u00ed chc\u00fa zlep\u0161i\u0165 p\u00f4\u017eitok po\u010das pohlavn\u00e9ho styku. Pr\u00edpravok pom\u00e1ha pred\u013a\u017ei\u0165 erekciu a m\u00e1 tie\u017e vplyv na zv\u00e4\u010d\u0161enie ve\u013ekosti penisu a celkov\u00e9 zlep\u0161enie jeho vzh\u013eadu. To v\u0161etko prispieva k tomu, \u017ee sex je pre oboch partnerov ove\u013ea pr\u00edjemnej\u0161\u00ed a v\u00fdrazne zvy\u0161uje teplotu v sp\u00e1lni.<\/span><\/p>\n","protected":false},"featured_media":190225,"template":"","meta":[],"product_cat":[89],"product_tag":[],"class_list":{"0":"post-190230","1":"product","2":"type-product","3":"status-publish","4":"has-post-thumbnail","6":"product_cat-well-being-sk","8":"first","9":"instock","10":"shipping-taxable","11":"purchasable","12":"product-type-simple"},"_links":{"self":[{"href":"https:\/\/eu.nutramarket.net\/sk\/wp-json\/wp\/v2\/product\/190230","targetHints":{"allow":["GET"]}}],"collection":[{"href":"https:\/\/eu.nutramarket.net\/sk\/wp-json\/wp\/v2\/product"}],"about":[{"href":"https:\/\/eu.nutramarket.net\/sk\/wp-json\/wp\/v2\/types\/product"}],"wp:featuredmedia":[{"embeddable":true,"href":"https:\/\/eu.nutramarket.net\/sk\/wp-json\/wp\/v2\/media\/190225"}],"wp:attachment":[{"href":"https:\/\/eu.nutramarket.net\/sk\/wp-json\/wp\/v2\/media?parent=190230"}],"wp:term":[{"taxonomy":"product_cat","embeddable":true,"href":"https:\/\/eu.nutramarket.net\/sk\/wp-json\/wp\/v2\/product_cat?post=190230"},{"taxonomy":"product_tag","embeddable":true,"href":"https:\/\/eu.nutramarket.net\/sk\/wp-json\/wp\/v2\/product_tag?post=190230"}],"curies":[{"name":"wp","href":"https:\/\/api.w.org\/{rel}","templated":true}]}}