{"id":190250,"date":"2024-03-07T12:08:09","date_gmt":"2024-03-07T11:08:09","guid":{"rendered":"https:\/\/eu.nutramarket.net\/product\/luminissa\/"},"modified":"2024-03-07T13:05:16","modified_gmt":"2024-03-07T12:05:16","slug":"luminissa","status":"publish","type":"product","link":"https:\/\/eu.nutramarket.net\/sk\/produkt\/luminissa\/","title":{"rendered":"Luminissa"},"content":{"rendered":"<p><b>V\u00fdrobok bol vyvinut\u00fd pre \u013eud\u00ed, ktor\u00ed:<\/b><\/p>\n<ul>\n<li><span style=\"font-weight: 400;\"> \u00a0 <\/span> <span style=\"font-weight: 400;\">Chc\u00fa dba\u0165 o svoju kr\u00e1su zvn\u00fatra<\/span><\/li>\n<li><span style=\"font-weight: 400;\"> \u00a0 <\/span> <span style=\"font-weight: 400;\">Chc\u00fa doplni\u0165 svoju stravu o antioxida\u010dn\u00e9 zlo\u017eky<\/span><\/li>\n<li><span style=\"font-weight: 400;\"> \u00a0 <\/span> <span style=\"font-weight: 400;\">Uprednost\u0148uj\u00fa multifunk\u010dn\u00e9 v\u00fdrobky<\/span><\/li>\n<li>\u00a0 Chc\u00fa podpori\u0165 dostato\u010dn\u00fa hydrat\u00e1ciu organizmu<\/li>\n<\/ul>\n","protected":false},"excerpt":{"rendered":"<p><span style=\"font-weight: 400;\">\u0160umiv\u00e9 tablety pom\u00e1haj\u00face obnovi\u0165 lesk poko\u017eky a vlasov<\/span><\/p>\n<p><span style=\"font-weight: 400;\">20 tabliet<\/span><\/p>\n<p><span style=\"font-weight: 400;\">Luminissa je v\u00fd\u017eivov\u00fd doplnok, bol vyvinut\u00fd pre \u013eud\u00ed, ktor\u00ed si chc\u00fa zabezpe\u010di\u0165 spr\u00e1vnu \u00farove\u0148 hydrat\u00e1cie pre kr\u00e1su, ktor\u00e1 vych\u00e1dza zvn\u00fatra. Pre v\u00e4\u010d\u0161ie pohodlie sa dod\u00e1va vo forme \u0161umiv\u00fdch tabliet s pr\u00edchu\u0165ou pomaran\u010da, \u010do nielen u\u013eah\u010duje u\u017e\u00edvanie, ale tie\u017e umo\u017e\u0148uje postara\u0165 sa o extra d\u00e1vku vitam\u00ednu C a E. Vitam\u00edn C, okrem in\u00e9ho, ovplyv\u0148uje tvorbu kolag\u00e9nu, ktor\u00fd zabezpe\u010duje spr\u00e1vne fungovanie poko\u017eky. Vitam\u00edn E p\u00f4sob\u00ed ako \u00fa\u010dinn\u00fd antioxidant, ktor\u00fd chr\u00e1ni bunky pred \u0161kodliv\u00fdmi \u00fa\u010dinkami vo\u013en\u00fdch radik\u00e1lov, \u010do je d\u00f4le\u017eit\u00e9 pre prevenciu procesu starnutia a udr\u017eanie celkov\u00e9ho zdravia. Biot\u00edn je prospe\u0161n\u00fd pre udr\u017eanie zdrav\u00fdch vlasov a ostatn\u00e9 zlo\u017eky dokonale dop\u013a\u0148aj\u00fa zlo\u017eenie v\u00fdrobkov ur\u010den\u00fdch na starostlivos\u0165 o cel\u00fd organizmus.<\/span><\/p>\n","protected":false},"featured_media":190244,"template":"","meta":[],"product_cat":[89],"product_tag":[],"class_list":{"0":"post-190250","1":"product","2":"type-product","3":"status-publish","4":"has-post-thumbnail","6":"product_cat-well-being-sk","8":"first","9":"instock","10":"shipping-taxable","11":"purchasable","12":"product-type-simple"},"_links":{"self":[{"href":"https:\/\/eu.nutramarket.net\/sk\/wp-json\/wp\/v2\/product\/190250","targetHints":{"allow":["GET"]}}],"collection":[{"href":"https:\/\/eu.nutramarket.net\/sk\/wp-json\/wp\/v2\/product"}],"about":[{"href":"https:\/\/eu.nutramarket.net\/sk\/wp-json\/wp\/v2\/types\/product"}],"wp:featuredmedia":[{"embeddable":true,"href":"https:\/\/eu.nutramarket.net\/sk\/wp-json\/wp\/v2\/media\/190244"}],"wp:attachment":[{"href":"https:\/\/eu.nutramarket.net\/sk\/wp-json\/wp\/v2\/media?parent=190250"}],"wp:term":[{"taxonomy":"product_cat","embeddable":true,"href":"https:\/\/eu.nutramarket.net\/sk\/wp-json\/wp\/v2\/product_cat?post=190250"},{"taxonomy":"product_tag","embeddable":true,"href":"https:\/\/eu.nutramarket.net\/sk\/wp-json\/wp\/v2\/product_tag?post=190250"}],"curies":[{"name":"wp","href":"https:\/\/api.w.org\/{rel}","templated":true}]}}