{"id":190345,"date":"2024-04-26T10:04:28","date_gmt":"2024-04-26T08:04:28","guid":{"rendered":"https:\/\/eu.nutramarket.net\/?post_type=product&#038;p=190345"},"modified":"2024-04-26T11:36:16","modified_gmt":"2024-04-26T09:36:16","slug":"visadore","status":"publish","type":"product","link":"https:\/\/eu.nutramarket.net\/sk\/produkt\/visadore\/","title":{"rendered":"Visador\u00e9"},"content":{"rendered":"<p><b>V\u00fdrobok vyvinut\u00fd pre \u017eeny, ktor\u00e9:\u00a0<\/b><\/p>\n<ul>\n<li style=\"font-weight: 400;\" aria-level=\"1\"><span style=\"font-weight: 400;\">chc\u00fa spomali\u0165 proces starnutia pleti,<\/span><\/li>\n<li style=\"font-weight: 400;\" aria-level=\"1\"><span style=\"font-weight: 400;\">h\u013eadaj\u00fa v\u00fdrobok s liftingov\u00fdm a vyhladzuj\u00facim \u00fa\u010dinkom,<\/span><\/li>\n<li style=\"font-weight: 400;\" aria-level=\"1\"><span style=\"font-weight: 400;\">h\u013eadaj\u00fa v\u00fdrobok, ktor\u00fd sa r\u00fdchlo vstreb\u00e1va a nezanech\u00e1va lepkav\u00fd film,<\/span><\/li>\n<li style=\"font-weight: 400;\" aria-level=\"1\"><span style=\"font-weight: 400;\">h\u013eadaj\u00fa v\u00fdrobok, ktor\u00fd je vhodn\u00fd pod mejkap.<\/span><\/li>\n<\/ul>\n","protected":false},"excerpt":{"rendered":"<p><span style=\"font-weight: 400;\">Vyhladzuj\u00faci kr\u00e9m na tv\u00e1r, denn\u00fd<\/span><span style=\"font-weight: 400;\">. Pre \u017eeny, ktor\u00e9 sa staraj\u00fa o poko\u017eku tv\u00e1re.<br \/>\n<\/span><span style=\"font-weight: 400;\">50 ml<\/span><\/p>\n<p><span style=\"font-weight: 400;\">Visador\u00e8 Day je denn\u00fd kr\u00e9m ur\u010den\u00fd pre \u017eeny, ktor\u00e9 sa sna\u017eia spomali\u0165 proces starnutia pleti. V\u010faka svojim \u00fa\u010dinn\u00fdm l\u00e1tkam kr\u00e9m podporuje regener\u00e1ciu poko\u017eky a m\u00e1 liftingov\u00fd \u00fa\u010dinok. Visador\u00e8 sa dokonale vstreb\u00e1va a nezanech\u00e1va lepkav\u00fa, nepr\u00edjemn\u00fa vrstvu, tak\u017ee je vhodn\u00fd na pou\u017eitie pod mejkap.\u00a0<\/span><\/p>\n","protected":false},"featured_media":190347,"template":"","meta":[],"product_cat":[82],"product_tag":[],"class_list":{"0":"post-190345","1":"product","2":"type-product","3":"status-publish","4":"has-post-thumbnail","6":"product_cat-beauty-sk","8":"first","9":"instock","10":"shipping-taxable","11":"purchasable","12":"product-type-simple"},"_links":{"self":[{"href":"https:\/\/eu.nutramarket.net\/sk\/wp-json\/wp\/v2\/product\/190345","targetHints":{"allow":["GET"]}}],"collection":[{"href":"https:\/\/eu.nutramarket.net\/sk\/wp-json\/wp\/v2\/product"}],"about":[{"href":"https:\/\/eu.nutramarket.net\/sk\/wp-json\/wp\/v2\/types\/product"}],"wp:featuredmedia":[{"embeddable":true,"href":"https:\/\/eu.nutramarket.net\/sk\/wp-json\/wp\/v2\/media\/190347"}],"wp:attachment":[{"href":"https:\/\/eu.nutramarket.net\/sk\/wp-json\/wp\/v2\/media?parent=190345"}],"wp:term":[{"taxonomy":"product_cat","embeddable":true,"href":"https:\/\/eu.nutramarket.net\/sk\/wp-json\/wp\/v2\/product_cat?post=190345"},{"taxonomy":"product_tag","embeddable":true,"href":"https:\/\/eu.nutramarket.net\/sk\/wp-json\/wp\/v2\/product_tag?post=190345"}],"curies":[{"name":"wp","href":"https:\/\/api.w.org\/{rel}","templated":true}]}}