{"id":74250,"date":"2020-10-13T09:00:26","date_gmt":"2020-10-13T07:00:26","guid":{"rendered":"https:\/\/eu.nutramarket.net\/about-us\/"},"modified":"2024-12-19T13:04:54","modified_gmt":"2024-12-19T12:04:54","slug":"about-us","status":"publish","type":"page","link":"https:\/\/eu.nutramarket.net\/sl\/about-us\/","title":{"rendered":"O nas"},"content":{"rendered":"\t\t<div data-elementor-type=\"wp-page\" data-elementor-id=\"74250\" class=\"elementor elementor-74250 elementor-633\">\n\t\t\t\t\t\t<section class=\"elementor-section elementor-top-section elementor-element elementor-element-695d9620 elementor-section-boxed elementor-section-height-default elementor-section-height-default\" data-id=\"695d9620\" data-element_type=\"section\">\n\t\t\t\t\t\t<div class=\"elementor-container elementor-column-gap-extended\">\n\t\t\t\t\t<div class=\"elementor-column elementor-col-50 elementor-top-column elementor-element elementor-element-3ab8bd90\" data-id=\"3ab8bd90\" data-element_type=\"column\">\n\t\t\t<div class=\"elementor-widget-wrap elementor-element-populated\">\n\t\t\t\t\t\t<div class=\"elementor-element elementor-element-79de2f57 elementor-widget elementor-widget-image\" data-id=\"79de2f57\" data-element_type=\"widget\" data-widget_type=\"image.default\">\n\t\t\t\t<div class=\"elementor-widget-container\">\n\t\t\t\t\t\t\t\t\t\t\t\t\t\t\t<img fetchpriority=\"high\" decoding=\"async\" width=\"570\" height=\"500\" src=\"https:\/\/eu.nutramarket.net\/wp-content\/uploads\/sites\/32\/2023\/04\/about-1.png\" class=\"attachment-large size-large wp-image-13750\" alt=\"\" \/>\t\t\t\t\t\t\t\t\t\t\t\t\t\t\t<\/div>\n\t\t\t\t<\/div>\n\t\t\t\t\t<\/div>\n\t\t<\/div>\n\t\t\t\t<div class=\"elementor-column elementor-col-50 elementor-top-column elementor-element elementor-element-6e3daedb\" data-id=\"6e3daedb\" data-element_type=\"column\">\n\t\t\t<div class=\"elementor-widget-wrap elementor-element-populated\">\n\t\t\t\t\t\t<div class=\"elementor-element elementor-element-5904d5cf elementor-widget elementor-widget-heading\" data-id=\"5904d5cf\" data-element_type=\"widget\" data-widget_type=\"heading.default\">\n\t\t\t\t<div class=\"elementor-widget-container\">\n\t\t\t\t\t<h6 class=\"elementor-heading-title elementor-size-default\">To smo mi!<\/h6>\t\t\t\t<\/div>\n\t\t\t\t<\/div>\n\t\t\t\t<div class=\"elementor-element elementor-element-56e64a63 elementor-widget elementor-widget-heading\" data-id=\"56e64a63\" data-element_type=\"widget\" data-widget_type=\"heading.default\">\n\t\t\t\t<div class=\"elementor-widget-container\">\n\t\t\t\t\t<h3 class=\"elementor-heading-title elementor-size-default\">Nekaj besed o nas<\/h3>\t\t\t\t<\/div>\n\t\t\t\t<\/div>\n\t\t\t\t<div class=\"elementor-element elementor-element-ec0bd3f elementor-widget elementor-widget-text-editor\" data-id=\"ec0bd3f\" data-element_type=\"widget\" data-widget_type=\"text-editor.default\">\n\t\t\t\t<div class=\"elementor-widget-container\">\n\t\t\t\t\t\t\t\t\t<p><span data-sheets-value=\"{&quot;1&quot;:2,&quot;2&quot;:&quot;Ljubimo naravo, ker iz nje vsi izhajamo. Zato smo ustvarili prostor, ki bo naravo pribli\u017eal ljudem, vklju\u010dno z vami. Ne sklepamo kompromisov. Cenimo kakovost in odli\u010dno storitev. Zato je na\u0161a trgovina taka, kjer bi \u0161e sami z veseljem nakupovali.&quot;}\" data-sheets-userformat=\"{&quot;2&quot;:14721,&quot;3&quot;:{&quot;1&quot;:0,&quot;3&quot;:1},&quot;10&quot;:0,&quot;11&quot;:4,&quot;14&quot;:{&quot;1&quot;:3,&quot;3&quot;:1},&quot;15&quot;:&quot;Calibri&quot;,&quot;16&quot;:11}\" data-sheets-textstyleruns=\"{&quot;1&quot;:0,&quot;2&quot;:{&quot;2&quot;:{&quot;1&quot;:3,&quot;3&quot;:1},&quot;3&quot;:&quot;Calibri&quot;,&quot;4&quot;:11}}\">Ljubimo naravo, ker iz nje vsi izhajamo. Zato smo ustvarili prostor, ki bo naravo pribli\u017eal ljudem, vklju\u010dno z vami. Ne sklepamo kompromisov. Cenimo kakovost in odli\u010dno storitev. Zato je na\u0161a trgovina taka, kjer bi \u0161e sami z veseljem nakupovali.<\/span><\/p>\t\t\t\t\t\t\t\t<\/div>\n\t\t\t\t<\/div>\n\t\t\t\t<div class=\"elementor-element elementor-element-5692eee elementor-widget elementor-widget-text-editor\" data-id=\"5692eee\" data-element_type=\"widget\" data-widget_type=\"text-editor.default\">\n\t\t\t\t<div class=\"elementor-widget-container\">\n\t\t\t\t\t\t\t\t\t<p><span data-sheets-value=\"{&quot;1&quot;:2,&quot;2&quot;:&quot;Seveda se boste tukaj sre\u010dali le s prijetnimi do\u017eivetji in najbolj\u0161imi stvarmi.&quot;}\" data-sheets-userformat=\"{&quot;2&quot;:14721,&quot;3&quot;:{&quot;1&quot;:0,&quot;3&quot;:1},&quot;10&quot;:0,&quot;11&quot;:4,&quot;14&quot;:{&quot;1&quot;:3,&quot;3&quot;:1},&quot;15&quot;:&quot;Calibri&quot;,&quot;16&quot;:11}\" data-sheets-textstyleruns=\"{&quot;1&quot;:0,&quot;2&quot;:{&quot;2&quot;:{&quot;1&quot;:3,&quot;3&quot;:1},&quot;3&quot;:&quot;Calibri&quot;,&quot;4&quot;:11}}\">Seveda se boste tukaj sre\u010dali le s prijetnimi do\u017eivetji in najbolj\u0161imi stvarmi.<\/span><\/p>\t\t\t\t\t\t\t\t<\/div>\n\t\t\t\t<\/div>\n\t\t\t\t\t<\/div>\n\t\t<\/div>\n\t\t\t\t\t<\/div>\n\t\t<\/section>\n\t\t\t\t<section class=\"elementor-section elementor-top-section elementor-element elementor-element-2deadd83 elementor-section-boxed elementor-section-height-default elementor-section-height-default\" data-id=\"2deadd83\" data-element_type=\"section\">\n\t\t\t\t\t\t<div class=\"elementor-container elementor-column-gap-extended\">\n\t\t\t\t\t<div class=\"elementor-column elementor-col-50 elementor-top-column elementor-element elementor-element-29a198a0\" data-id=\"29a198a0\" data-element_type=\"column\">\n\t\t\t<div class=\"elementor-widget-wrap elementor-element-populated\">\n\t\t\t\t\t\t<div class=\"elementor-element elementor-element-27452aa1 elementor-widget elementor-widget-heading\" data-id=\"27452aa1\" data-element_type=\"widget\" data-widget_type=\"heading.default\">\n\t\t\t\t<div class=\"elementor-widget-container\">\n\t\t\t\t\t<h6 class=\"elementor-heading-title elementor-size-default\">Za vas!<\/h6>\t\t\t\t<\/div>\n\t\t\t\t<\/div>\n\t\t\t\t<div class=\"elementor-element elementor-element-266e7633 elementor-widget elementor-widget-heading\" data-id=\"266e7633\" data-element_type=\"widget\" data-widget_type=\"heading.default\">\n\t\t\t\t<div class=\"elementor-widget-container\">\n\t\t\t\t\t<h3 class=\"elementor-heading-title elementor-size-default\">Razvajajte se, ker si to zaslu\u017eite<\/h3>\t\t\t\t<\/div>\n\t\t\t\t<\/div>\n\t\t\t\t<div class=\"elementor-element elementor-element-7fc3ef8f elementor-widget elementor-widget-text-editor\" data-id=\"7fc3ef8f\" data-element_type=\"widget\" data-widget_type=\"text-editor.default\">\n\t\t\t\t<div class=\"elementor-widget-container\">\n\t\t\t\t\t\t\t\t\t<p><span data-sheets-value=\"{&quot;1&quot;:2,&quot;2&quot;:&quot;Ne pozabite se v\u010dasih ustaviti. Vsak dan si vzemite vsaj 5 minut. Ne RAZMI\u0160LJAJTE o svojih odgovornostih, nalogah, rokih \u2026 Povejte si, da ste odli\u010dna oseba. Poi\u0161\u010dite vsaj eno pozitivno stvar in se z njo pohvalite.&quot;}\" data-sheets-userformat=\"{&quot;2&quot;:14721,&quot;3&quot;:{&quot;1&quot;:0,&quot;3&quot;:1},&quot;10&quot;:0,&quot;11&quot;:4,&quot;14&quot;:{&quot;1&quot;:3,&quot;3&quot;:1},&quot;15&quot;:&quot;Calibri&quot;,&quot;16&quot;:11}\" data-sheets-textstyleruns=\"{&quot;1&quot;:0,&quot;2&quot;:{&quot;2&quot;:{&quot;1&quot;:3,&quot;3&quot;:1},&quot;3&quot;:&quot;Calibri&quot;,&quot;4&quot;:11}}\">Ne pozabite se v\u010dasih ustaviti. Vsak dan si vzemite vsaj 5 minut. Ne RAZMI\u0160LJAJTE o svojih odgovornostih, nalogah, rokih \u2026 Povejte si, da ste odli\u010dna oseba. Poi\u0161\u010dite vsaj eno pozitivno stvar in se z njo pohvalite.<\/span><\/p>\t\t\t\t\t\t\t\t<\/div>\n\t\t\t\t<\/div>\n\t\t\t\t<div class=\"elementor-element elementor-element-7dc0fece elementor-widget elementor-widget-text-editor\" data-id=\"7dc0fece\" data-element_type=\"widget\" data-widget_type=\"text-editor.default\">\n\t\t\t\t<div class=\"elementor-widget-container\">\n\t\t\t\t\t\t\t\t\t<p><span data-sheets-value=\"{&quot;1&quot;:2,&quot;2&quot;:&quot;Najdite dan zase vsaj enkrat na mesec. Takrat lahko mirno pogledate NUTRAMARKET. Razmislite, kaj potrebujete ali \u017eelite.&quot;}\" data-sheets-userformat=\"{&quot;2&quot;:14721,&quot;3&quot;:{&quot;1&quot;:0,&quot;3&quot;:1},&quot;10&quot;:0,&quot;11&quot;:4,&quot;14&quot;:{&quot;1&quot;:3,&quot;3&quot;:1},&quot;15&quot;:&quot;Calibri&quot;,&quot;16&quot;:11}\" data-sheets-textstyleruns=\"{&quot;1&quot;:0,&quot;2&quot;:{&quot;2&quot;:{&quot;1&quot;:3,&quot;3&quot;:1},&quot;3&quot;:&quot;Calibri&quot;,&quot;4&quot;:11}}\">Najdite dan zase vsaj enkrat na mesec. Takrat lahko mirno pogledate NUTRAGOODS Razmislite, kaj potrebujete ali \u017eelite.<\/span><\/p>\t\t\t\t\t\t\t\t<\/div>\n\t\t\t\t<\/div>\n\t\t\t\t\t<\/div>\n\t\t<\/div>\n\t\t\t\t<div class=\"elementor-column elementor-col-50 elementor-top-column elementor-element elementor-element-399d8f45\" data-id=\"399d8f45\" data-element_type=\"column\">\n\t\t\t<div class=\"elementor-widget-wrap elementor-element-populated\">\n\t\t\t\t\t\t<div class=\"elementor-element elementor-element-284648c8 elementor-widget elementor-widget-image\" data-id=\"284648c8\" data-element_type=\"widget\" data-widget_type=\"image.default\">\n\t\t\t\t<div class=\"elementor-widget-container\">\n\t\t\t\t\t\t\t\t\t\t\t\t\t\t\t<img decoding=\"async\" width=\"570\" height=\"500\" src=\"https:\/\/eu.nutramarket.net\/wp-content\/uploads\/sites\/32\/2023\/04\/about-2.png\" class=\"attachment-large size-large wp-image-13751\" alt=\"\" \/>\t\t\t\t\t\t\t\t\t\t\t\t\t\t\t<\/div>\n\t\t\t\t<\/div>\n\t\t\t\t\t<\/div>\n\t\t<\/div>\n\t\t\t\t\t<\/div>\n\t\t<\/section>\n\t\t\t\t<section class=\"elementor-section elementor-top-section elementor-element elementor-element-1a4019b5 elementor-section-boxed elementor-section-height-default elementor-section-height-default\" data-id=\"1a4019b5\" data-element_type=\"section\" data-settings=\"{&quot;background_background&quot;:&quot;classic&quot;}\">\n\t\t\t\t\t\t<div class=\"elementor-container elementor-column-gap-no\">\n\t\t\t\t\t<div class=\"elementor-column elementor-col-100 elementor-top-column elementor-element elementor-element-3a1a9408\" data-id=\"3a1a9408\" data-element_type=\"column\" data-settings=\"{&quot;background_background&quot;:&quot;classic&quot;}\">\n\t\t\t<div class=\"elementor-widget-wrap elementor-element-populated\">\n\t\t\t\t\t\t<div class=\"elementor-element elementor-element-55a7bec9 elementor-widget elementor-widget-text-editor\" data-id=\"55a7bec9\" data-element_type=\"widget\" data-widget_type=\"text-editor.default\">\n\t\t\t\t<div class=\"elementor-widget-container\">\n\t\t\t\t\t\t\t\t\t<p><span data-sheets-value=\"{&quot;1&quot;:2,&quot;2&quot;:&quot;NARAVNO&quot;}\" data-sheets-userformat=\"{&quot;2&quot;:14721,&quot;3&quot;:{&quot;1&quot;:0,&quot;3&quot;:1},&quot;10&quot;:0,&quot;11&quot;:4,&quot;14&quot;:{&quot;1&quot;:3,&quot;3&quot;:1},&quot;15&quot;:&quot;Calibri&quot;,&quot;16&quot;:11}\" data-sheets-textstyleruns=\"{&quot;1&quot;:0,&quot;2&quot;:{&quot;2&quot;:{&quot;1&quot;:3,&quot;3&quot;:1},&quot;3&quot;:&quot;Calibri&quot;,&quot;4&quot;:11}}\">NARAVNO<\/span><br \/><span data-sheets-value=\"{&quot;1&quot;:2,&quot;2&quot;:&quot;Va\u0161e udobje in zadovoljstvo&quot;}\" data-sheets-userformat=\"{&quot;2&quot;:14721,&quot;3&quot;:{&quot;1&quot;:0,&quot;3&quot;:1},&quot;10&quot;:0,&quot;11&quot;:4,&quot;14&quot;:{&quot;1&quot;:3,&quot;3&quot;:1},&quot;15&quot;:&quot;Calibri&quot;,&quot;16&quot;:11}\" data-sheets-textstyleruns=\"{&quot;1&quot;:0,&quot;2&quot;:{&quot;2&quot;:{&quot;1&quot;:3,&quot;3&quot;:1},&quot;3&quot;:&quot;Calibri&quot;,&quot;4&quot;:11}}\">Va\u0161e udobje in zadovoljstvo<\/span><br \/><span data-sheets-value=\"{&quot;1&quot;:2,&quot;2&quot;:&quot;Za to poskrbi NUTRAMARKET&quot;}\" data-sheets-userformat=\"{&quot;2&quot;:14721,&quot;3&quot;:{&quot;1&quot;:0,&quot;3&quot;:1},&quot;10&quot;:0,&quot;11&quot;:4,&quot;14&quot;:{&quot;1&quot;:3,&quot;3&quot;:1},&quot;15&quot;:&quot;Calibri&quot;,&quot;16&quot;:11}\" data-sheets-textstyleruns=\"{&quot;1&quot;:0,&quot;2&quot;:{&quot;2&quot;:{&quot;1&quot;:3,&quot;3&quot;:1},&quot;3&quot;:&quot;Calibri&quot;,&quot;4&quot;:11}}\">Za to poskrbi NUTRAMARKET<\/span><\/p>\t\t\t\t\t\t\t\t<\/div>\n\t\t\t\t<\/div>\n\t\t\t\t\t<\/div>\n\t\t<\/div>\n\t\t\t\t\t<\/div>\n\t\t<\/section>\n\t\t\t\t<section class=\"elementor-section elementor-top-section elementor-element elementor-element-4202385e elementor-section-boxed elementor-section-height-default elementor-section-height-default\" data-id=\"4202385e\" data-element_type=\"section\">\n\t\t\t\t\t\t<div class=\"elementor-container elementor-column-gap-extended\">\n\t\t\t\t\t<div class=\"elementor-column elementor-col-25 elementor-top-column elementor-element elementor-element-426bbfac\" data-id=\"426bbfac\" data-element_type=\"column\">\n\t\t\t<div class=\"elementor-widget-wrap\">\n\t\t\t\t\t\t\t<\/div>\n\t\t<\/div>\n\t\t\t\t<div class=\"elementor-column elementor-col-25 elementor-top-column elementor-element elementor-element-b4ff28e\" data-id=\"b4ff28e\" data-element_type=\"column\">\n\t\t\t<div class=\"elementor-widget-wrap elementor-element-populated\">\n\t\t\t\t\t\t<div class=\"elementor-element elementor-element-587b8304 elementor-widget elementor-widget-image\" data-id=\"587b8304\" data-element_type=\"widget\" data-widget_type=\"image.default\">\n\t\t\t\t<div class=\"elementor-widget-container\">\n\t\t\t\t\t\t\t\t\t\t\t\t\t\t\t<img decoding=\"async\" width=\"470\" height=\"540\" src=\"https:\/\/eu.nutramarket.net\/wp-content\/uploads\/sites\/32\/2023\/04\/about-3.jpg\" class=\"attachment-large size-large wp-image-13752\" alt=\"\" srcset=\"https:\/\/eu.nutramarket.net\/wp-content\/uploads\/sites\/32\/2023\/04\/about-3.jpg 470w, https:\/\/eu.nutramarket.net\/wp-content\/uploads\/sites\/32\/2023\/04\/about-3-261x300.jpg 261w\" sizes=\"(max-width: 470px) 100vw, 470px\" \/>\t\t\t\t\t\t\t\t\t\t\t\t\t\t\t<\/div>\n\t\t\t\t<\/div>\n\t\t\t\t<div class=\"elementor-element elementor-element-5ea6e983 elementor-widget elementor-widget-image\" data-id=\"5ea6e983\" data-element_type=\"widget\" data-widget_type=\"image.default\">\n\t\t\t\t<div class=\"elementor-widget-container\">\n\t\t\t\t\t\t\t\t\t\t\t\t\t\t\t<img loading=\"lazy\" decoding=\"async\" width=\"470\" height=\"340\" src=\"https:\/\/eu.nutramarket.net\/wp-content\/uploads\/sites\/32\/2023\/04\/about-5.jpg\" class=\"attachment-large size-large wp-image-13754\" alt=\"\" srcset=\"https:\/\/eu.nutramarket.net\/wp-content\/uploads\/sites\/32\/2023\/04\/about-5.jpg 470w, https:\/\/eu.nutramarket.net\/wp-content\/uploads\/sites\/32\/2023\/04\/about-5-300x217.jpg 300w\" sizes=\"(max-width: 470px) 100vw, 470px\" \/>\t\t\t\t\t\t\t\t\t\t\t\t\t\t\t<\/div>\n\t\t\t\t<\/div>\n\t\t\t\t\t<\/div>\n\t\t<\/div>\n\t\t\t\t<div class=\"elementor-column elementor-col-25 elementor-top-column elementor-element elementor-element-6f7cda36\" data-id=\"6f7cda36\" data-element_type=\"column\">\n\t\t\t<div class=\"elementor-widget-wrap elementor-element-populated\">\n\t\t\t\t\t\t<div class=\"elementor-element elementor-element-1c7fa477 elementor-widget elementor-widget-image\" data-id=\"1c7fa477\" data-element_type=\"widget\" data-widget_type=\"image.default\">\n\t\t\t\t<div class=\"elementor-widget-container\">\n\t\t\t\t\t\t\t\t\t\t\t\t\t\t\t<img loading=\"lazy\" decoding=\"async\" width=\"470\" height=\"340\" src=\"https:\/\/eu.nutramarket.net\/wp-content\/uploads\/sites\/32\/2023\/04\/about-4.jpg\" class=\"attachment-large size-large wp-image-13753\" alt=\"\" srcset=\"https:\/\/eu.nutramarket.net\/wp-content\/uploads\/sites\/32\/2023\/04\/about-4.jpg 470w, https:\/\/eu.nutramarket.net\/wp-content\/uploads\/sites\/32\/2023\/04\/about-4-300x217.jpg 300w\" sizes=\"(max-width: 470px) 100vw, 470px\" \/>\t\t\t\t\t\t\t\t\t\t\t\t\t\t\t<\/div>\n\t\t\t\t<\/div>\n\t\t\t\t<div class=\"elementor-element elementor-element-15ae89cf elementor-widget elementor-widget-image\" data-id=\"15ae89cf\" data-element_type=\"widget\" data-widget_type=\"image.default\">\n\t\t\t\t<div class=\"elementor-widget-container\">\n\t\t\t\t\t\t\t\t\t\t\t\t\t\t\t<img loading=\"lazy\" decoding=\"async\" width=\"470\" height=\"540\" src=\"https:\/\/eu.nutramarket.net\/wp-content\/uploads\/sites\/32\/2023\/04\/about-6.jpg\" class=\"attachment-large size-large wp-image-13755\" alt=\"\" srcset=\"https:\/\/eu.nutramarket.net\/wp-content\/uploads\/sites\/32\/2023\/04\/about-6.jpg 470w, https:\/\/eu.nutramarket.net\/wp-content\/uploads\/sites\/32\/2023\/04\/about-6-261x300.jpg 261w\" sizes=\"(max-width: 470px) 100vw, 470px\" \/>\t\t\t\t\t\t\t\t\t\t\t\t\t\t\t<\/div>\n\t\t\t\t<\/div>\n\t\t\t\t\t<\/div>\n\t\t<\/div>\n\t\t\t\t<div class=\"elementor-column elementor-col-25 elementor-top-column elementor-element elementor-element-ec1b91a\" data-id=\"ec1b91a\" data-element_type=\"column\">\n\t\t\t<div class=\"elementor-widget-wrap\">\n\t\t\t\t\t\t\t<\/div>\n\t\t<\/div>\n\t\t\t\t\t<\/div>\n\t\t<\/section>\n\t\t\t\t<\/div>\n\t\t","protected":false},"excerpt":{"rendered":"<p>To smo mi! Nekaj besed o nas Ljubimo naravo, ker iz nje vsi izhajamo. Zato smo ustvarili prostor, ki bo naravo pribli\u017eal ljudem, vklju\u010dno z vami. Ne sklepamo kompromisov. Cenimo kakovost in odli\u010dno storitev. Zato je na\u0161a trgovina taka, kjer bi \u0161e sami z veseljem nakupovali. Seveda se boste tukaj sre\u010dali le s prijetnimi do\u017eivetji [&hellip;]<\/p>\n","protected":false},"author":1,"featured_media":0,"parent":0,"menu_order":0,"comment_status":"closed","ping_status":"closed","template":"","meta":{"footnotes":""},"class_list":["post-74250","page","type-page","status-publish","hentry"],"_links":{"self":[{"href":"https:\/\/eu.nutramarket.net\/sl\/wp-json\/wp\/v2\/pages\/74250","targetHints":{"allow":["GET"]}}],"collection":[{"href":"https:\/\/eu.nutramarket.net\/sl\/wp-json\/wp\/v2\/pages"}],"about":[{"href":"https:\/\/eu.nutramarket.net\/sl\/wp-json\/wp\/v2\/types\/page"}],"author":[{"embeddable":true,"href":"https:\/\/eu.nutramarket.net\/sl\/wp-json\/wp\/v2\/users\/1"}],"replies":[{"embeddable":true,"href":"https:\/\/eu.nutramarket.net\/sl\/wp-json\/wp\/v2\/comments?post=74250"}],"version-history":[{"count":7,"href":"https:\/\/eu.nutramarket.net\/sl\/wp-json\/wp\/v2\/pages\/74250\/revisions"}],"predecessor-version":[{"id":288798,"href":"https:\/\/eu.nutramarket.net\/sl\/wp-json\/wp\/v2\/pages\/74250\/revisions\/288798"}],"wp:attachment":[{"href":"https:\/\/eu.nutramarket.net\/sl\/wp-json\/wp\/v2\/media?parent=74250"}],"curies":[{"name":"wp","href":"https:\/\/api.w.org\/{rel}","templated":true}]}}