{"id":74278,"date":"2023-04-19T07:49:55","date_gmt":"2023-04-19T05:49:55","guid":{"rendered":"https:\/\/eu.nutramarket.net\/polityka-doreczen-i-zwrotow\/"},"modified":"2023-10-25T15:30:02","modified_gmt":"2023-10-25T13:30:02","slug":"politika-dostave-in-vracil","status":"publish","type":"page","link":"https:\/\/eu.nutramarket.net\/sl\/politika-dostave-in-vracil\/","title":{"rendered":"Politika dostave in vra\u010dil"},"content":{"rendered":"<ol style=\"list-style-type: upper-roman;\" start=\"1\">\n<li style=\"font-weight: 400;\" aria-level=\"1\"><span style=\"font-weight: 400;\">SPLO\u0160NE DOLO\u010cBE<\/span>\n<ol>\n<li style=\"font-weight: 400;\" aria-level=\"2\"><span style=\"font-weight: 400;\">V obsegu, ki ga ta Politika ne ureja, se uporabljajo dolo\u010dbe Pravilnika.<\/span><\/li>\n<\/ol>\n<\/li>\n<li style=\"font-weight: 400;\" aria-level=\"1\"><span style=\"font-weight: 400;\">DOSTAVA IZDELKOV<\/span>\n<ol>\n<li style=\"font-weight: 400;\" aria-level=\"2\"><span style=\"font-weight: 400;\">Dostava Izdelkov poteka preko kurirske slu\u017ebe.<\/span><\/li>\n<li style=\"font-weight: 400;\" aria-level=\"2\"><span style=\"font-weight: 400;\">Stro\u0161ki dostave so prikazani ob oddaji Naro\u010dila. \u010ce stro\u0161ki dostave niso prikazani, je dostava brezpla\u010dna.<\/span><\/li>\n<li style=\"font-weight: 400;\" aria-level=\"2\"><span style=\"font-weight: 400;\">Standardna odprema Izdelkov poteka v 3 delovnih dneh od datuma oddaje Naro\u010dila (\u010das obdelave Naro\u010dila). Standardni dobavni rok je 3 delovne dni od dneva odpreme (\u010das dostave). Kurir opravi dva poskusa dostave, nato pa lahko paket po\u010daka na prevzem s strani naro\u010dnika na prevzemnem mestu kurirske slu\u017ebe.<\/span><\/li>\n<li style=\"font-weight: 400;\" aria-level=\"2\"><span style=\"font-weight: 400;\">\u010ce Izdelki niso dostavljeni Stranki, posku\u0161a Prodajalec stopiti v stik s Stranko. Ponovna dostava je na stro\u0161ke naro\u010dnika. V primeru neuspe\u0161nosti dostave ima Prodajalec pravico odstopiti od Pogodbe. V tem primeru Prodajalec Stranki vrne ceno, \u010de je bila pla\u010dana, zmanj\u0161ano za stro\u0161ke dostave.<\/span><\/li>\n<li style=\"font-weight: 400;\" aria-level=\"2\"><span style=\"font-weight: 400;\">Stranka je dol\u017ena Izdelke takoj po dostavi pregledati, da ugotovi, ali Izdelki med dostavo niso bili po\u0161kodovani. Stranka nosi tveganje za naklju\u010dno po\u0161kodovanje Izdelkov med dostavo. V primeru po\u0161kodb Izdelkov se je treba nemudoma obrniti na Prodajalca. Stranka lahko prijavi tudi napako v okviru garancije.<\/span><\/li>\n<li style=\"font-weight: 400;\" aria-level=\"2\"><span style=\"font-weight: 400;\">V primeru Stranke, ki ni Potro\u0161nik, preide tveganje nenamerne \u0161kode ali izgube Izdelkov na Stranko v trenutku predaje Izdelkov prevozniku.<\/span><\/li>\n<\/ol>\n<\/li>\n<li style=\"font-weight: 400;\" aria-level=\"1\"><span style=\"font-weight: 400;\">VRA\u010cILA<\/span>\n<ol>\n<li style=\"font-weight: 400;\" aria-level=\"2\"><span style=\"font-weight: 400;\">Dolo\u010dbe o odstopu od Pogodbe in reklamacijah najdete v Pravilniku.<\/span><\/li>\n<li style=\"font-weight: 400;\" aria-level=\"2\"><span style=\"font-weight: 400;\">V primeru odstopa od Pogodbe je potro\u0161nik dol\u017ean Prodajalcu na svoje stro\u0161ke vrniti prejeto blago v roku 14 dni od dneva oddaje odstopne izjave od Pogodbe. Vra\u010dila, ki potrebujejo pla\u010dilo po povzetju, ne bodo sprejeta. Vra\u010dilo mora vsebovati vse artikle, ki jih je potro\u0161nik prejel od Prodajalca, vklju\u010dno z artikli, ki jih prejme brezpla\u010dno v okviru oddanega Naro\u010dila.<\/span><\/li>\n<li style=\"font-weight: 400;\" aria-level=\"2\"><span style=\"font-weight: 400;\">Vra\u010dilo kupnine se izvr\u0161i v 14 dneh od datuma prejema vra\u010dila Izdelkov s strani Potro\u0161nika ali potrditve poslanja Izdelkov, odvisno, kaj se zgodi prej. Vra\u010dilo se izvede na ra\u010dun, s katerega je bilo izvedeno pla\u010dilo ali drug ban\u010dni ra\u010dun, ki ga navede Stranka. V primeru odsotnosti podatkov o ban\u010dnem ra\u010dunu, Prodajalec zahteva podatke takoj, vra\u010dilo pa se izvede v 14 dneh od njihovega prenosa. Ra\u010dun, na katerega se sredstva vrnejo, mora pripadati Stranki ali osebi, ki zastopa njegove interese in ima ustrezno pooblastilo.<\/span><\/li>\n<li style=\"font-weight: 400;\" aria-level=\"2\"><span style=\"font-weight: 400;\">\u010ce vra\u010dilo opravljeno na na\u010din, dolo\u010den v odst. 4, ni mogo\u010de, Prodajalec vrne pla\u010dilo na enak na\u010din pla\u010dila, kot ga je uporabil Potro\u0161nik, razen \u010de se Potro\u0161nik izrecno strinja z druga\u010dnim na\u010dinom vra\u010dila, ki zanj ne predstavlja nobenih stro\u0161kov.<\/span><\/li>\n<li style=\"font-weight: 400;\" aria-level=\"2\"><span style=\"font-weight: 400;\">V primeru, da bodo kot posledica reklamacije Stranki vrnjena sredstva, Prodajalec obvesti Stranko, ali bo zahteval vra\u010dilo Izdelkov pred vra\u010dilom sredstev Stranki. Vra\u010dilo se izvede v 14 dneh od dneva, ko je Prodajalec priznal reklamacijo ali prejel Izdelke. Dolo\u010dbe razdelka 2-4 se ustrezno uporablja.<\/span><\/li>\n<li style=\"font-weight: 400;\" aria-level=\"2\"><span style=\"font-weight: 400;\">V primeru, da so bili poleg Izdelkov predmet Naro\u010dila tudi Kuponi, velja tudi obveznost vra\u010dila Kuponov.<\/span><\/li>\n<\/ol>\n<\/li>\n<li style=\"list-style-type: none;\"><\/li>\n<\/ol>\n","protected":false},"excerpt":{"rendered":"<p>SPLO\u0160NE DOLO\u010cBE V obsegu, ki ga ta Politika ne ureja, se uporabljajo dolo\u010dbe Pravilnika. DOSTAVA IZDELKOV Dostava Izdelkov poteka preko kurirske slu\u017ebe. Stro\u0161ki dostave so prikazani ob oddaji Naro\u010dila. \u010ce stro\u0161ki dostave niso prikazani, je dostava brezpla\u010dna. Standardna odprema Izdelkov poteka v 3 delovnih dneh od datuma oddaje Naro\u010dila (\u010das obdelave Naro\u010dila). Standardni dobavni rok [&hellip;]<\/p>\n","protected":false},"author":1,"featured_media":0,"parent":0,"menu_order":0,"comment_status":"closed","ping_status":"closed","template":"","meta":{"footnotes":""},"class_list":["post-74278","page","type-page","status-publish","hentry"],"_links":{"self":[{"href":"https:\/\/eu.nutramarket.net\/sl\/wp-json\/wp\/v2\/pages\/74278","targetHints":{"allow":["GET"]}}],"collection":[{"href":"https:\/\/eu.nutramarket.net\/sl\/wp-json\/wp\/v2\/pages"}],"about":[{"href":"https:\/\/eu.nutramarket.net\/sl\/wp-json\/wp\/v2\/types\/page"}],"author":[{"embeddable":true,"href":"https:\/\/eu.nutramarket.net\/sl\/wp-json\/wp\/v2\/users\/1"}],"replies":[{"embeddable":true,"href":"https:\/\/eu.nutramarket.net\/sl\/wp-json\/wp\/v2\/comments?post=74278"}],"version-history":[{"count":3,"href":"https:\/\/eu.nutramarket.net\/sl\/wp-json\/wp\/v2\/pages\/74278\/revisions"}],"predecessor-version":[{"id":109883,"href":"https:\/\/eu.nutramarket.net\/sl\/wp-json\/wp\/v2\/pages\/74278\/revisions\/109883"}],"wp:attachment":[{"href":"https:\/\/eu.nutramarket.net\/sl\/wp-json\/wp\/v2\/media?parent=74278"}],"curies":[{"name":"wp","href":"https:\/\/api.w.org\/{rel}","templated":true}]}}